{"id":2165,"date":"2025-07-12T03:05:41","date_gmt":"2025-07-12T02:05:41","guid":{"rendered":"https:\/\/love-lashes.eu\/?page_id=2165"},"modified":"2026-01-10T22:08:08","modified_gmt":"2026-01-10T21:08:08","slug":"lash-extension-educators","status":"publish","type":"page","link":"https:\/\/love-lashes.eu\/en\/edukatori-za-ekstenzije-trepavica\/","title":{"rendered":"Educators for eyelash extensions"},"content":{"rendered":"<div data-elementor-type=\"wp-page\" data-elementor-id=\"2165\" class=\"elementor elementor-2165\" data-elementor-post-type=\"page\">\n\t\t\t\t<div class=\"elementor-element elementor-element-d502106 e-flex e-con-boxed e-con e-parent\" data-id=\"d502106\" data-element_type=\"container\" data-e-type=\"container\" data-settings=\"{&quot;background_background&quot;:&quot;classic&quot;}\">\n\t\t\t\t\t<div class=\"e-con-inner\">\n\t\t\t\t<div class=\"elementor-element elementor-element-bd52448 elementor-widget elementor-widget-text-editor\" data-id=\"bd52448\" data-element_type=\"widget\" data-e-type=\"widget\" data-widget_type=\"text-editor.default\">\n\t\t\t\t\t\t\t\t\t<h2><b>Love Lashes Educators for lash extensions<\/b><\/h2><p class=\"p3\"><b>Your education. Your city. Your opportunity.<\/b><b><\/b><\/p><p class=\"p4\">Whether you\u2019re just entering the lash industry or looking for the next step in your professional growth, you can now learn from top experts \u2013 right in your city or region. On this page, you\u2019ll find all <span class=\"s2\"><b>Love Lashes certified lash extension educators<\/b><\/span> across various cities and countries.<\/p><p class=\"p4\">Our educators have undergone strict selection, training, and licensing according to the high standards of the Love Lashes Academy. Each one carries our signature of quality, professionalism, and ongoing support.<\/p>\t\t\t\t\t\t\t\t<\/div>\n\t\t\t\t<div class=\"elementor-element elementor-element-f8f4238 elementor-widget-divider--view-line elementor-widget elementor-widget-divider\" data-id=\"f8f4238\" data-element_type=\"widget\" data-e-type=\"widget\" data-widget_type=\"divider.default\">\n\t\t\t\t\t\t\t<div class=\"elementor-divider\">\n\t\t\t<span class=\"elementor-divider-separator\">\n\t\t\t\t\t\t<\/span>\n\t\t<\/div>\n\t\t\t\t\t\t<\/div>\n\t\t\t\t<div class=\"elementor-element elementor-element-b52ce5d elementor-widget elementor-widget-text-editor\" data-id=\"b52ce5d\" data-element_type=\"widget\" data-e-type=\"widget\" data-widget_type=\"text-editor.default\">\n\t\t\t\t\t\t\t\t\t<h3><b>Why choose Love Lashes educators?<\/b><\/h3><p class=\"p4\">\ud83d\udd39 <span class=\"s2\"><b>Licensed and certified educators<\/b><\/span> \u2013 trained within the Love Lashes system<\/p><p class=\"p3\"><span class=\"s3\">\ud83d\udd39 <\/span><b>Practical skills + business guidance<\/b><b><\/b><\/p><p class=\"p3\"><span class=\"s3\">\ud83d\udd39 <\/span><b>Small group trainings or 1:1 sessions<\/b><b><\/b><\/p><p class=\"p3\"><span class=\"s3\">\ud83d\udd39 <\/span><b>Trainings available in your city or region<\/b><b><\/b><\/p><p class=\"p3\"><span class=\"s3\">\ud83d\udd39 <\/span><b>Standardized materials and methodology<\/b><b><\/b><\/p><p class=\"p4\">\ud83d\udd39 <span class=\"s2\"><b>Ongoing support even after certification<\/b><\/span> \u2013 because growth doesn\u2019t stop once you get the certificate<\/p>\t\t\t\t\t\t\t\t<\/div>\n\t\t\t\t<div class=\"elementor-element elementor-element-add9fae elementor-widget-divider--view-line elementor-widget elementor-widget-divider\" data-id=\"add9fae\" data-element_type=\"widget\" data-e-type=\"widget\" data-widget_type=\"divider.default\">\n\t\t\t\t\t\t\t<div class=\"elementor-divider\">\n\t\t\t<span class=\"elementor-divider-separator\">\n\t\t\t\t\t\t<\/span>\n\t\t<\/div>\n\t\t\t\t\t\t<\/div>\n\t\t\t\t<div class=\"elementor-element elementor-element-a4cc0c6 elementor-widget elementor-widget-text-editor\" data-id=\"a4cc0c6\" data-element_type=\"widget\" data-e-type=\"widget\" data-widget_type=\"text-editor.default\">\n\t\t\t\t\t\t\t\t\t<h3><b>Where can you find our educators?<\/b><\/h3><p class=\"p4\">Love Lashes educators are available in different cities and countries.<\/p><p class=\"p4\">Check the list below to find the nearest <span class=\"s2\"><b>lash extension educator<\/b><\/span> and contact them directly for details about training, schedules, and enrollment.<\/p>\t\t\t\t\t\t\t\t<\/div>\n\t\t\t\t<div class=\"elementor-element elementor-element-3cd05eb elementor-widget-divider--view-line elementor-widget elementor-widget-divider\" data-id=\"3cd05eb\" data-element_type=\"widget\" data-e-type=\"widget\" data-widget_type=\"divider.default\">\n\t\t\t\t\t\t\t<div class=\"elementor-divider\">\n\t\t\t<span class=\"elementor-divider-separator\">\n\t\t\t\t\t\t<\/span>\n\t\t<\/div>\n\t\t\t\t\t\t<\/div>\n\t\t\t\t\t<\/div>\n\t\t\t\t<\/div>\n\t\t<div class=\"elementor-element elementor-element-09c0839 e-flex e-con-boxed e-con e-parent\" data-id=\"09c0839\" data-element_type=\"container\" data-e-type=\"container\" data-settings=\"{&quot;background_background&quot;:&quot;classic&quot;}\">\n\t\t\t\t\t<div class=\"e-con-inner\">\n\t\t<div class=\"elementor-element elementor-element-05fe90e e-con-full e-flex e-con e-child\" data-id=\"05fe90e\" data-element_type=\"container\" data-e-type=\"container\">\n\t\t<a class=\"eael-wrapper-link-75e02a9 --eael-wrapper-link-tag\" href=\"https:\/\/love-lashes.eu\/en\/tea-cestar\/\"><\/a><div data-eael-wrapper-link=\"eael-wrapper-link-75e02a9\" class=\"elementor-element elementor-element-75e02a9 e-con-full e-flex e-con e-child\" data-id=\"75e02a9\" data-element_type=\"container\" data-e-type=\"container\">\n\t\t\t\t<div class=\"elementor-element elementor-element-74252e0 elementor-widget elementor-widget-image\" data-id=\"74252e0\" data-element_type=\"widget\" data-e-type=\"widget\" data-widget_type=\"image.default\">\n\t\t\t\t\t\t\t\t\t\t\t\t\t\t\t<img fetchpriority=\"high\" decoding=\"async\" width=\"684\" height=\"1024\" src=\"https:\/\/love-lashes.eu\/wp-content\/uploads\/2025\/07\/Tea_Cestar_edukator_Love_Lashes-684x1024.webp\" class=\"attachment-large size-large wp-image-2167\" alt=\"\" srcset=\"https:\/\/love-lashes.eu\/wp-content\/uploads\/2025\/07\/Tea_Cestar_edukator_Love_Lashes-684x1024.webp 684w, https:\/\/love-lashes.eu\/wp-content\/uploads\/2025\/07\/Tea_Cestar_edukator_Love_Lashes-200x300.webp 200w, https:\/\/love-lashes.eu\/wp-content\/uploads\/2025\/07\/Tea_Cestar_edukator_Love_Lashes-768x1149.webp 768w, https:\/\/love-lashes.eu\/wp-content\/uploads\/2025\/07\/Tea_Cestar_edukator_Love_Lashes-1026x1536.webp 1026w, https:\/\/love-lashes.eu\/wp-content\/uploads\/2025\/07\/Tea_Cestar_edukator_Love_Lashes-8x12.webp 8w, https:\/\/love-lashes.eu\/wp-content\/uploads\/2025\/07\/Tea_Cestar_edukator_Love_Lashes-600x898.webp 600w, https:\/\/love-lashes.eu\/wp-content\/uploads\/2025\/07\/Tea_Cestar_edukator_Love_Lashes.webp 1069w\" sizes=\"(max-width: 684px) 100vw, 684px\" \/>\t\t\t\t\t\t\t\t\t\t\t\t\t\t\t<\/div>\n\t\t\t\t<div class=\"elementor-element elementor-element-dbad539 elementor-widget elementor-widget-heading\" data-id=\"dbad539\" data-element_type=\"widget\" data-e-type=\"widget\" data-widget_type=\"heading.default\">\n\t\t\t\t\t<h2 class=\"elementor-heading-title elementor-size-default\">TEA CESTAR<\/h2>\t\t\t\t<\/div>\n\t\t\t\t<div class=\"elementor-element elementor-element-6833e11 elementor-widget elementor-widget-text-editor\" data-id=\"6833e11\" data-element_type=\"widget\" data-e-type=\"widget\" data-widget_type=\"text-editor.default\">\n\t\t\t\t\t\t\t\t\t<p style=\"text-align: center;\">Kri\u017eevci, Croatia<\/p>\t\t\t\t\t\t\t\t<\/div>\n\t\t\t\t<\/div>\n\t\t<a class=\"eael-wrapper-link-688699d --eael-wrapper-link-tag\" href=\"https:\/\/love-lashes.eu\/en\/besarta-cocaj\/\"><\/a><div data-eael-wrapper-link=\"eael-wrapper-link-688699d\" class=\"elementor-element elementor-element-688699d e-con-full e-flex e-con e-child\" data-id=\"688699d\" data-element_type=\"container\" data-e-type=\"container\">\n\t\t\t\t<div class=\"elementor-element elementor-element-e2c2eb3 elementor-widget elementor-widget-image\" data-id=\"e2c2eb3\" data-element_type=\"widget\" data-e-type=\"widget\" data-widget_type=\"image.default\">\n\t\t\t\t\t\t\t\t\t\t\t\t\t\t\t<img decoding=\"async\" width=\"572\" height=\"815\" src=\"https:\/\/love-lashes.eu\/wp-content\/uploads\/2025\/11\/Besarta-Cocaj-Love-Lashes-edukator.jpeg\" class=\"attachment-large size-large wp-image-2838\" alt=\"\" srcset=\"https:\/\/love-lashes.eu\/wp-content\/uploads\/2025\/11\/Besarta-Cocaj-Love-Lashes-edukator.jpeg 572w, https:\/\/love-lashes.eu\/wp-content\/uploads\/2025\/11\/Besarta-Cocaj-Love-Lashes-edukator-211x300.jpeg 211w, https:\/\/love-lashes.eu\/wp-content\/uploads\/2025\/11\/Besarta-Cocaj-Love-Lashes-edukator-8x12.jpeg 8w\" sizes=\"(max-width: 572px) 100vw, 572px\" \/>\t\t\t\t\t\t\t\t\t\t\t\t\t\t\t<\/div>\n\t\t\t\t<div class=\"elementor-element elementor-element-599f3ba elementor-widget elementor-widget-heading\" data-id=\"599f3ba\" data-element_type=\"widget\" data-e-type=\"widget\" data-widget_type=\"heading.default\">\n\t\t\t\t\t<h2 class=\"elementor-heading-title elementor-size-default\">BESARTA COCAJ<\/h2>\t\t\t\t<\/div>\n\t\t\t\t<div class=\"elementor-element elementor-element-90d7225 elementor-widget elementor-widget-text-editor\" data-id=\"90d7225\" data-element_type=\"widget\" data-e-type=\"widget\" data-widget_type=\"text-editor.default\">\n\t\t\t\t\t\t\t\t\t<p style=\"text-align: center;\">Rijeka, Croatia<\/p>\t\t\t\t\t\t\t\t<\/div>\n\t\t\t\t<\/div>\n\t\t\t\t<\/div>\n\t\t<div class=\"elementor-element elementor-element-2a56f0a e-con-full e-flex e-con e-child\" data-id=\"2a56f0a\" data-element_type=\"container\" data-e-type=\"container\">\n\t\t<a class=\"eael-wrapper-link-7f5a909 --eael-wrapper-link-tag\" href=\"https:\/\/love-lashes.eu\/en\/hamida-rahmanovic\/\"><\/a><div data-eael-wrapper-link=\"eael-wrapper-link-7f5a909\" class=\"elementor-element elementor-element-7f5a909 e-con-full e-flex e-con e-child\" data-id=\"7f5a909\" data-element_type=\"container\" data-e-type=\"container\">\n\t\t\t\t<div class=\"elementor-element elementor-element-3745a6c elementor-widget elementor-widget-image\" data-id=\"3745a6c\" data-element_type=\"widget\" data-e-type=\"widget\" data-widget_type=\"image.default\">\n\t\t\t\t\t\t\t\t\t\t\t\t\t\t\t<img decoding=\"async\" width=\"800\" height=\"1000\" src=\"https:\/\/love-lashes.eu\/wp-content\/uploads\/2025\/07\/Hamida_Rahmanovic_edukator_Love_Lashes-819x1024.webp\" class=\"attachment-large size-large wp-image-2170\" alt=\"\" srcset=\"https:\/\/love-lashes.eu\/wp-content\/uploads\/2025\/07\/Hamida_Rahmanovic_edukator_Love_Lashes-819x1024.webp 819w, https:\/\/love-lashes.eu\/wp-content\/uploads\/2025\/07\/Hamida_Rahmanovic_edukator_Love_Lashes-240x300.webp 240w, https:\/\/love-lashes.eu\/wp-content\/uploads\/2025\/07\/Hamida_Rahmanovic_edukator_Love_Lashes-768x960.webp 768w, https:\/\/love-lashes.eu\/wp-content\/uploads\/2025\/07\/Hamida_Rahmanovic_edukator_Love_Lashes-10x12.webp 10w, https:\/\/love-lashes.eu\/wp-content\/uploads\/2025\/07\/Hamida_Rahmanovic_edukator_Love_Lashes-600x750.webp 600w, https:\/\/love-lashes.eu\/wp-content\/uploads\/2025\/07\/Hamida_Rahmanovic_edukator_Love_Lashes.webp 1080w\" sizes=\"(max-width: 800px) 100vw, 800px\" \/>\t\t\t\t\t\t\t\t\t\t\t\t\t\t\t<\/div>\n\t\t\t\t<div class=\"elementor-element elementor-element-c583251 elementor-widget elementor-widget-heading\" data-id=\"c583251\" data-element_type=\"widget\" data-e-type=\"widget\" data-widget_type=\"heading.default\">\n\t\t\t\t\t<h2 class=\"elementor-heading-title elementor-size-default\">HAMIDA RAHMANOVI\u0106<\/h2>\t\t\t\t<\/div>\n\t\t\t\t<div class=\"elementor-element elementor-element-e446a02 elementor-widget elementor-widget-text-editor\" data-id=\"e446a02\" data-element_type=\"widget\" data-e-type=\"widget\" data-widget_type=\"text-editor.default\">\n\t\t\t\t\t\t\t\t\t<p style=\"text-align: center;\">Vienna, Austria<\/p>\t\t\t\t\t\t\t\t<\/div>\n\t\t\t\t<\/div>\n\t\t<div class=\"elementor-element elementor-element-b2447b6 e-con-full e-flex e-con e-child\" data-id=\"b2447b6\" data-element_type=\"container\" data-e-type=\"container\">\n\t\t\t\t<\/div>\n\t\t\t\t<\/div>\n\t\t\t\t\t<\/div>\n\t\t\t\t<\/div>\n\t\t<div class=\"elementor-element elementor-element-ca3b29d e-flex e-con-boxed e-con e-parent\" data-id=\"ca3b29d\" data-element_type=\"container\" data-e-type=\"container\" data-settings=\"{&quot;background_background&quot;:&quot;classic&quot;}\">\n\t\t\t\t\t<div class=\"e-con-inner\">\n\t\t\t\t<div class=\"elementor-element elementor-element-0d669b0 elementor-widget-divider--view-line elementor-widget elementor-widget-divider\" data-id=\"0d669b0\" data-element_type=\"widget\" data-e-type=\"widget\" data-widget_type=\"divider.default\">\n\t\t\t\t\t\t\t<div class=\"elementor-divider\">\n\t\t\t<span class=\"elementor-divider-separator\">\n\t\t\t\t\t\t<\/span>\n\t\t<\/div>\n\t\t\t\t\t\t<\/div>\n\t\t\t\t\t<\/div>\n\t\t\t\t<\/div>\n\t\t\t\t<\/div>","protected":false},"excerpt":{"rendered":"<p>Love Lashes edukatori za ekstenzije trepavica Tvoja edukacija. Tvoj grad. Tvoja prilika. Bilo da tek ulazi\u0161 u svijet lash industrije ili tra\u017ei\u0161 sljede\u0107i korak u svom profesionalnom razvoju, sada mo\u017ee\u0161 u\u010diti od vrhunskih stru\u010dnjaka &#8211; u svom gradu ili regiji. Na ovoj stranici prona\u0107i \u0107e\u0161 sve Love Lashes certificirane edukatore za ekstenzije trepavica u razli\u010ditim [&hellip;]<\/p>\n","protected":false},"author":1,"featured_media":2188,"parent":0,"menu_order":0,"comment_status":"closed","ping_status":"closed","template":"","meta":{"footnotes":""},"class_list":["post-2165","page","type-page","status-publish","has-post-thumbnail","hentry"],"yoast_head":"<!-- This site is optimized with the Yoast SEO plugin v27.4 - https:\/\/yoast.com\/product\/yoast-seo-wordpress\/ -->\n<title>Edukatori za ekstenzije trepavica - Love Lashes - eyelashes extensions webshop<\/title>\n<meta name=\"description\" content=\"Prona\u0111i Love Lashes certificirane edukatore za ekstenzije trepavica u svom gradu ili dr\u017eavi. Edukacije s podr\u0161kom, licencom i vrhunskom kvalitetom.\" \/>\n<meta name=\"robots\" content=\"index, follow, max-snippet:-1, max-image-preview:large, max-video-preview:-1\" \/>\n<link rel=\"canonical\" href=\"https:\/\/love-lashes.eu\/en\/lash-extension-educators\/\" \/>\n<meta property=\"og:locale\" content=\"en_US\" \/>\n<meta property=\"og:type\" content=\"article\" \/>\n<meta property=\"og:title\" content=\"Edukatori za ekstenzije trepavica - Love Lashes - eyelashes extensions webshop\" \/>\n<meta property=\"og:description\" content=\"Prona\u0111i Love Lashes certificirane edukatore za ekstenzije trepavica u svom gradu ili dr\u017eavi. Edukacije s podr\u0161kom, licencom i vrhunskom kvalitetom.\" \/>\n<meta property=\"og:url\" content=\"https:\/\/love-lashes.eu\/en\/lash-extension-educators\/\" \/>\n<meta property=\"og:site_name\" content=\"Love Lashes - eyelashes extensions webshop\" \/>\n<meta property=\"article:publisher\" content=\"https:\/\/www.facebook.com\/lovelashesbyhanasimcic\" \/>\n<meta property=\"article:modified_time\" content=\"2026-01-10T21:08:08+00:00\" \/>\n<meta property=\"og:image\" content=\"https:\/\/love-lashes.eu\/wp-content\/uploads\/2025\/07\/Love_Lashes_edukatori.webp\" \/>\n\t<meta property=\"og:image:width\" content=\"500\" \/>\n\t<meta property=\"og:image:height\" content=\"250\" \/>\n\t<meta property=\"og:image:type\" content=\"image\/webp\" \/>\n<meta name=\"twitter:card\" content=\"summary_large_image\" \/>\n<meta name=\"twitter:label1\" content=\"Est. reading time\" \/>\n\t<meta name=\"twitter:data1\" content=\"3 minutes\" \/>\n<script type=\"application\/ld+json\" class=\"yoast-schema-graph\">{\"@context\":\"https:\\\/\\\/schema.org\",\"@graph\":[{\"@type\":\"WebPage\",\"@id\":\"https:\\\/\\\/love-lashes.eu\\\/edukatori-za-ekstenzije-trepavica\\\/\",\"url\":\"https:\\\/\\\/love-lashes.eu\\\/edukatori-za-ekstenzije-trepavica\\\/\",\"name\":\"Edukatori za ekstenzije trepavica - Love Lashes - eyelashes extensions webshop\",\"isPartOf\":{\"@id\":\"https:\\\/\\\/love-lashes.eu\\\/#website\"},\"primaryImageOfPage\":{\"@id\":\"https:\\\/\\\/love-lashes.eu\\\/edukatori-za-ekstenzije-trepavica\\\/#primaryimage\"},\"image\":{\"@id\":\"https:\\\/\\\/love-lashes.eu\\\/edukatori-za-ekstenzije-trepavica\\\/#primaryimage\"},\"thumbnailUrl\":\"https:\\\/\\\/love-lashes.eu\\\/wp-content\\\/uploads\\\/2025\\\/07\\\/Love_Lashes_edukatori.webp\",\"datePublished\":\"2025-07-12T02:05:41+00:00\",\"dateModified\":\"2026-01-10T21:08:08+00:00\",\"description\":\"Prona\u0111i Love Lashes certificirane edukatore za ekstenzije trepavica u svom gradu ili dr\u017eavi. Edukacije s podr\u0161kom, licencom i vrhunskom kvalitetom.\",\"breadcrumb\":{\"@id\":\"https:\\\/\\\/love-lashes.eu\\\/edukatori-za-ekstenzije-trepavica\\\/#breadcrumb\"},\"inLanguage\":\"en-US\",\"potentialAction\":[{\"@type\":\"ReadAction\",\"target\":[\"https:\\\/\\\/love-lashes.eu\\\/edukatori-za-ekstenzije-trepavica\\\/\"]}]},{\"@type\":\"ImageObject\",\"inLanguage\":\"en-US\",\"@id\":\"https:\\\/\\\/love-lashes.eu\\\/edukatori-za-ekstenzije-trepavica\\\/#primaryimage\",\"url\":\"https:\\\/\\\/love-lashes.eu\\\/wp-content\\\/uploads\\\/2025\\\/07\\\/Love_Lashes_edukatori.webp\",\"contentUrl\":\"https:\\\/\\\/love-lashes.eu\\\/wp-content\\\/uploads\\\/2025\\\/07\\\/Love_Lashes_edukatori.webp\",\"width\":500,\"height\":250},{\"@type\":\"BreadcrumbList\",\"@id\":\"https:\\\/\\\/love-lashes.eu\\\/edukatori-za-ekstenzije-trepavica\\\/#breadcrumb\",\"itemListElement\":[{\"@type\":\"ListItem\",\"position\":1,\"name\":\"Po\u010detna stranica\",\"item\":\"https:\\\/\\\/love-lashes.eu\\\/\"},{\"@type\":\"ListItem\",\"position\":2,\"name\":\"Edukatori za ekstenzije trepavica\"}]},{\"@type\":\"WebSite\",\"@id\":\"https:\\\/\\\/love-lashes.eu\\\/#website\",\"url\":\"https:\\\/\\\/love-lashes.eu\\\/\",\"name\":\"Love Lashes - eyelashes extensions webshop\",\"description\":\"Materijal za ekstenzije trepavica\",\"publisher\":{\"@id\":\"https:\\\/\\\/love-lashes.eu\\\/#organization\"},\"alternateName\":\"Love Lashes - materijal za ekstenzije trepavica\",\"potentialAction\":[{\"@type\":\"SearchAction\",\"target\":{\"@type\":\"EntryPoint\",\"urlTemplate\":\"https:\\\/\\\/love-lashes.eu\\\/?s={search_term_string}\"},\"query-input\":{\"@type\":\"PropertyValueSpecification\",\"valueRequired\":true,\"valueName\":\"search_term_string\"}}],\"inLanguage\":\"en-US\"},{\"@type\":\"Organization\",\"@id\":\"https:\\\/\\\/love-lashes.eu\\\/#organization\",\"name\":\"Love Lashes - eyelashes extensions webshop\",\"url\":\"https:\\\/\\\/love-lashes.eu\\\/\",\"logo\":{\"@type\":\"ImageObject\",\"inLanguage\":\"en-US\",\"@id\":\"https:\\\/\\\/love-lashes.eu\\\/#\\\/schema\\\/logo\\\/image\\\/\",\"url\":\"https:\\\/\\\/love-lashes.eu\\\/wp-content\\\/uploads\\\/2024\\\/01\\\/LoveLashes_logo_bez_web.png\",\"contentUrl\":\"https:\\\/\\\/love-lashes.eu\\\/wp-content\\\/uploads\\\/2024\\\/01\\\/LoveLashes_logo_bez_web.png\",\"width\":1000,\"height\":135,\"caption\":\"Love Lashes - eyelashes extensions webshop\"},\"image\":{\"@id\":\"https:\\\/\\\/love-lashes.eu\\\/#\\\/schema\\\/logo\\\/image\\\/\"},\"sameAs\":[\"https:\\\/\\\/www.facebook.com\\\/lovelashesbyhanasimcic\",\"https:\\\/\\\/www.instagram.com\\\/hana.love.lashes\\\/\"]}]}<\/script>\n<!-- \/ Yoast SEO plugin. -->","yoast_head_json":{"title":"Educators for lash extensions - Love Lashes - eyelashes extensions webshop","description":"Find Love Lashes certified eyelash extension educators in your city or state. Education with support, license and top quality.","robots":{"index":"index","follow":"follow","max-snippet":"max-snippet:-1","max-image-preview":"max-image-preview:large","max-video-preview":"max-video-preview:-1"},"canonical":"https:\/\/love-lashes.eu\/en\/lash-extension-educators\/","og_locale":"en_US","og_type":"article","og_title":"Edukatori za ekstenzije trepavica - Love Lashes - eyelashes extensions webshop","og_description":"Prona\u0111i Love Lashes certificirane edukatore za ekstenzije trepavica u svom gradu ili dr\u017eavi. Edukacije s podr\u0161kom, licencom i vrhunskom kvalitetom.","og_url":"https:\/\/love-lashes.eu\/en\/lash-extension-educators\/","og_site_name":"Love Lashes - eyelashes extensions webshop","article_publisher":"https:\/\/www.facebook.com\/lovelashesbyhanasimcic","article_modified_time":"2026-01-10T21:08:08+00:00","og_image":[{"width":500,"height":250,"url":"https:\/\/love-lashes.eu\/wp-content\/uploads\/2025\/07\/Love_Lashes_edukatori.webp","type":"image\/webp"}],"twitter_card":"summary_large_image","twitter_misc":{"Est. reading time":"3 minutes"},"schema":{"@context":"https:\/\/schema.org","@graph":[{"@type":"WebPage","@id":"https:\/\/love-lashes.eu\/edukatori-za-ekstenzije-trepavica\/","url":"https:\/\/love-lashes.eu\/edukatori-za-ekstenzije-trepavica\/","name":"Educators for lash extensions - Love Lashes - eyelashes extensions webshop","isPartOf":{"@id":"https:\/\/love-lashes.eu\/#website"},"primaryImageOfPage":{"@id":"https:\/\/love-lashes.eu\/edukatori-za-ekstenzije-trepavica\/#primaryimage"},"image":{"@id":"https:\/\/love-lashes.eu\/edukatori-za-ekstenzije-trepavica\/#primaryimage"},"thumbnailUrl":"https:\/\/love-lashes.eu\/wp-content\/uploads\/2025\/07\/Love_Lashes_edukatori.webp","datePublished":"2025-07-12T02:05:41+00:00","dateModified":"2026-01-10T21:08:08+00:00","description":"Find Love Lashes certified eyelash extension educators in your city or state. Education with support, license and top quality.","breadcrumb":{"@id":"https:\/\/love-lashes.eu\/edukatori-za-ekstenzije-trepavica\/#breadcrumb"},"inLanguage":"en-US","potentialAction":[{"@type":"ReadAction","target":["https:\/\/love-lashes.eu\/edukatori-za-ekstenzije-trepavica\/"]}]},{"@type":"ImageObject","inLanguage":"en-US","@id":"https:\/\/love-lashes.eu\/edukatori-za-ekstenzije-trepavica\/#primaryimage","url":"https:\/\/love-lashes.eu\/wp-content\/uploads\/2025\/07\/Love_Lashes_edukatori.webp","contentUrl":"https:\/\/love-lashes.eu\/wp-content\/uploads\/2025\/07\/Love_Lashes_edukatori.webp","width":500,"height":250},{"@type":"BreadcrumbList","@id":"https:\/\/love-lashes.eu\/edukatori-za-ekstenzije-trepavica\/#breadcrumb","itemListElement":[{"@type":"ListItem","position":1,"name":"Po\u010detna stranica","item":"https:\/\/love-lashes.eu\/"},{"@type":"ListItem","position":2,"name":"Edukatori za ekstenzije trepavica"}]},{"@type":"WebSite","@id":"https:\/\/love-lashes.eu\/#website","url":"https:\/\/love-lashes.eu\/","name":"Love Lashes - eyelashes extensions webshop","description":"Eyelash extension material","publisher":{"@id":"https:\/\/love-lashes.eu\/#organization"},"alternateName":"Love Lashes - materijal za ekstenzije trepavica","potentialAction":[{"@type":"SearchAction","target":{"@type":"EntryPoint","urlTemplate":"https:\/\/love-lashes.eu\/?s={search_term_string}"},"query-input":{"@type":"PropertyValueSpecification","valueRequired":true,"valueName":"search_term_string"}}],"inLanguage":"en-US"},{"@type":"Organization","@id":"https:\/\/love-lashes.eu\/#organization","name":"Love Lashes - eyelashes extensions webshop","url":"https:\/\/love-lashes.eu\/","logo":{"@type":"ImageObject","inLanguage":"en-US","@id":"https:\/\/love-lashes.eu\/#\/schema\/logo\/image\/","url":"https:\/\/love-lashes.eu\/wp-content\/uploads\/2024\/01\/LoveLashes_logo_bez_web.png","contentUrl":"https:\/\/love-lashes.eu\/wp-content\/uploads\/2024\/01\/LoveLashes_logo_bez_web.png","width":1000,"height":135,"caption":"Love Lashes - eyelashes extensions webshop"},"image":{"@id":"https:\/\/love-lashes.eu\/#\/schema\/logo\/image\/"},"sameAs":["https:\/\/www.facebook.com\/lovelashesbyhanasimcic","https:\/\/www.instagram.com\/hana.love.lashes\/"]}]}},"_links":{"self":[{"href":"https:\/\/love-lashes.eu\/en\/wp-json\/wp\/v2\/pages\/2165","targetHints":{"allow":["GET"]}}],"collection":[{"href":"https:\/\/love-lashes.eu\/en\/wp-json\/wp\/v2\/pages"}],"about":[{"href":"https:\/\/love-lashes.eu\/en\/wp-json\/wp\/v2\/types\/page"}],"author":[{"embeddable":true,"href":"https:\/\/love-lashes.eu\/en\/wp-json\/wp\/v2\/users\/1"}],"replies":[{"embeddable":true,"href":"https:\/\/love-lashes.eu\/en\/wp-json\/wp\/v2\/comments?post=2165"}],"version-history":[{"count":0,"href":"https:\/\/love-lashes.eu\/en\/wp-json\/wp\/v2\/pages\/2165\/revisions"}],"wp:featuredmedia":[{"embeddable":true,"href":"https:\/\/love-lashes.eu\/en\/wp-json\/wp\/v2\/media\/2188"}],"wp:attachment":[{"href":"https:\/\/love-lashes.eu\/en\/wp-json\/wp\/v2\/media?parent=2165"}],"curies":[{"name":"wp","href":"https:\/\/api.w.org\/{rel}","templated":true}]}}