{"id":3006,"date":"2025-12-01T20:15:25","date_gmt":"2025-12-01T19:15:25","guid":{"rendered":"https:\/\/love-lashes.eu\/?page_id=3006"},"modified":"2025-12-01T21:05:59","modified_gmt":"2025-12-01T20:05:59","slug":"mateja-horvatic","status":"publish","type":"page","link":"https:\/\/love-lashes.eu\/en\/ambasadori\/mateja-horvatic\/","title":{"rendered":"Mateja Horvati\u0107 \u2013 Love Lashes Ambassador"},"content":{"rendered":"<div data-elementor-type=\"wp-page\" data-elementor-id=\"3006\" class=\"elementor elementor-3006\" data-elementor-post-type=\"page\">\n\t\t\t\t<div class=\"elementor-element elementor-element-6223759f e-flex e-con-boxed e-con e-parent\" data-id=\"6223759f\" data-element_type=\"container\" data-e-type=\"container\" data-settings=\"{&quot;background_background&quot;:&quot;classic&quot;}\">\n\t\t\t\t\t<div class=\"e-con-inner\">\n\t\t<div class=\"elementor-element elementor-element-66fc2120 e-con-full e-flex e-con e-child\" data-id=\"66fc2120\" data-element_type=\"container\" data-e-type=\"container\">\n\t\t\t\t<div class=\"elementor-element elementor-element-61ee74bc elementor-widget elementor-widget-image\" data-id=\"61ee74bc\" data-element_type=\"widget\" data-e-type=\"widget\" data-widget_type=\"image.default\">\n\t\t\t\t\t\t\t\t\t\t\t\t\t\t\t<img fetchpriority=\"high\" decoding=\"async\" width=\"688\" height=\"1024\" src=\"https:\/\/love-lashes.eu\/wp-content\/uploads\/2025\/12\/Mateja-Horvatic-Love-Lashes-ambasador-688x1024.jpeg\" class=\"attachment-large size-large wp-image-3008\" alt=\"Mateja Horvati\u0107 - Love Lashes Ambassador\" srcset=\"https:\/\/love-lashes.eu\/wp-content\/uploads\/2025\/12\/Mateja-Horvatic-Love-Lashes-ambasador-688x1024.jpeg 688w, https:\/\/love-lashes.eu\/wp-content\/uploads\/2025\/12\/Mateja-Horvatic-Love-Lashes-ambasador-202x300.jpeg 202w, https:\/\/love-lashes.eu\/wp-content\/uploads\/2025\/12\/Mateja-Horvatic-Love-Lashes-ambasador-768x1143.jpeg 768w, https:\/\/love-lashes.eu\/wp-content\/uploads\/2025\/12\/Mateja-Horvatic-Love-Lashes-ambasador-1032x1536.jpeg 1032w, https:\/\/love-lashes.eu\/wp-content\/uploads\/2025\/12\/Mateja-Horvatic-Love-Lashes-ambasador-8x12.jpeg 8w, https:\/\/love-lashes.eu\/wp-content\/uploads\/2025\/12\/Mateja-Horvatic-Love-Lashes-ambasador-600x893.jpeg 600w, https:\/\/love-lashes.eu\/wp-content\/uploads\/2025\/12\/Mateja-Horvatic-Love-Lashes-ambasador.jpeg 1185w\" sizes=\"(max-width: 688px) 100vw, 688px\" \/>\t\t\t\t\t\t\t\t\t\t\t\t\t\t\t<\/div>\n\t\t\t\t<\/div>\n\t\t<div class=\"elementor-element elementor-element-6c4223a3 e-con-full e-flex e-con e-child\" data-id=\"6c4223a3\" data-element_type=\"container\" data-e-type=\"container\">\n\t\t\t\t<div class=\"elementor-element elementor-element-30c90363 elementor-widget elementor-widget-heading\" data-id=\"30c90363\" data-element_type=\"widget\" data-e-type=\"widget\" data-widget_type=\"heading.default\">\n\t\t\t\t\t<h2 class=\"elementor-heading-title elementor-size-default\">Mateja Horvatic<\/h2>\t\t\t\t<\/div>\n\t\t\t\t<div class=\"elementor-element elementor-element-7732d5b4 elementor-shape-circle e-grid-align-left elementor-grid-0 elementor-widget elementor-widget-social-icons\" data-id=\"7732d5b4\" data-element_type=\"widget\" data-e-type=\"widget\" data-widget_type=\"social-icons.default\">\n\t\t\t\t\t\t\t<div class=\"elementor-social-icons-wrapper elementor-grid\">\n\t\t\t\t\t\t\t<span class=\"elementor-grid-item\">\n\t\t\t\t\t<a class=\"elementor-icon elementor-social-icon elementor-social-icon-instagram elementor-repeater-item-7344026\" href=\"https:\/\/www.instagram.com\/\" target=\"_blank\">\n\t\t\t\t\t\t<span class=\"elementor-screen-only\">Instagram<\/span>\n\t\t\t\t\t\t<svg aria-hidden=\"true\" class=\"e-font-icon-svg e-fab-instagram\" viewbox=\"0 0 448 512\" xmlns=\"http:\/\/www.w3.org\/2000\/svg\"><path d=\"M224.1 141c-63.6 0-114.9 51.3-114.9 114.9s51.3 114.9 114.9 114.9S339 319.5 339 255.9 287.7 141 224.1 141zm0 189.6c-41.1 0-74.7-33.5-74.7-74.7s33.5-74.7 74.7-74.7 74.7 33.5 74.7 74.7-33.6 74.7-74.7 74.7zm146.4-194.3c0 14.9-12 26.8-26.8 26.8-14.9 0-26.8-12-26.8-26.8s12-26.8 26.8-26.8 26.8 12 26.8 26.8zm76.1 27.2c-1.7-35.9-9.9-67.7-36.2-93.9-26.2-26.2-58-34.4-93.9-36.2-37-2.1-147.9-2.1-184.9 0-35.8 1.7-67.6 9.9-93.9 36.1s-34.4 58-36.2 93.9c-2.1 37-2.1 147.9 0 184.9 1.7 35.9 9.9 67.7 36.2 93.9s58 34.4 93.9 36.2c37 2.1 147.9 2.1 184.9 0 35.9-1.7 67.7-9.9 93.9-36.2 26.2-26.2 34.4-58 36.2-93.9 2.1-37 2.1-147.8 0-184.8zM398.8 388c-7.8 19.6-22.9 34.7-42.6 42.6-29.5 11.7-99.5 9-132.1 9s-102.7 2.6-132.1-9c-19.6-7.8-34.7-22.9-42.6-42.6-11.7-29.5-9-99.5-9-132.1s-2.6-102.7 9-132.1c7.8-19.6 22.9-34.7 42.6-42.6 29.5-11.7 99.5-9 132.1-9s102.7-2.6 132.1 9c19.6 7.8 34.7 22.9 42.6 42.6 11.7 29.5 9 99.5 9 132.1s2.7 102.7-9 132.1z\"><\/path><\/svg>\t\t\t\t\t<\/a>\n\t\t\t\t<\/span>\n\t\t\t\t\t<\/div>\n\t\t\t\t\t\t<\/div>\n\t\t\t\t<div class=\"elementor-element elementor-element-648b9c8e elementor-widget elementor-widget-heading\" data-id=\"648b9c8e\" data-element_type=\"widget\" data-e-type=\"widget\" data-widget_type=\"heading.default\">\n\t\t\t\t\t<h2 class=\"elementor-heading-title elementor-size-default\">Konjscina, Croatia<\/h2>\t\t\t\t<\/div>\n\t\t\t\t<div class=\"elementor-element elementor-element-962079b elementor-widget-divider--view-line elementor-widget elementor-widget-divider\" data-id=\"962079b\" data-element_type=\"widget\" data-e-type=\"widget\" data-widget_type=\"divider.default\">\n\t\t\t\t\t\t\t<div class=\"elementor-divider\">\n\t\t\t<span class=\"elementor-divider-separator\">\n\t\t\t\t\t\t<\/span>\n\t\t<\/div>\n\t\t\t\t\t\t<\/div>\n\t\t\t\t<div class=\"elementor-element elementor-element-199ba7d0 elementor-widget elementor-widget-text-editor\" data-id=\"199ba7d0\" data-element_type=\"widget\" data-e-type=\"widget\" data-widget_type=\"text-editor.default\">\n\t\t\t\t\t\t\t\t\t<p>I am Mateja Horvati\u0107, owner of Salon Mateja, eyelash extension educator and Love Lash brand ambassador. I am a lover of the beauty world and everything that brings a sense of additional self-confidence. My journey started quite spontaneously in 2017 when I completed my first eyelash extension education.<\/p>\n<p>In 2018, I won first place at the LASH CHALLENGE in the dramatic volume category.\u00a0<\/p>\n<p>Throughout all these years, I have participated in many workshops and trainings, through which I have absorbed tips &amp; tricks and created my own recognizable style, which I now happily share with others.<\/p>\n<p>As an ambassador and educator, I want to represent a brand that follows the same values so that I can inspire and educate others and show that with hard work and love for detail, you can go far in the beauty industry.\u00a0<\/p>\t\t\t\t\t\t\t\t<\/div>\n\t\t\t\t<\/div>\n\t\t\t\t\t<\/div>\n\t\t\t\t<\/div>\n\t\t<div class=\"elementor-element elementor-element-3721dce3 e-flex e-con-boxed e-con e-parent\" data-id=\"3721dce3\" data-element_type=\"container\" data-e-type=\"container\" data-settings=\"{&quot;background_background&quot;:&quot;classic&quot;}\">\n\t\t\t\t\t<div class=\"e-con-inner\">\n\t\t\t\t<div class=\"elementor-element elementor-element-775a5dec elementor-widget-divider--view-line elementor-widget elementor-widget-divider\" data-id=\"775a5dec\" data-element_type=\"widget\" data-e-type=\"widget\" data-widget_type=\"divider.default\">\n\t\t\t\t\t\t\t<div class=\"elementor-divider\">\n\t\t\t<span class=\"elementor-divider-separator\">\n\t\t\t\t\t\t<\/span>\n\t\t<\/div>\n\t\t\t\t\t\t<\/div>\n\t\t\t\t<div class=\"elementor-element elementor-element-375a2fbf elementor-widget elementor-widget-heading\" data-id=\"375a2fbf\" data-element_type=\"widget\" data-e-type=\"widget\" data-widget_type=\"heading.default\">\n\t\t\t\t\t<h2 class=\"elementor-heading-title elementor-size-default\">My work<\/h2>\t\t\t\t<\/div>\n\t\t\t\t<div class=\"elementor-element elementor-element-6efd5189 elementor-widget elementor-widget-gallery\" data-id=\"6efd5189\" data-element_type=\"widget\" data-e-type=\"widget\" data-settings=\"{&quot;columns&quot;:3,&quot;columns_mobile&quot;:2,&quot;aspect_ratio&quot;:&quot;9:16&quot;,&quot;lazyload&quot;:&quot;yes&quot;,&quot;gallery_layout&quot;:&quot;grid&quot;,&quot;columns_tablet&quot;:2,&quot;gap&quot;:{&quot;unit&quot;:&quot;px&quot;,&quot;size&quot;:10,&quot;sizes&quot;:[]},&quot;gap_tablet&quot;:{&quot;unit&quot;:&quot;px&quot;,&quot;size&quot;:10,&quot;sizes&quot;:[]},&quot;gap_mobile&quot;:{&quot;unit&quot;:&quot;px&quot;,&quot;size&quot;:10,&quot;sizes&quot;:[]},&quot;link_to&quot;:&quot;file&quot;,&quot;overlay_background&quot;:&quot;yes&quot;,&quot;content_hover_animation&quot;:&quot;fade-in&quot;}\" data-widget_type=\"gallery.default\">\n\t\t\t\t\t\t\t<div class=\"elementor-gallery__container\">\n\t\t\t\t\t\t\t<a class=\"e-gallery-item elementor-gallery-item elementor-animated-content\" href=\"https:\/\/love-lashes.eu\/wp-content\/uploads\/2025\/12\/Mateja-Horvatic-radovi1.jpeg\" data-elementor-open-lightbox=\"yes\" data-elementor-lightbox-slideshow=\"6efd5189\" data-elementor-lightbox-title=\"Mateja Horvatic\u0301 radovi1\" data-e-action-hash=\"#elementor-action%3Aaction%3Dlightbox%26settings%3DeyJpZCI6MzAxMSwidXJsIjoiaHR0cHM6XC9cL2xvdmUtbGFzaGVzLmV1XC93cC1jb250ZW50XC91cGxvYWRzXC8yMDI1XC8xMlwvTWF0ZWphLUhvcnZhdGljLXJhZG92aTEuanBlZyIsInNsaWRlc2hvdyI6IjZlZmQ1MTg5In0%3D\">\n\t\t\t\t\t<div class=\"e-gallery-image elementor-gallery-item__image\" data-thumbnail=\"https:\/\/love-lashes.eu\/wp-content\/uploads\/2025\/12\/Mateja-Horvatic-radovi1-300x300.jpeg\" data-width=\"300\" data-height=\"300\" aria-label=\"\" role=\"img\" ><\/div>\n\t\t\t\t\t\t\t\t\t\t\t<div class=\"elementor-gallery-item__overlay\"><\/div>\n\t\t\t\t\t\t\t\t\t\t\t\t\t\t<\/a>\n\t\t\t\t\t\t\t<a class=\"e-gallery-item elementor-gallery-item elementor-animated-content\" href=\"https:\/\/love-lashes.eu\/wp-content\/uploads\/2025\/12\/Mateja-Horvatic-radovi2.jpeg\" data-elementor-open-lightbox=\"yes\" data-elementor-lightbox-slideshow=\"6efd5189\" data-elementor-lightbox-title=\"Mateja Horvatic\u0301 radovi2\" data-e-action-hash=\"#elementor-action%3Aaction%3Dlightbox%26settings%3DeyJpZCI6MzAxMiwidXJsIjoiaHR0cHM6XC9cL2xvdmUtbGFzaGVzLmV1XC93cC1jb250ZW50XC91cGxvYWRzXC8yMDI1XC8xMlwvTWF0ZWphLUhvcnZhdGljLXJhZG92aTIuanBlZyIsInNsaWRlc2hvdyI6IjZlZmQ1MTg5In0%3D\">\n\t\t\t\t\t<div class=\"e-gallery-image elementor-gallery-item__image\" data-thumbnail=\"https:\/\/love-lashes.eu\/wp-content\/uploads\/2025\/12\/Mateja-Horvatic-radovi2-150x300.jpeg\" data-width=\"150\" data-height=\"300\" aria-label=\"\" role=\"img\" ><\/div>\n\t\t\t\t\t\t\t\t\t\t\t<div class=\"elementor-gallery-item__overlay\"><\/div>\n\t\t\t\t\t\t\t\t\t\t\t\t\t\t<\/a>\n\t\t\t\t\t\t\t<a class=\"e-gallery-item elementor-gallery-item elementor-animated-content\" href=\"https:\/\/love-lashes.eu\/wp-content\/uploads\/2025\/12\/Mateja-Horvatic-radovi3-scaled.jpeg\" data-elementor-open-lightbox=\"yes\" data-elementor-lightbox-slideshow=\"6efd5189\" data-elementor-lightbox-title=\"Mateja Horvatic\u0301 radovi3\" data-e-action-hash=\"#elementor-action%3Aaction%3Dlightbox%26settings%3DeyJpZCI6MzAxMywidXJsIjoiaHR0cHM6XC9cL2xvdmUtbGFzaGVzLmV1XC93cC1jb250ZW50XC91cGxvYWRzXC8yMDI1XC8xMlwvTWF0ZWphLUhvcnZhdGljLXJhZG92aTMtc2NhbGVkLmpwZWciLCJzbGlkZXNob3ciOiI2ZWZkNTE4OSJ9\">\n\t\t\t\t\t<div class=\"e-gallery-image elementor-gallery-item__image\" data-thumbnail=\"https:\/\/love-lashes.eu\/wp-content\/uploads\/2025\/12\/Mateja-Horvatic-radovi3-196x300.jpeg\" data-width=\"196\" data-height=\"300\" aria-label=\"\" role=\"img\" ><\/div>\n\t\t\t\t\t\t\t\t\t\t\t<div class=\"elementor-gallery-item__overlay\"><\/div>\n\t\t\t\t\t\t\t\t\t\t\t\t\t\t<\/a>\n\t\t\t\t\t\t\t<a class=\"e-gallery-item elementor-gallery-item elementor-animated-content\" href=\"https:\/\/love-lashes.eu\/wp-content\/uploads\/2025\/12\/Mateja-Horvatic-radovi4.jpeg\" data-elementor-open-lightbox=\"yes\" data-elementor-lightbox-slideshow=\"6efd5189\" data-elementor-lightbox-title=\"Mateja Horvatic\u0301 radovi4\" data-e-action-hash=\"#elementor-action%3Aaction%3Dlightbox%26settings%3DeyJpZCI6MzAxNCwidXJsIjoiaHR0cHM6XC9cL2xvdmUtbGFzaGVzLmV1XC93cC1jb250ZW50XC91cGxvYWRzXC8yMDI1XC8xMlwvTWF0ZWphLUhvcnZhdGljLXJhZG92aTQuanBlZyIsInNsaWRlc2hvdyI6IjZlZmQ1MTg5In0%3D\">\n\t\t\t\t\t<div class=\"e-gallery-image elementor-gallery-item__image\" data-thumbnail=\"https:\/\/love-lashes.eu\/wp-content\/uploads\/2025\/12\/Mateja-Horvatic-radovi4-240x300.jpeg\" data-width=\"240\" data-height=\"300\" aria-label=\"\" role=\"img\" ><\/div>\n\t\t\t\t\t\t\t\t\t\t\t<div class=\"elementor-gallery-item__overlay\"><\/div>\n\t\t\t\t\t\t\t\t\t\t\t\t\t\t<\/a>\n\t\t\t\t\t\t\t<a class=\"e-gallery-item elementor-gallery-item elementor-animated-content\" href=\"https:\/\/love-lashes.eu\/wp-content\/uploads\/2025\/12\/Mateja-Horvatic-radovi5-scaled.jpeg\" data-elementor-open-lightbox=\"yes\" data-elementor-lightbox-slideshow=\"6efd5189\" data-elementor-lightbox-title=\"Mateja Horvatic\u0301 radovi5\" data-e-action-hash=\"#elementor-action%3Aaction%3Dlightbox%26settings%3DeyJpZCI6MzAxNSwidXJsIjoiaHR0cHM6XC9cL2xvdmUtbGFzaGVzLmV1XC93cC1jb250ZW50XC91cGxvYWRzXC8yMDI1XC8xMlwvTWF0ZWphLUhvcnZhdGljLXJhZG92aTUtc2NhbGVkLmpwZWciLCJzbGlkZXNob3ciOiI2ZWZkNTE4OSJ9\">\n\t\t\t\t\t<div class=\"e-gallery-image elementor-gallery-item__image\" data-thumbnail=\"https:\/\/love-lashes.eu\/wp-content\/uploads\/2025\/12\/Mateja-Horvatic-radovi5-225x300.jpeg\" data-width=\"225\" data-height=\"300\" aria-label=\"\" role=\"img\" ><\/div>\n\t\t\t\t\t\t\t\t\t\t\t<div class=\"elementor-gallery-item__overlay\"><\/div>\n\t\t\t\t\t\t\t\t\t\t\t\t\t\t<\/a>\n\t\t\t\t\t<\/div>\n\t\t\t\t\t<\/div>\n\t\t\t\t<div class=\"elementor-element elementor-element-3f290e40 elementor-widget-divider--view-line elementor-widget elementor-widget-divider\" data-id=\"3f290e40\" data-element_type=\"widget\" data-e-type=\"widget\" data-widget_type=\"divider.default\">\n\t\t\t\t\t\t\t<div class=\"elementor-divider\">\n\t\t\t<span class=\"elementor-divider-separator\">\n\t\t\t\t\t\t<\/span>\n\t\t<\/div>\n\t\t\t\t\t\t<\/div>\n\t\t\t\t\t<\/div>\n\t\t\t\t<\/div>\n\t\t\t\t<\/div>","protected":false},"excerpt":{"rendered":"<p>Mateja Horvati\u0107 Instagram Konj\u0161\u010dina, Hrvatska Ja sam Mateja Horvati\u0107, vlasnica Salona Mateja, edukatorica ekstenzija trepavica i ambasadorica brenda Love Lash. Zaljubljenica sam u beauty svijet i sve \u0161to donosi osje\u0107aj dodatnog samopouzdanja. Moj put je krenuo sasvim spontano 2017-te godine kad sam zavr\u0161ila svoju prvu edukaciju za ekstenzije trepavica. Godine 2018-te osvajam prvo mjesto na [&hellip;]<\/p>\n","protected":false},"author":1,"featured_media":0,"parent":2692,"menu_order":0,"comment_status":"closed","ping_status":"closed","template":"","meta":{"footnotes":""},"class_list":["post-3006","page","type-page","status-publish","hentry"],"yoast_head":"<!-- This site is optimized with the Yoast SEO plugin v27.4 - https:\/\/yoast.com\/product\/yoast-seo-wordpress\/ -->\n<title>Mateja Horvati\u0107 - Love Lashes ambasador - Love Lashes - eyelashes extensions webshop<\/title>\n<meta name=\"robots\" content=\"index, follow, max-snippet:-1, max-image-preview:large, max-video-preview:-1\" \/>\n<link rel=\"canonical\" href=\"https:\/\/love-lashes.eu\/en\/ambassadors\/mateja-horvatic\/\" \/>\n<meta property=\"og:locale\" content=\"en_US\" \/>\n<meta property=\"og:type\" content=\"article\" \/>\n<meta property=\"og:title\" content=\"Mateja Horvati\u0107 - Love Lashes ambasador - Love Lashes - eyelashes extensions webshop\" \/>\n<meta property=\"og:description\" content=\"Mateja Horvati\u0107 Instagram Konj\u0161\u010dina, Hrvatska Ja sam Mateja Horvati\u0107, vlasnica Salona Mateja, edukatorica ekstenzija trepavica i ambasadorica brenda Love Lash. Zaljubljenica sam u beauty svijet i sve \u0161to donosi osje\u0107aj dodatnog samopouzdanja. Moj put je krenuo sasvim spontano 2017-te godine kad sam zavr\u0161ila svoju prvu edukaciju za ekstenzije trepavica. Godine 2018-te osvajam prvo mjesto na [&hellip;]\" \/>\n<meta property=\"og:url\" content=\"https:\/\/love-lashes.eu\/en\/ambassadors\/mateja-horvatic\/\" \/>\n<meta property=\"og:site_name\" content=\"Love Lashes - eyelashes extensions webshop\" \/>\n<meta property=\"article:publisher\" content=\"https:\/\/www.facebook.com\/lovelashesbyhanasimcic\" \/>\n<meta property=\"article:modified_time\" content=\"2025-12-01T20:05:59+00:00\" \/>\n<meta property=\"og:image\" content=\"https:\/\/love-lashes.eu\/wp-content\/uploads\/2025\/12\/Mateja-Horvatic-Love-Lashes-ambasador.jpeg\" \/>\n\t<meta property=\"og:image:width\" content=\"1185\" \/>\n\t<meta property=\"og:image:height\" content=\"1763\" \/>\n\t<meta property=\"og:image:type\" content=\"image\/jpeg\" \/>\n<meta name=\"twitter:card\" content=\"summary_large_image\" \/>\n<meta name=\"twitter:label1\" content=\"Est. reading time\" \/>\n\t<meta name=\"twitter:data1\" content=\"1 minute\" \/>\n<script type=\"application\/ld+json\" class=\"yoast-schema-graph\">{\"@context\":\"https:\\\/\\\/schema.org\",\"@graph\":[{\"@type\":\"WebPage\",\"@id\":\"https:\\\/\\\/love-lashes.eu\\\/ambasadori\\\/mateja-horvatic\\\/\",\"url\":\"https:\\\/\\\/love-lashes.eu\\\/ambasadori\\\/mateja-horvatic\\\/\",\"name\":\"Mateja Horvati\u0107 - Love Lashes ambasador - Love Lashes - eyelashes extensions webshop\",\"isPartOf\":{\"@id\":\"https:\\\/\\\/love-lashes.eu\\\/#website\"},\"primaryImageOfPage\":{\"@id\":\"https:\\\/\\\/love-lashes.eu\\\/ambasadori\\\/mateja-horvatic\\\/#primaryimage\"},\"image\":{\"@id\":\"https:\\\/\\\/love-lashes.eu\\\/ambasadori\\\/mateja-horvatic\\\/#primaryimage\"},\"thumbnailUrl\":\"https:\\\/\\\/love-lashes.eu\\\/wp-content\\\/uploads\\\/2025\\\/12\\\/Mateja-Horvatic-Love-Lashes-ambasador-688x1024.jpeg\",\"datePublished\":\"2025-12-01T19:15:25+00:00\",\"dateModified\":\"2025-12-01T20:05:59+00:00\",\"breadcrumb\":{\"@id\":\"https:\\\/\\\/love-lashes.eu\\\/ambasadori\\\/mateja-horvatic\\\/#breadcrumb\"},\"inLanguage\":\"en-US\",\"potentialAction\":[{\"@type\":\"ReadAction\",\"target\":[\"https:\\\/\\\/love-lashes.eu\\\/ambasadori\\\/mateja-horvatic\\\/\"]}]},{\"@type\":\"ImageObject\",\"inLanguage\":\"en-US\",\"@id\":\"https:\\\/\\\/love-lashes.eu\\\/ambasadori\\\/mateja-horvatic\\\/#primaryimage\",\"url\":\"https:\\\/\\\/love-lashes.eu\\\/wp-content\\\/uploads\\\/2025\\\/12\\\/Mateja-Horvatic-Love-Lashes-ambasador-688x1024.jpeg\",\"contentUrl\":\"https:\\\/\\\/love-lashes.eu\\\/wp-content\\\/uploads\\\/2025\\\/12\\\/Mateja-Horvatic-Love-Lashes-ambasador-688x1024.jpeg\"},{\"@type\":\"BreadcrumbList\",\"@id\":\"https:\\\/\\\/love-lashes.eu\\\/ambasadori\\\/mateja-horvatic\\\/#breadcrumb\",\"itemListElement\":[{\"@type\":\"ListItem\",\"position\":1,\"name\":\"Po\u010detna stranica\",\"item\":\"https:\\\/\\\/love-lashes.eu\\\/\"},{\"@type\":\"ListItem\",\"position\":2,\"name\":\"Love Lashes Ambasadori\",\"item\":\"https:\\\/\\\/love-lashes.eu\\\/ambasadori\\\/\"},{\"@type\":\"ListItem\",\"position\":3,\"name\":\"Mateja Horvati\u0107 &#8211; Love Lashes ambasador\"}]},{\"@type\":\"WebSite\",\"@id\":\"https:\\\/\\\/love-lashes.eu\\\/#website\",\"url\":\"https:\\\/\\\/love-lashes.eu\\\/\",\"name\":\"Love Lashes - eyelashes extensions webshop\",\"description\":\"Materijal za ekstenzije trepavica\",\"publisher\":{\"@id\":\"https:\\\/\\\/love-lashes.eu\\\/#organization\"},\"alternateName\":\"Love Lashes - materijal za ekstenzije trepavica\",\"potentialAction\":[{\"@type\":\"SearchAction\",\"target\":{\"@type\":\"EntryPoint\",\"urlTemplate\":\"https:\\\/\\\/love-lashes.eu\\\/?s={search_term_string}\"},\"query-input\":{\"@type\":\"PropertyValueSpecification\",\"valueRequired\":true,\"valueName\":\"search_term_string\"}}],\"inLanguage\":\"en-US\"},{\"@type\":\"Organization\",\"@id\":\"https:\\\/\\\/love-lashes.eu\\\/#organization\",\"name\":\"Love Lashes - eyelashes extensions webshop\",\"url\":\"https:\\\/\\\/love-lashes.eu\\\/\",\"logo\":{\"@type\":\"ImageObject\",\"inLanguage\":\"en-US\",\"@id\":\"https:\\\/\\\/love-lashes.eu\\\/#\\\/schema\\\/logo\\\/image\\\/\",\"url\":\"https:\\\/\\\/love-lashes.eu\\\/wp-content\\\/uploads\\\/2024\\\/01\\\/LoveLashes_logo_bez_web.png\",\"contentUrl\":\"https:\\\/\\\/love-lashes.eu\\\/wp-content\\\/uploads\\\/2024\\\/01\\\/LoveLashes_logo_bez_web.png\",\"width\":1000,\"height\":135,\"caption\":\"Love Lashes - eyelashes extensions webshop\"},\"image\":{\"@id\":\"https:\\\/\\\/love-lashes.eu\\\/#\\\/schema\\\/logo\\\/image\\\/\"},\"sameAs\":[\"https:\\\/\\\/www.facebook.com\\\/lovelashesbyhanasimcic\",\"https:\\\/\\\/www.instagram.com\\\/hana.love.lashes\\\/\"]}]}<\/script>\n<!-- \/ Yoast SEO plugin. -->","yoast_head_json":{"title":"Mateja Horvati\u0107 - Love Lashes ambassador - Love Lashes - eyelashes extensions webshop","robots":{"index":"index","follow":"follow","max-snippet":"max-snippet:-1","max-image-preview":"max-image-preview:large","max-video-preview":"max-video-preview:-1"},"canonical":"https:\/\/love-lashes.eu\/en\/ambassadors\/mateja-horvatic\/","og_locale":"en_US","og_type":"article","og_title":"Mateja Horvati\u0107 - Love Lashes ambasador - Love Lashes - eyelashes extensions webshop","og_description":"Mateja Horvati\u0107 Instagram Konj\u0161\u010dina, Hrvatska Ja sam Mateja Horvati\u0107, vlasnica Salona Mateja, edukatorica ekstenzija trepavica i ambasadorica brenda Love Lash. Zaljubljenica sam u beauty svijet i sve \u0161to donosi osje\u0107aj dodatnog samopouzdanja. Moj put je krenuo sasvim spontano 2017-te godine kad sam zavr\u0161ila svoju prvu edukaciju za ekstenzije trepavica. Godine 2018-te osvajam prvo mjesto na [&hellip;]","og_url":"https:\/\/love-lashes.eu\/en\/ambassadors\/mateja-horvatic\/","og_site_name":"Love Lashes - eyelashes extensions webshop","article_publisher":"https:\/\/www.facebook.com\/lovelashesbyhanasimcic","article_modified_time":"2025-12-01T20:05:59+00:00","og_image":[{"width":1185,"height":1763,"url":"https:\/\/love-lashes.eu\/wp-content\/uploads\/2025\/12\/Mateja-Horvatic-Love-Lashes-ambasador.jpeg","type":"image\/jpeg"}],"twitter_card":"summary_large_image","twitter_misc":{"Est. reading time":"1 minute"},"schema":{"@context":"https:\/\/schema.org","@graph":[{"@type":"WebPage","@id":"https:\/\/love-lashes.eu\/ambasadori\/mateja-horvatic\/","url":"https:\/\/love-lashes.eu\/ambasadori\/mateja-horvatic\/","name":"Mateja Horvati\u0107 - Love Lashes ambassador - Love Lashes - eyelashes extensions webshop","isPartOf":{"@id":"https:\/\/love-lashes.eu\/#website"},"primaryImageOfPage":{"@id":"https:\/\/love-lashes.eu\/ambasadori\/mateja-horvatic\/#primaryimage"},"image":{"@id":"https:\/\/love-lashes.eu\/ambasadori\/mateja-horvatic\/#primaryimage"},"thumbnailUrl":"https:\/\/love-lashes.eu\/wp-content\/uploads\/2025\/12\/Mateja-Horvatic-Love-Lashes-ambasador-688x1024.jpeg","datePublished":"2025-12-01T19:15:25+00:00","dateModified":"2025-12-01T20:05:59+00:00","breadcrumb":{"@id":"https:\/\/love-lashes.eu\/ambasadori\/mateja-horvatic\/#breadcrumb"},"inLanguage":"en-US","potentialAction":[{"@type":"ReadAction","target":["https:\/\/love-lashes.eu\/ambasadori\/mateja-horvatic\/"]}]},{"@type":"ImageObject","inLanguage":"en-US","@id":"https:\/\/love-lashes.eu\/ambasadori\/mateja-horvatic\/#primaryimage","url":"https:\/\/love-lashes.eu\/wp-content\/uploads\/2025\/12\/Mateja-Horvatic-Love-Lashes-ambasador-688x1024.jpeg","contentUrl":"https:\/\/love-lashes.eu\/wp-content\/uploads\/2025\/12\/Mateja-Horvatic-Love-Lashes-ambasador-688x1024.jpeg"},{"@type":"BreadcrumbList","@id":"https:\/\/love-lashes.eu\/ambasadori\/mateja-horvatic\/#breadcrumb","itemListElement":[{"@type":"ListItem","position":1,"name":"Po\u010detna stranica","item":"https:\/\/love-lashes.eu\/"},{"@type":"ListItem","position":2,"name":"Love Lashes Ambasadori","item":"https:\/\/love-lashes.eu\/ambasadori\/"},{"@type":"ListItem","position":3,"name":"Mateja Horvati\u0107 &#8211; Love Lashes ambasador"}]},{"@type":"WebSite","@id":"https:\/\/love-lashes.eu\/#website","url":"https:\/\/love-lashes.eu\/","name":"Love Lashes - eyelashes extensions webshop","description":"Eyelash extension material","publisher":{"@id":"https:\/\/love-lashes.eu\/#organization"},"alternateName":"Love Lashes - materijal za ekstenzije trepavica","potentialAction":[{"@type":"SearchAction","target":{"@type":"EntryPoint","urlTemplate":"https:\/\/love-lashes.eu\/?s={search_term_string}"},"query-input":{"@type":"PropertyValueSpecification","valueRequired":true,"valueName":"search_term_string"}}],"inLanguage":"en-US"},{"@type":"Organization","@id":"https:\/\/love-lashes.eu\/#organization","name":"Love Lashes - eyelashes extensions webshop","url":"https:\/\/love-lashes.eu\/","logo":{"@type":"ImageObject","inLanguage":"en-US","@id":"https:\/\/love-lashes.eu\/#\/schema\/logo\/image\/","url":"https:\/\/love-lashes.eu\/wp-content\/uploads\/2024\/01\/LoveLashes_logo_bez_web.png","contentUrl":"https:\/\/love-lashes.eu\/wp-content\/uploads\/2024\/01\/LoveLashes_logo_bez_web.png","width":1000,"height":135,"caption":"Love Lashes - eyelashes extensions webshop"},"image":{"@id":"https:\/\/love-lashes.eu\/#\/schema\/logo\/image\/"},"sameAs":["https:\/\/www.facebook.com\/lovelashesbyhanasimcic","https:\/\/www.instagram.com\/hana.love.lashes\/"]}]}},"_links":{"self":[{"href":"https:\/\/love-lashes.eu\/en\/wp-json\/wp\/v2\/pages\/3006","targetHints":{"allow":["GET"]}}],"collection":[{"href":"https:\/\/love-lashes.eu\/en\/wp-json\/wp\/v2\/pages"}],"about":[{"href":"https:\/\/love-lashes.eu\/en\/wp-json\/wp\/v2\/types\/page"}],"author":[{"embeddable":true,"href":"https:\/\/love-lashes.eu\/en\/wp-json\/wp\/v2\/users\/1"}],"replies":[{"embeddable":true,"href":"https:\/\/love-lashes.eu\/en\/wp-json\/wp\/v2\/comments?post=3006"}],"version-history":[{"count":0,"href":"https:\/\/love-lashes.eu\/en\/wp-json\/wp\/v2\/pages\/3006\/revisions"}],"up":[{"embeddable":true,"href":"https:\/\/love-lashes.eu\/en\/wp-json\/wp\/v2\/pages\/2692"}],"wp:attachment":[{"href":"https:\/\/love-lashes.eu\/en\/wp-json\/wp\/v2\/media?parent=3006"}],"curies":[{"name":"wp","href":"https:\/\/api.w.org\/{rel}","templated":true}]}}