{"id":521,"date":"2024-05-03T23:31:42","date_gmt":"2024-05-03T22:31:42","guid":{"rendered":"https:\/\/love-lashes.eu\/?page_id=521"},"modified":"2024-05-03T23:37:55","modified_gmt":"2024-05-03T22:37:55","slug":"payment-methods","status":"publish","type":"page","link":"https:\/\/love-lashes.eu\/en\/nacini-placanja\/","title":{"rendered":"Payment methods"},"content":{"rendered":"<div data-elementor-type=\"wp-page\" data-elementor-id=\"521\" class=\"elementor elementor-521\" data-elementor-post-type=\"page\">\n\t\t\t\t<div class=\"elementor-element elementor-element-b120be2 e-flex e-con-boxed e-con e-parent\" data-id=\"b120be2\" data-element_type=\"container\" data-e-type=\"container\">\n\t\t\t\t\t<div class=\"e-con-inner\">\n\t\t\t\t<div class=\"elementor-element elementor-element-43599a7 elementor-widget elementor-widget-text-editor\" data-id=\"43599a7\" data-element_type=\"widget\" data-e-type=\"widget\" data-widget_type=\"text-editor.default\">\n\t\t\t\t\t\t\t\t\t<p><font face=\"Segoe UI, sans-serif\">We offer you the option of paying with Visa, Mastercard and American Express cards, Google Pay, Apple Pay, KeksPay, a bank transaction or by paying in cash on delivery.<\/font><\/p>\n<p style=\"margin-bottom: var(--theme-content-spacing); text-align: start; line-height: normal; background-image: initial; background-position: initial; background-size: initial; background-repeat: initial; background-attachment: initial; background-origin: initial; background-clip: initial;\"><font face=\"Segoe UI, sans-serif\"><span style=\"font-size: 24px;\"><b>Payment by cards<\/b><\/span><\/font><\/p>\n<p style=\"margin-bottom: var(--theme-content-spacing); font-size: 16px; text-align: start; line-height: normal; background-image: initial; background-position: initial; background-size: initial; background-repeat: initial; background-attachment: initial; background-origin: initial; background-clip: initial;\"><font face=\"Segoe UI, sans-serif\">For card payments, Love Lashes uses the payment service provider Stripe Technology Europe, Limited (the e-money licensed entity with the Central Bank of Ireland), Ireland (&quot;Stripe&quot;). More detailed information on data processing can be found in <a href=\"https:\/\/stripe.com\/en-hr\/privacy\">Stripe&#039;s data protection information<\/a>.<\/font><\/p>\n<p style=\"margin-bottom: var(--theme-content-spacing); font-size: 16px; text-align: start; line-height: normal; background-image: initial; background-position: initial; background-size: initial; background-repeat: initial; background-attachment: initial; background-origin: initial; background-clip: initial;\"><font face=\"Segoe UI, sans-serif\">Love Lashes never comes into contact with your full card details, nor does it store card numbers.<\/font><\/p>\n<p style=\"margin-bottom: var(--theme-content-spacing); font-size: 16px; text-align: start; line-height: normal; background-image: initial; background-position: initial; background-size: initial; background-repeat: initial; background-attachment: initial; background-origin: initial; background-clip: initial;\"><font face=\"Segoe UI, sans-serif\">Depending on the browser used to access the site, you can also pay via Google Pay or Apple Pay wallets.<\/font><\/p>\n<p style=\"margin-bottom: var(--theme-content-spacing); text-align: start; line-height: normal; background-image: initial; background-position: initial; background-size: initial; background-repeat: initial; background-attachment: initial; background-origin: initial; background-clip: initial;\"><font face=\"Segoe UI, sans-serif\"><span style=\"font-size: 24px;\"><b>KeksPay<\/b><\/span><\/font><\/p>\n<p style=\"margin-bottom: var(--theme-content-spacing); font-size: 16px; text-align: start; line-height: normal; background-image: initial; background-position: initial; background-size: initial; background-repeat: initial; background-attachment: initial; background-origin: initial; background-clip: initial;\"><span style=\"font-size: 12pt; font-family: &quot;Segoe UI&quot;, sans-serif;\">When choosing to pay via KeksPay, you only need to open the application and scan the displayed QR code, and the payment will be processed immediately.<br><o:p><\/o:p><\/span><\/p>\n<p style=\"margin-bottom: var(--theme-content-spacing); text-align: start; line-height: normal; background-image: initial; background-position: initial; background-size: initial; background-repeat: initial; background-attachment: initial; background-origin: initial; background-clip: initial;\"><font face=\"Segoe UI, sans-serif\"><span style=\"font-size: 24px;\"><b>Bank transaction<\/b><\/span><\/font><\/p>\n<p style=\"margin-bottom: var(--theme-content-spacing); font-size: 16px; text-align: start; line-height: normal; background-image: initial; background-position: initial; background-size: initial; background-repeat: initial; background-attachment: initial; background-origin: initial; background-clip: initial;\"><span style=\"font-size: 12pt; font-family: &quot;Segoe UI&quot;, sans-serif;\">You will receive a pro forma invoice with all the necessary payment information to your e-mail address. The pro forma invoice also includes a QR code to scan to make payment easier. You can make the payment using internet banking or via bank, Fina, post office, etc. After payment is received, the order will be further processed and shipped.<o:p><\/o:p><\/span><\/p>\n<p style=\"margin-bottom: var(--theme-content-spacing); font-size: 16px; text-align: start; line-height: normal; background-image: initial; background-position: initial; background-size: initial; background-repeat: initial; background-attachment: initial; background-origin: initial; background-clip: initial;\"><b><span style=\"font-size: 18pt; font-family: &quot;Segoe UI&quot;, sans-serif;\">Payment by cash on delivery<\/span><\/b><\/p>\n<p style=\"margin-bottom: var(--theme-content-spacing); font-size: 16px; text-align: start; line-height: normal; background-image: initial; background-position: initial; background-size: initial; background-repeat: initial; background-attachment: initial; background-origin: initial; background-clip: initial;\"><font face=\"Segoe UI, sans-serif\">By choosing the cash on delivery option, you pay for your order in cash to the delivery person when the products are delivered to the specified address, and you will receive an invoice by email after we receive the money for your order from the delivery service.<\/font><\/p>\t\t\t\t\t\t\t\t<\/div>\n\t\t\t\t\t<\/div>\n\t\t\t\t<\/div>\n\t\t\t\t<\/div>","protected":false},"excerpt":{"rendered":"<p>Nudimo Vam mogu\u0107nost pla\u0107anja Visa, Mastercard i American Express karticama, Google Pay-om, Apple Pay-om, KeksPay-om, transakcijskim ra\u010dunom ili pla\u0107anjem gotovinom prilikom preuzimanja. Pla\u0107anje karticama Za pla\u0107anje karticama Love Lashes koristi pru\u017eatelja usluga pla\u0107anja Stripe Technology Europe,Limited(the e-money licensed entity with the Central Bank of Ireland), Irska (&#8220;Stripe&#8221;). Detaljnije informacije o obradi podataka mo\u017eete prona\u0107i u [&hellip;]<\/p>\n","protected":false},"author":1,"featured_media":0,"parent":0,"menu_order":0,"comment_status":"closed","ping_status":"closed","template":"","meta":{"footnotes":""},"class_list":["post-521","page","type-page","status-publish","hentry"],"yoast_head":"<!-- This site is optimized with the Yoast SEO plugin v27.4 - https:\/\/yoast.com\/product\/yoast-seo-wordpress\/ -->\n<title>Na\u010dini pla\u0107anja - Love Lashes - eyelashes extensions webshop<\/title>\n<meta name=\"robots\" content=\"index, follow, max-snippet:-1, max-image-preview:large, max-video-preview:-1\" \/>\n<link rel=\"canonical\" href=\"https:\/\/love-lashes.eu\/en\/payment-methods\/\" \/>\n<meta property=\"og:locale\" content=\"en_US\" \/>\n<meta property=\"og:type\" content=\"article\" \/>\n<meta property=\"og:title\" content=\"Na\u010dini pla\u0107anja - Love Lashes - eyelashes extensions webshop\" \/>\n<meta property=\"og:description\" content=\"Nudimo Vam mogu\u0107nost pla\u0107anja Visa, Mastercard i American Express karticama, Google Pay-om, Apple Pay-om, KeksPay-om, transakcijskim ra\u010dunom ili pla\u0107anjem gotovinom prilikom preuzimanja. Pla\u0107anje karticama Za pla\u0107anje karticama Love Lashes koristi pru\u017eatelja usluga pla\u0107anja Stripe Technology Europe,Limited(the e-money licensed entity with the Central Bank of Ireland), Irska (&#8220;Stripe&#8221;). Detaljnije informacije o obradi podataka mo\u017eete prona\u0107i u [&hellip;]\" \/>\n<meta property=\"og:url\" content=\"https:\/\/love-lashes.eu\/en\/payment-methods\/\" \/>\n<meta property=\"og:site_name\" content=\"Love Lashes - eyelashes extensions webshop\" \/>\n<meta property=\"article:publisher\" content=\"https:\/\/www.facebook.com\/lovelashesbyhanasimcic\" \/>\n<meta property=\"article:modified_time\" content=\"2024-05-03T22:37:55+00:00\" \/>\n<meta name=\"twitter:card\" content=\"summary_large_image\" \/>\n<meta name=\"twitter:label1\" content=\"Est. reading time\" \/>\n\t<meta name=\"twitter:data1\" content=\"1 minute\" \/>\n<script type=\"application\/ld+json\" class=\"yoast-schema-graph\">{\"@context\":\"https:\\\/\\\/schema.org\",\"@graph\":[{\"@type\":\"WebPage\",\"@id\":\"https:\\\/\\\/love-lashes.eu\\\/nacini-placanja\\\/\",\"url\":\"https:\\\/\\\/love-lashes.eu\\\/nacini-placanja\\\/\",\"name\":\"Na\u010dini pla\u0107anja - Love Lashes - eyelashes extensions webshop\",\"isPartOf\":{\"@id\":\"https:\\\/\\\/love-lashes.eu\\\/#website\"},\"datePublished\":\"2024-05-03T22:31:42+00:00\",\"dateModified\":\"2024-05-03T22:37:55+00:00\",\"breadcrumb\":{\"@id\":\"https:\\\/\\\/love-lashes.eu\\\/nacini-placanja\\\/#breadcrumb\"},\"inLanguage\":\"en-US\",\"potentialAction\":[{\"@type\":\"ReadAction\",\"target\":[\"https:\\\/\\\/love-lashes.eu\\\/nacini-placanja\\\/\"]}]},{\"@type\":\"BreadcrumbList\",\"@id\":\"https:\\\/\\\/love-lashes.eu\\\/nacini-placanja\\\/#breadcrumb\",\"itemListElement\":[{\"@type\":\"ListItem\",\"position\":1,\"name\":\"Po\u010detna stranica\",\"item\":\"https:\\\/\\\/love-lashes.eu\\\/\"},{\"@type\":\"ListItem\",\"position\":2,\"name\":\"Na\u010dini pla\u0107anja\"}]},{\"@type\":\"WebSite\",\"@id\":\"https:\\\/\\\/love-lashes.eu\\\/#website\",\"url\":\"https:\\\/\\\/love-lashes.eu\\\/\",\"name\":\"Love Lashes - eyelashes extensions webshop\",\"description\":\"Materijal za ekstenzije trepavica\",\"publisher\":{\"@id\":\"https:\\\/\\\/love-lashes.eu\\\/#organization\"},\"alternateName\":\"Love Lashes - materijal za ekstenzije trepavica\",\"potentialAction\":[{\"@type\":\"SearchAction\",\"target\":{\"@type\":\"EntryPoint\",\"urlTemplate\":\"https:\\\/\\\/love-lashes.eu\\\/?s={search_term_string}\"},\"query-input\":{\"@type\":\"PropertyValueSpecification\",\"valueRequired\":true,\"valueName\":\"search_term_string\"}}],\"inLanguage\":\"en-US\"},{\"@type\":\"Organization\",\"@id\":\"https:\\\/\\\/love-lashes.eu\\\/#organization\",\"name\":\"Love Lashes - eyelashes extensions webshop\",\"url\":\"https:\\\/\\\/love-lashes.eu\\\/\",\"logo\":{\"@type\":\"ImageObject\",\"inLanguage\":\"en-US\",\"@id\":\"https:\\\/\\\/love-lashes.eu\\\/#\\\/schema\\\/logo\\\/image\\\/\",\"url\":\"https:\\\/\\\/love-lashes.eu\\\/wp-content\\\/uploads\\\/2024\\\/01\\\/LoveLashes_logo_bez_web.png\",\"contentUrl\":\"https:\\\/\\\/love-lashes.eu\\\/wp-content\\\/uploads\\\/2024\\\/01\\\/LoveLashes_logo_bez_web.png\",\"width\":1000,\"height\":135,\"caption\":\"Love Lashes - eyelashes extensions webshop\"},\"image\":{\"@id\":\"https:\\\/\\\/love-lashes.eu\\\/#\\\/schema\\\/logo\\\/image\\\/\"},\"sameAs\":[\"https:\\\/\\\/www.facebook.com\\\/lovelashesbyhanasimcic\",\"https:\\\/\\\/www.instagram.com\\\/hana.love.lashes\\\/\"]}]}<\/script>\n<!-- \/ Yoast SEO plugin. -->","yoast_head_json":{"title":"Payment methods - Love Lashes - eyelashes extensions webshop","robots":{"index":"index","follow":"follow","max-snippet":"max-snippet:-1","max-image-preview":"max-image-preview:large","max-video-preview":"max-video-preview:-1"},"canonical":"https:\/\/love-lashes.eu\/en\/payment-methods\/","og_locale":"en_US","og_type":"article","og_title":"Na\u010dini pla\u0107anja - Love Lashes - eyelashes extensions webshop","og_description":"Nudimo Vam mogu\u0107nost pla\u0107anja Visa, Mastercard i American Express karticama, Google Pay-om, Apple Pay-om, KeksPay-om, transakcijskim ra\u010dunom ili pla\u0107anjem gotovinom prilikom preuzimanja. Pla\u0107anje karticama Za pla\u0107anje karticama Love Lashes koristi pru\u017eatelja usluga pla\u0107anja Stripe Technology Europe,Limited(the e-money licensed entity with the Central Bank of Ireland), Irska (&#8220;Stripe&#8221;). Detaljnije informacije o obradi podataka mo\u017eete prona\u0107i u [&hellip;]","og_url":"https:\/\/love-lashes.eu\/en\/payment-methods\/","og_site_name":"Love Lashes - eyelashes extensions webshop","article_publisher":"https:\/\/www.facebook.com\/lovelashesbyhanasimcic","article_modified_time":"2024-05-03T22:37:55+00:00","twitter_card":"summary_large_image","twitter_misc":{"Est. reading time":"1 minute"},"schema":{"@context":"https:\/\/schema.org","@graph":[{"@type":"WebPage","@id":"https:\/\/love-lashes.eu\/nacini-placanja\/","url":"https:\/\/love-lashes.eu\/nacini-placanja\/","name":"Payment methods - Love Lashes - eyelashes extensions webshop","isPartOf":{"@id":"https:\/\/love-lashes.eu\/#website"},"datePublished":"2024-05-03T22:31:42+00:00","dateModified":"2024-05-03T22:37:55+00:00","breadcrumb":{"@id":"https:\/\/love-lashes.eu\/nacini-placanja\/#breadcrumb"},"inLanguage":"en-US","potentialAction":[{"@type":"ReadAction","target":["https:\/\/love-lashes.eu\/nacini-placanja\/"]}]},{"@type":"BreadcrumbList","@id":"https:\/\/love-lashes.eu\/nacini-placanja\/#breadcrumb","itemListElement":[{"@type":"ListItem","position":1,"name":"Po\u010detna stranica","item":"https:\/\/love-lashes.eu\/"},{"@type":"ListItem","position":2,"name":"Na\u010dini pla\u0107anja"}]},{"@type":"WebSite","@id":"https:\/\/love-lashes.eu\/#website","url":"https:\/\/love-lashes.eu\/","name":"Love Lashes - eyelashes extensions webshop","description":"Eyelash extension material","publisher":{"@id":"https:\/\/love-lashes.eu\/#organization"},"alternateName":"Love Lashes - materijal za ekstenzije trepavica","potentialAction":[{"@type":"SearchAction","target":{"@type":"EntryPoint","urlTemplate":"https:\/\/love-lashes.eu\/?s={search_term_string}"},"query-input":{"@type":"PropertyValueSpecification","valueRequired":true,"valueName":"search_term_string"}}],"inLanguage":"en-US"},{"@type":"Organization","@id":"https:\/\/love-lashes.eu\/#organization","name":"Love Lashes - eyelashes extensions webshop","url":"https:\/\/love-lashes.eu\/","logo":{"@type":"ImageObject","inLanguage":"en-US","@id":"https:\/\/love-lashes.eu\/#\/schema\/logo\/image\/","url":"https:\/\/love-lashes.eu\/wp-content\/uploads\/2024\/01\/LoveLashes_logo_bez_web.png","contentUrl":"https:\/\/love-lashes.eu\/wp-content\/uploads\/2024\/01\/LoveLashes_logo_bez_web.png","width":1000,"height":135,"caption":"Love Lashes - eyelashes extensions webshop"},"image":{"@id":"https:\/\/love-lashes.eu\/#\/schema\/logo\/image\/"},"sameAs":["https:\/\/www.facebook.com\/lovelashesbyhanasimcic","https:\/\/www.instagram.com\/hana.love.lashes\/"]}]}},"_links":{"self":[{"href":"https:\/\/love-lashes.eu\/en\/wp-json\/wp\/v2\/pages\/521","targetHints":{"allow":["GET"]}}],"collection":[{"href":"https:\/\/love-lashes.eu\/en\/wp-json\/wp\/v2\/pages"}],"about":[{"href":"https:\/\/love-lashes.eu\/en\/wp-json\/wp\/v2\/types\/page"}],"author":[{"embeddable":true,"href":"https:\/\/love-lashes.eu\/en\/wp-json\/wp\/v2\/users\/1"}],"replies":[{"embeddable":true,"href":"https:\/\/love-lashes.eu\/en\/wp-json\/wp\/v2\/comments?post=521"}],"version-history":[{"count":0,"href":"https:\/\/love-lashes.eu\/en\/wp-json\/wp\/v2\/pages\/521\/revisions"}],"wp:attachment":[{"href":"https:\/\/love-lashes.eu\/en\/wp-json\/wp\/v2\/media?parent=521"}],"curies":[{"name":"wp","href":"https:\/\/api.w.org\/{rel}","templated":true}]}}