{"id":177,"date":"2024-01-14T16:46:02","date_gmt":"2024-01-14T15:46:02","guid":{"rendered":"https:\/\/love-lashes.eu\/?post_type=product&#038;p=177"},"modified":"2026-04-13T13:41:06","modified_gmt":"2026-04-13T12:41:06","slug":"dark-chocolate-eyelash-extensions-0-07-mix","status":"publish","type":"product","link":"https:\/\/love-lashes.eu\/en\/product\/ekstenzije-trepavica-boje-tamne-cokolade-0-07-mix\/","title":{"rendered":"Dark chocolate eyelash extensions 0.07 \u2013 MIX"},"content":{"rendered":"","protected":false},"excerpt":{"rendered":"<ul>\n<li>Dark chocolate extensions blend perfectly with blue eyes or blonde hair, providing flawless styling of sets. For people with lighter skin, hair or eyes, classic black  lashes can sometimes look too artificial. That\u2019s where dark chocolate lashes come in - delivering a natural look with a warm tone that enhances beauty without looking artificial.<\/li>\n<li>They\u2019re also perfect for clients who prefer a gentler, more subtle look on the eyes. The rich brown tone adds definition while keeping things soft and natural.<\/li>\n<li>With 20 rows per box, they offer more combination options and usability, including additional strips of popular sizes 9, 10 and 11, reducing the need for frequent material purchases.<\/li>\n<li>Carefully selected, with a special adhesive tape for easy fanning. The precision that is essential for every lash artist allows for perfect placement, preventing movement from the tape.<\/li>\n<\/ul>","protected":false},"featured_media":338,"comment_status":"open","ping_status":"closed","template":"","meta":[],"product_brand":[],"product_cat":[17],"product_tag":[22,71,23],"class_list":{"0":"post-177","1":"product","2":"type-product","3":"status-publish","4":"has-post-thumbnail","6":"product_cat-ekstenzije","7":"product_tag-0-07","8":"product_tag-akcija","9":"product_tag-tamna-cokolada","11":"first","12":"instock","13":"taxable","14":"shipping-taxable","15":"purchasable","16":"product-type-variable"},"yoast_head":"<!-- This site is optimized with the Yoast SEO plugin v27.4 - https:\/\/yoast.com\/product\/yoast-seo-wordpress\/ -->\n<title>Ekstenzije trepavica boje tamne \u010dokolade 0.07 - MIX - Love Lashes - eyelashes extensions webshop<\/title>\n<meta name=\"robots\" content=\"index, follow, max-snippet:-1, max-image-preview:large, max-video-preview:-1\" \/>\n<link rel=\"canonical\" href=\"https:\/\/love-lashes.eu\/en\/products\/dark-chocolate-eyelash-extensions-0-07-mix\/\" \/>\n<meta property=\"og:locale\" content=\"en_US\" \/>\n<meta property=\"og:type\" content=\"article\" \/>\n<meta property=\"og:title\" content=\"Ekstenzije trepavica boje tamne \u010dokolade 0.07 - MIX - Love Lashes - eyelashes extensions webshop\" \/>\n<meta property=\"og:description\" content=\"Tamno\u010dokoladne ekstenzije savr\u0161eno se uklapaju uz plave o\u010di ili plavu kosu, pru\u017eaju\u0107i besprijekorno stiliziranje setova. Za osobe s svjetlijom puti, kosom ili o\u010dima, klasi\u010dna crna boja \u010desto mo\u017ee izgledati preumjetno. Zato su tu dark chocolate ekstenzije koje pru\u017eaju prirodan izgled, s nijansom tamne \u010dokolade koja isti\u010de ljepotu bez neprirodnosti.  Tako\u0111er su idealan izbor i za \u017eene koje preferiraju mek\u0161i izgled na o\u010dima. Ova boja pru\u017ea suptilan, prirodan izgled, a dovoljno isti\u010du o\u010di.  S 20 redova po kutijici, pru\u017eaju vi\u0161e mogu\u0107nosti kombinacija i iskoristivost, uklju\u010duju\u0107i dodatne trakice popularnih brojeva 9, 10 i 11, smanjuju\u0107i potrebu za \u010destom kupovinom materijala.  Pa\u017eljivo odabrane, s posebnom ljepljivom trakom za jednostavnu izradu lepeza. Preciznost koja je bitna svakom lash artistu omogu\u0107uje savr\u0161eno postavljanje, sprje\u010davaju\u0107i pomicanje s trake.\" \/>\n<meta property=\"og:url\" content=\"https:\/\/love-lashes.eu\/en\/products\/dark-chocolate-eyelash-extensions-0-07-mix\/\" \/>\n<meta property=\"og:site_name\" content=\"Love Lashes - eyelashes extensions webshop\" \/>\n<meta property=\"article:publisher\" content=\"https:\/\/www.facebook.com\/lovelashesbyhanasimcic\" \/>\n<meta property=\"article:modified_time\" content=\"2026-04-13T12:41:06+00:00\" \/>\n<meta property=\"og:image\" content=\"https:\/\/love-lashes.eu\/wp-content\/uploads\/2024\/04\/DSC02392-scaled.jpg\" \/>\n\t<meta property=\"og:image:width\" content=\"1922\" \/>\n\t<meta property=\"og:image:height\" content=\"2560\" \/>\n\t<meta property=\"og:image:type\" content=\"image\/jpeg\" \/>\n<meta name=\"twitter:card\" content=\"summary_large_image\" \/>\n<meta name=\"twitter:label1\" content=\"Est. reading time\" \/>\n\t<meta name=\"twitter:data1\" content=\"1 minute\" \/>\n<script type=\"application\/ld+json\" class=\"yoast-schema-graph\">{\"@context\":\"https:\\\/\\\/schema.org\",\"@graph\":[{\"@type\":\"WebPage\",\"@id\":\"https:\\\/\\\/love-lashes.eu\\\/product\\\/ekstenzije-trepavica-boje-tamne-cokolade-0-07-mix\\\/\",\"url\":\"https:\\\/\\\/love-lashes.eu\\\/product\\\/ekstenzije-trepavica-boje-tamne-cokolade-0-07-mix\\\/\",\"name\":\"Ekstenzije trepavica boje tamne \u010dokolade 0.07 - MIX - Love Lashes - eyelashes extensions webshop\",\"isPartOf\":{\"@id\":\"https:\\\/\\\/love-lashes.eu\\\/#website\"},\"primaryImageOfPage\":{\"@id\":\"https:\\\/\\\/love-lashes.eu\\\/product\\\/ekstenzije-trepavica-boje-tamne-cokolade-0-07-mix\\\/#primaryimage\"},\"image\":{\"@id\":\"https:\\\/\\\/love-lashes.eu\\\/product\\\/ekstenzije-trepavica-boje-tamne-cokolade-0-07-mix\\\/#primaryimage\"},\"thumbnailUrl\":\"https:\\\/\\\/love-lashes.eu\\\/wp-content\\\/uploads\\\/2024\\\/04\\\/DSC02392-scaled.jpg\",\"datePublished\":\"2024-01-14T15:46:02+00:00\",\"dateModified\":\"2026-04-13T12:41:06+00:00\",\"breadcrumb\":{\"@id\":\"https:\\\/\\\/love-lashes.eu\\\/product\\\/ekstenzije-trepavica-boje-tamne-cokolade-0-07-mix\\\/#breadcrumb\"},\"inLanguage\":\"en-US\",\"potentialAction\":[{\"@type\":\"ReadAction\",\"target\":[\"https:\\\/\\\/love-lashes.eu\\\/product\\\/ekstenzije-trepavica-boje-tamne-cokolade-0-07-mix\\\/\"]}]},{\"@type\":\"ImageObject\",\"inLanguage\":\"en-US\",\"@id\":\"https:\\\/\\\/love-lashes.eu\\\/product\\\/ekstenzije-trepavica-boje-tamne-cokolade-0-07-mix\\\/#primaryimage\",\"url\":\"https:\\\/\\\/love-lashes.eu\\\/wp-content\\\/uploads\\\/2024\\\/04\\\/DSC02392-scaled.jpg\",\"contentUrl\":\"https:\\\/\\\/love-lashes.eu\\\/wp-content\\\/uploads\\\/2024\\\/04\\\/DSC02392-scaled.jpg\",\"width\":1922,\"height\":2560},{\"@type\":\"BreadcrumbList\",\"@id\":\"https:\\\/\\\/love-lashes.eu\\\/product\\\/ekstenzije-trepavica-boje-tamne-cokolade-0-07-mix\\\/#breadcrumb\",\"itemListElement\":[{\"@type\":\"ListItem\",\"position\":1,\"name\":\"Po\u010detna stranica\",\"item\":\"https:\\\/\\\/love-lashes.eu\\\/\"},{\"@type\":\"ListItem\",\"position\":2,\"name\":\"Shop\",\"item\":\"https:\\\/\\\/love-lashes.eu\\\/shop\\\/\"},{\"@type\":\"ListItem\",\"position\":3,\"name\":\"Ekstenzije trepavica boje tamne \u010dokolade 0.07 &#8211; MIX\"}]},{\"@type\":\"WebSite\",\"@id\":\"https:\\\/\\\/love-lashes.eu\\\/#website\",\"url\":\"https:\\\/\\\/love-lashes.eu\\\/\",\"name\":\"Love Lashes - eyelashes extensions webshop\",\"description\":\"Materijal za ekstenzije trepavica\",\"publisher\":{\"@id\":\"https:\\\/\\\/love-lashes.eu\\\/#organization\"},\"alternateName\":\"Love Lashes - materijal za ekstenzije trepavica\",\"potentialAction\":[{\"@type\":\"SearchAction\",\"target\":{\"@type\":\"EntryPoint\",\"urlTemplate\":\"https:\\\/\\\/love-lashes.eu\\\/?s={search_term_string}\"},\"query-input\":{\"@type\":\"PropertyValueSpecification\",\"valueRequired\":true,\"valueName\":\"search_term_string\"}}],\"inLanguage\":\"en-US\"},{\"@type\":\"Organization\",\"@id\":\"https:\\\/\\\/love-lashes.eu\\\/#organization\",\"name\":\"Love Lashes - eyelashes extensions webshop\",\"url\":\"https:\\\/\\\/love-lashes.eu\\\/\",\"logo\":{\"@type\":\"ImageObject\",\"inLanguage\":\"en-US\",\"@id\":\"https:\\\/\\\/love-lashes.eu\\\/#\\\/schema\\\/logo\\\/image\\\/\",\"url\":\"https:\\\/\\\/love-lashes.eu\\\/wp-content\\\/uploads\\\/2024\\\/01\\\/LoveLashes_logo_bez_web.png\",\"contentUrl\":\"https:\\\/\\\/love-lashes.eu\\\/wp-content\\\/uploads\\\/2024\\\/01\\\/LoveLashes_logo_bez_web.png\",\"width\":1000,\"height\":135,\"caption\":\"Love Lashes - eyelashes extensions webshop\"},\"image\":{\"@id\":\"https:\\\/\\\/love-lashes.eu\\\/#\\\/schema\\\/logo\\\/image\\\/\"},\"sameAs\":[\"https:\\\/\\\/www.facebook.com\\\/lovelashesbyhanasimcic\",\"https:\\\/\\\/www.instagram.com\\\/hana.love.lashes\\\/\"]}]}<\/script>\n<!-- \/ Yoast SEO plugin. -->","yoast_head_json":{"title":"Eyelash extensions dark chocolate 0.07 - MIX - Love Lashes - eyelashes extensions webshop","robots":{"index":"index","follow":"follow","max-snippet":"max-snippet:-1","max-image-preview":"max-image-preview:large","max-video-preview":"max-video-preview:-1"},"canonical":"https:\/\/love-lashes.eu\/en\/products\/dark-chocolate-eyelash-extensions-0-07-mix\/","og_locale":"en_US","og_type":"article","og_title":"Ekstenzije trepavica boje tamne \u010dokolade 0.07 - MIX - Love Lashes - eyelashes extensions webshop","og_description":"Tamno\u010dokoladne ekstenzije savr\u0161eno se uklapaju uz plave o\u010di ili plavu kosu, pru\u017eaju\u0107i besprijekorno stiliziranje setova. Za osobe s svjetlijom puti, kosom ili o\u010dima, klasi\u010dna crna boja \u010desto mo\u017ee izgledati preumjetno. Zato su tu dark chocolate ekstenzije koje pru\u017eaju prirodan izgled, s nijansom tamne \u010dokolade koja isti\u010de ljepotu bez neprirodnosti.  Tako\u0111er su idealan izbor i za \u017eene koje preferiraju mek\u0161i izgled na o\u010dima. Ova boja pru\u017ea suptilan, prirodan izgled, a dovoljno isti\u010du o\u010di.  S 20 redova po kutijici, pru\u017eaju vi\u0161e mogu\u0107nosti kombinacija i iskoristivost, uklju\u010duju\u0107i dodatne trakice popularnih brojeva 9, 10 i 11, smanjuju\u0107i potrebu za \u010destom kupovinom materijala.  Pa\u017eljivo odabrane, s posebnom ljepljivom trakom za jednostavnu izradu lepeza. Preciznost koja je bitna svakom lash artistu omogu\u0107uje savr\u0161eno postavljanje, sprje\u010davaju\u0107i pomicanje s trake.","og_url":"https:\/\/love-lashes.eu\/en\/products\/dark-chocolate-eyelash-extensions-0-07-mix\/","og_site_name":"Love Lashes - eyelashes extensions webshop","article_publisher":"https:\/\/www.facebook.com\/lovelashesbyhanasimcic","article_modified_time":"2026-04-13T12:41:06+00:00","og_image":[{"width":1922,"height":2560,"url":"https:\/\/love-lashes.eu\/wp-content\/uploads\/2024\/04\/DSC02392-scaled.jpg","type":"image\/jpeg"}],"twitter_card":"summary_large_image","twitter_misc":{"Est. reading time":"1 minute"},"schema":{"@context":"https:\/\/schema.org","@graph":[{"@type":"WebPage","@id":"https:\/\/love-lashes.eu\/product\/ekstenzije-trepavica-boje-tamne-cokolade-0-07-mix\/","url":"https:\/\/love-lashes.eu\/product\/ekstenzije-trepavica-boje-tamne-cokolade-0-07-mix\/","name":"Eyelash extensions dark chocolate 0.07 - MIX - Love Lashes - eyelashes extensions webshop","isPartOf":{"@id":"https:\/\/love-lashes.eu\/#website"},"primaryImageOfPage":{"@id":"https:\/\/love-lashes.eu\/product\/ekstenzije-trepavica-boje-tamne-cokolade-0-07-mix\/#primaryimage"},"image":{"@id":"https:\/\/love-lashes.eu\/product\/ekstenzije-trepavica-boje-tamne-cokolade-0-07-mix\/#primaryimage"},"thumbnailUrl":"https:\/\/love-lashes.eu\/wp-content\/uploads\/2024\/04\/DSC02392-scaled.jpg","datePublished":"2024-01-14T15:46:02+00:00","dateModified":"2026-04-13T12:41:06+00:00","breadcrumb":{"@id":"https:\/\/love-lashes.eu\/product\/ekstenzije-trepavica-boje-tamne-cokolade-0-07-mix\/#breadcrumb"},"inLanguage":"en-US","potentialAction":[{"@type":"ReadAction","target":["https:\/\/love-lashes.eu\/product\/ekstenzije-trepavica-boje-tamne-cokolade-0-07-mix\/"]}]},{"@type":"ImageObject","inLanguage":"en-US","@id":"https:\/\/love-lashes.eu\/product\/ekstenzije-trepavica-boje-tamne-cokolade-0-07-mix\/#primaryimage","url":"https:\/\/love-lashes.eu\/wp-content\/uploads\/2024\/04\/DSC02392-scaled.jpg","contentUrl":"https:\/\/love-lashes.eu\/wp-content\/uploads\/2024\/04\/DSC02392-scaled.jpg","width":1922,"height":2560},{"@type":"BreadcrumbList","@id":"https:\/\/love-lashes.eu\/product\/ekstenzije-trepavica-boje-tamne-cokolade-0-07-mix\/#breadcrumb","itemListElement":[{"@type":"ListItem","position":1,"name":"Po\u010detna stranica","item":"https:\/\/love-lashes.eu\/"},{"@type":"ListItem","position":2,"name":"Shop","item":"https:\/\/love-lashes.eu\/shop\/"},{"@type":"ListItem","position":3,"name":"Ekstenzije trepavica boje tamne \u010dokolade 0.07 &#8211; MIX"}]},{"@type":"WebSite","@id":"https:\/\/love-lashes.eu\/#website","url":"https:\/\/love-lashes.eu\/","name":"Love Lashes - eyelashes extensions webshop","description":"Eyelash extension material","publisher":{"@id":"https:\/\/love-lashes.eu\/#organization"},"alternateName":"Love Lashes - materijal za ekstenzije trepavica","potentialAction":[{"@type":"SearchAction","target":{"@type":"EntryPoint","urlTemplate":"https:\/\/love-lashes.eu\/?s={search_term_string}"},"query-input":{"@type":"PropertyValueSpecification","valueRequired":true,"valueName":"search_term_string"}}],"inLanguage":"en-US"},{"@type":"Organization","@id":"https:\/\/love-lashes.eu\/#organization","name":"Love Lashes - eyelashes extensions webshop","url":"https:\/\/love-lashes.eu\/","logo":{"@type":"ImageObject","inLanguage":"en-US","@id":"https:\/\/love-lashes.eu\/#\/schema\/logo\/image\/","url":"https:\/\/love-lashes.eu\/wp-content\/uploads\/2024\/01\/LoveLashes_logo_bez_web.png","contentUrl":"https:\/\/love-lashes.eu\/wp-content\/uploads\/2024\/01\/LoveLashes_logo_bez_web.png","width":1000,"height":135,"caption":"Love Lashes - eyelashes extensions webshop"},"image":{"@id":"https:\/\/love-lashes.eu\/#\/schema\/logo\/image\/"},"sameAs":["https:\/\/www.facebook.com\/lovelashesbyhanasimcic","https:\/\/www.instagram.com\/hana.love.lashes\/"]}]}},"_links":{"self":[{"href":"https:\/\/love-lashes.eu\/en\/wp-json\/wp\/v2\/product\/177","targetHints":{"allow":["GET"]}}],"collection":[{"href":"https:\/\/love-lashes.eu\/en\/wp-json\/wp\/v2\/product"}],"about":[{"href":"https:\/\/love-lashes.eu\/en\/wp-json\/wp\/v2\/types\/product"}],"replies":[{"embeddable":true,"href":"https:\/\/love-lashes.eu\/en\/wp-json\/wp\/v2\/comments?post=177"}],"wp:featuredmedia":[{"embeddable":true,"href":"https:\/\/love-lashes.eu\/en\/wp-json\/wp\/v2\/media\/338"}],"wp:attachment":[{"href":"https:\/\/love-lashes.eu\/en\/wp-json\/wp\/v2\/media?parent=177"}],"wp:term":[{"taxonomy":"product_brand","embeddable":true,"href":"https:\/\/love-lashes.eu\/en\/wp-json\/wp\/v2\/product_brand?post=177"},{"taxonomy":"product_cat","embeddable":true,"href":"https:\/\/love-lashes.eu\/en\/wp-json\/wp\/v2\/product_cat?post=177"},{"taxonomy":"product_tag","embeddable":true,"href":"https:\/\/love-lashes.eu\/en\/wp-json\/wp\/v2\/product_tag?post=177"}],"curies":[{"name":"wp","href":"https:\/\/api.w.org\/{rel}","templated":true}]}}