{"id":181,"date":"2024-01-14T17:29:17","date_gmt":"2024-01-14T16:29:17","guid":{"rendered":"https:\/\/love-lashes.eu\/?post_type=product&#038;p=181"},"modified":"2026-04-17T08:10:37","modified_gmt":"2026-04-17T07:10:37","slug":"eyelash-extensions-0-07-mix","status":"publish","type":"product","link":"https:\/\/love-lashes.eu\/en\/product\/ekstenzije-trepavica-0-07-mix\/","title":{"rendered":"Eyelash extensions 0.07 \u2013 MIX"},"content":{"rendered":"<p class=\"p1\">Love Lashes Eyelash Extensions \u2013 Mix Sizes are the perfect choice for lash artists who want flexibility and variety in their work. This set includes a range of lengths in one box, making it ideal for creating natural, custom sets tailored to every client. Made from carefully selected premium materials, Love Lashes extensions provide comfort, durability and a flawless look.<\/p>\n<h2 class=\"p3\"><b>Why choose Love Lashes Mix?<\/b><b><\/b><\/h2>\n<p class=\"p4\">\u2022<b>All in one package<\/b>: Includes most-used lengths (5 mm to 13 mm) plus extra rows of 9, 10, and 11 for seamless layering.<\/p>\n<p class=\"p4\">\u2022<b>Premium quality<\/b>: Made from ultra-lightweight synthetic fibers that replicate the look of natural eyelashes, without weighing down the eyelids.<\/p>\n<p class=\"p4\">\u2022<b>Perfect volume and definition<\/b>: 0.07 mm thickness for natural look, volume or mega volume effect.<\/p>\n<p class=\"p4\">\u2022<b>Consistent curl<\/b>: vailable in multiple curls - C, CC, L, M - to match any eye shape.<\/p>\n<p class=\"p4\">\u2022<b>Easy application<\/b>: Flat lash base ensures ideal grip with adhesive, speeding up application and boosting results.<\/p>\n<h2 class=\"p3\"><b>Product specifications<\/b><b><\/b><\/h2>\n<p class=\"p4\">\u2022<b>Curls<\/b>: Available in C, CC, M and L curls for different application styles.<\/p>\n<p class=\"p4\">\u2022<b>Lengths in MIX tray:<\/b>: 5 mm \u2013 13 mm, with additional rows in 9, 10, and 11 mm<\/p>\n<p class=\"p4\">\u2022<b>Thickness<\/b>: 0.07 mm.<\/p>\n<p class=\"p4\">\u2022<b>Color<\/b>: Black, dark, provides depth. Shiny enough without looking artificial on the eyes.<\/p>\n<h2 class=\"p3\"><b>Who are they for?<\/b><b><\/b><\/h2>\n<p class=\"p1\">Love Lashes MIX extensions are ideal for lash artists who:<\/p>\n<p class=\"p4\">\u2022Want flexibility in creating natural and voluminous sets<\/p>\n<p class=\"p4\">\u2022Need a time-saving tool that reduces the need for multiple trays<\/p>\n<p class=\"p4\">\u2022 Seek high-quality materials that meet professional standards<\/p>\n<h2 class=\"p3\"><b>Usage Tips<\/b><b><\/b><\/h2>\n<p class=\"p5\">1. Prep the natural lashes with proper pre-cleaner and primer before application.<\/p>\n<p class=\"p5\">2. Choose the right length from the MIX tray to create your desired effect.<\/p>\n<p class=\"p5\">3. Use <a href=\"https:\/\/love-lashes.eu\/en\/product-category-2\/glue\/\">Love Lashes adhesive<\/a> for maximum retention and perfect bonding.<\/p>\n<h2 class=\"p3\"><b>Pro Tip<\/b><b><\/b><\/h2>\n<p class=\"p1\">Combine Love Lashes Mix extensions with our <a href=\"https:\/\/love-lashes.eu\/en\/product-category-2\/glue\/\">professional adhesives<\/a> and <a href=\"https:\/\/love-lashes.eu\/en\/product-category-2\/tweezers\/\">tweezers<\/a> to ensure long-lasting and flawless results for every client.<\/p>","protected":false},"excerpt":{"rendered":"<ul>\n<li>These lashes are carefully selected, with a special adhesive tape for easy fanning. The precision that is essential for any lash artist allows for perfect placement, preventing movement from the tape.<\/li>\n<li>With 20 rows per box, they offer more creative freedom and better product usage, including bonus strips in the most-used lengths (9, 10, 11), reducing the need for frequent restocking.<\/li>\n<li>The eyelash color is perfectly dosed \u2013 dark, black, providing depth, shiny enough so as not to appear plastic and artificial on the eyes.<\/li>\n<li>Tested and approved by years of hands-on experience, these lashes will elevate every set, making them effortlessly beautiful.<\/li>\n<\/ul>","protected":false},"featured_media":332,"comment_status":"open","ping_status":"closed","template":"","meta":[],"product_brand":[],"product_cat":[17],"product_tag":[22,71,56],"class_list":{"0":"post-181","1":"product","2":"type-product","3":"status-publish","4":"has-post-thumbnail","6":"product_cat-ekstenzije","7":"product_tag-0-07","8":"product_tag-akcija","9":"product_tag-crne","11":"first","12":"instock","13":"taxable","14":"shipping-taxable","15":"purchasable","16":"product-type-variable"},"yoast_head":"<!-- This site is optimized with the Yoast SEO plugin v27.4 - https:\/\/yoast.com\/product\/yoast-seo-wordpress\/ -->\n<title>Ekstenzije trepavica 0.07 - MIX - Love Lashes - eyelashes extensions webshop<\/title>\n<meta name=\"description\" content=\"Love Lashes ekstenzije trepavica \u2013 Mix veli\u010dine su savr\u0161en izbor za lash artiste koji \u017eele fleksibilnost i raznovrsnost u svom radu. Ovaj set sadr\u017ei razli\u010dite duljine trepavica u jednoj kutiji, \u0161to ga \u010dini idealnim za kreiranje prirodnih i prilago\u0111enih setova za svaku klijenticu. S pa\u017eljivo odabranim materijalima vrhunske kvalitete, Love Lashes ekstenzije pru\u017eaju udobnost, dugotrajnost i besprijekoran izgled.\" \/>\n<meta name=\"robots\" content=\"index, follow, max-snippet:-1, max-image-preview:large, max-video-preview:-1\" \/>\n<link rel=\"canonical\" href=\"https:\/\/love-lashes.eu\/en\/products\/eyelash-extensions-0-07-mix\/\" \/>\n<meta property=\"og:locale\" content=\"en_US\" \/>\n<meta property=\"og:type\" content=\"article\" \/>\n<meta property=\"og:title\" content=\"Ekstenzije trepavica 0.07 - MIX - Love Lashes - eyelashes extensions webshop\" \/>\n<meta property=\"og:description\" content=\"Love Lashes ekstenzije trepavica \u2013 Mix veli\u010dine su savr\u0161en izbor za lash artiste koji \u017eele fleksibilnost i raznovrsnost u svom radu. Ovaj set sadr\u017ei razli\u010dite duljine trepavica u jednoj kutiji, \u0161to ga \u010dini idealnim za kreiranje prirodnih i prilago\u0111enih setova za svaku klijenticu. S pa\u017eljivo odabranim materijalima vrhunske kvalitete, Love Lashes ekstenzije pru\u017eaju udobnost, dugotrajnost i besprijekoran izgled.\" \/>\n<meta property=\"og:url\" content=\"https:\/\/love-lashes.eu\/en\/products\/eyelash-extensions-0-07-mix\/\" \/>\n<meta property=\"og:site_name\" content=\"Love Lashes - eyelashes extensions webshop\" \/>\n<meta property=\"article:publisher\" content=\"https:\/\/www.facebook.com\/lovelashesbyhanasimcic\" \/>\n<meta property=\"article:modified_time\" content=\"2026-04-17T07:10:37+00:00\" \/>\n<meta property=\"og:image\" content=\"https:\/\/love-lashes.eu\/wp-content\/uploads\/2024\/04\/DSC02377-scaled.jpg\" \/>\n\t<meta property=\"og:image:width\" content=\"1922\" \/>\n\t<meta property=\"og:image:height\" content=\"2560\" \/>\n\t<meta property=\"og:image:type\" content=\"image\/jpeg\" \/>\n<meta name=\"twitter:card\" content=\"summary_large_image\" \/>\n<meta name=\"twitter:label1\" content=\"Est. reading time\" \/>\n\t<meta name=\"twitter:data1\" content=\"2 minutes\" \/>\n<script type=\"application\/ld+json\" class=\"yoast-schema-graph\">{\"@context\":\"https:\\\/\\\/schema.org\",\"@graph\":[{\"@type\":\"WebPage\",\"@id\":\"https:\\\/\\\/love-lashes.eu\\\/product\\\/ekstenzije-trepavica-0-07-mix\\\/\",\"url\":\"https:\\\/\\\/love-lashes.eu\\\/product\\\/ekstenzije-trepavica-0-07-mix\\\/\",\"name\":\"Ekstenzije trepavica 0.07 - MIX - Love Lashes - eyelashes extensions webshop\",\"isPartOf\":{\"@id\":\"https:\\\/\\\/love-lashes.eu\\\/#website\"},\"primaryImageOfPage\":{\"@id\":\"https:\\\/\\\/love-lashes.eu\\\/product\\\/ekstenzije-trepavica-0-07-mix\\\/#primaryimage\"},\"image\":{\"@id\":\"https:\\\/\\\/love-lashes.eu\\\/product\\\/ekstenzije-trepavica-0-07-mix\\\/#primaryimage\"},\"thumbnailUrl\":\"https:\\\/\\\/love-lashes.eu\\\/wp-content\\\/uploads\\\/2024\\\/04\\\/DSC02377-scaled.jpg\",\"datePublished\":\"2024-01-14T16:29:17+00:00\",\"dateModified\":\"2026-04-17T07:10:37+00:00\",\"description\":\"Love Lashes ekstenzije trepavica \u2013 Mix veli\u010dine su savr\u0161en izbor za lash artiste koji \u017eele fleksibilnost i raznovrsnost u svom radu. Ovaj set sadr\u017ei razli\u010dite duljine trepavica u jednoj kutiji, \u0161to ga \u010dini idealnim za kreiranje prirodnih i prilago\u0111enih setova za svaku klijenticu. S pa\u017eljivo odabranim materijalima vrhunske kvalitete, Love Lashes ekstenzije pru\u017eaju udobnost, dugotrajnost i besprijekoran izgled.\",\"breadcrumb\":{\"@id\":\"https:\\\/\\\/love-lashes.eu\\\/product\\\/ekstenzije-trepavica-0-07-mix\\\/#breadcrumb\"},\"inLanguage\":\"en-US\",\"potentialAction\":[{\"@type\":\"ReadAction\",\"target\":[\"https:\\\/\\\/love-lashes.eu\\\/product\\\/ekstenzije-trepavica-0-07-mix\\\/\"]}]},{\"@type\":\"ImageObject\",\"inLanguage\":\"en-US\",\"@id\":\"https:\\\/\\\/love-lashes.eu\\\/product\\\/ekstenzije-trepavica-0-07-mix\\\/#primaryimage\",\"url\":\"https:\\\/\\\/love-lashes.eu\\\/wp-content\\\/uploads\\\/2024\\\/04\\\/DSC02377-scaled.jpg\",\"contentUrl\":\"https:\\\/\\\/love-lashes.eu\\\/wp-content\\\/uploads\\\/2024\\\/04\\\/DSC02377-scaled.jpg\",\"width\":1922,\"height\":2560,\"caption\":\"Ekstenzije trepavica 0.07 MIX razne du\u017eine Love Lashes\"},{\"@type\":\"BreadcrumbList\",\"@id\":\"https:\\\/\\\/love-lashes.eu\\\/product\\\/ekstenzije-trepavica-0-07-mix\\\/#breadcrumb\",\"itemListElement\":[{\"@type\":\"ListItem\",\"position\":1,\"name\":\"Po\u010detna stranica\",\"item\":\"https:\\\/\\\/love-lashes.eu\\\/\"},{\"@type\":\"ListItem\",\"position\":2,\"name\":\"Shop\",\"item\":\"https:\\\/\\\/love-lashes.eu\\\/shop\\\/\"},{\"@type\":\"ListItem\",\"position\":3,\"name\":\"Ekstenzije trepavica 0.07 &#8211; MIX\"}]},{\"@type\":\"WebSite\",\"@id\":\"https:\\\/\\\/love-lashes.eu\\\/#website\",\"url\":\"https:\\\/\\\/love-lashes.eu\\\/\",\"name\":\"Love Lashes - eyelashes extensions webshop\",\"description\":\"Materijal za ekstenzije trepavica\",\"publisher\":{\"@id\":\"https:\\\/\\\/love-lashes.eu\\\/#organization\"},\"alternateName\":\"Love Lashes - materijal za ekstenzije trepavica\",\"potentialAction\":[{\"@type\":\"SearchAction\",\"target\":{\"@type\":\"EntryPoint\",\"urlTemplate\":\"https:\\\/\\\/love-lashes.eu\\\/?s={search_term_string}\"},\"query-input\":{\"@type\":\"PropertyValueSpecification\",\"valueRequired\":true,\"valueName\":\"search_term_string\"}}],\"inLanguage\":\"en-US\"},{\"@type\":\"Organization\",\"@id\":\"https:\\\/\\\/love-lashes.eu\\\/#organization\",\"name\":\"Love Lashes - eyelashes extensions webshop\",\"url\":\"https:\\\/\\\/love-lashes.eu\\\/\",\"logo\":{\"@type\":\"ImageObject\",\"inLanguage\":\"en-US\",\"@id\":\"https:\\\/\\\/love-lashes.eu\\\/#\\\/schema\\\/logo\\\/image\\\/\",\"url\":\"https:\\\/\\\/love-lashes.eu\\\/wp-content\\\/uploads\\\/2024\\\/01\\\/LoveLashes_logo_bez_web.png\",\"contentUrl\":\"https:\\\/\\\/love-lashes.eu\\\/wp-content\\\/uploads\\\/2024\\\/01\\\/LoveLashes_logo_bez_web.png\",\"width\":1000,\"height\":135,\"caption\":\"Love Lashes - eyelashes extensions webshop\"},\"image\":{\"@id\":\"https:\\\/\\\/love-lashes.eu\\\/#\\\/schema\\\/logo\\\/image\\\/\"},\"sameAs\":[\"https:\\\/\\\/www.facebook.com\\\/lovelashesbyhanasimcic\",\"https:\\\/\\\/www.instagram.com\\\/hana.love.lashes\\\/\"]}]}<\/script>\n<!-- \/ Yoast SEO plugin. -->","yoast_head_json":{"title":"Eyelash extensions 0.07 - MIX - Love Lashes - eyelashes extensions webshop","description":"Love Lashes Eyelash Extensions \u2013 Mix Sizes are the perfect choice for lash artists who want flexibility and variety in their work. This set includes a range of lengths in one box, making it ideal for creating natural, custom sets tailored to every client. Made from carefully selected premium materials, Love Lashes extensions provide comfort, durability and a flawless look.","robots":{"index":"index","follow":"follow","max-snippet":"max-snippet:-1","max-image-preview":"max-image-preview:large","max-video-preview":"max-video-preview:-1"},"canonical":"https:\/\/love-lashes.eu\/en\/products\/eyelash-extensions-0-07-mix\/","og_locale":"en_US","og_type":"article","og_title":"Ekstenzije trepavica 0.07 - MIX - Love Lashes - eyelashes extensions webshop","og_description":"Love Lashes ekstenzije trepavica \u2013 Mix veli\u010dine su savr\u0161en izbor za lash artiste koji \u017eele fleksibilnost i raznovrsnost u svom radu. Ovaj set sadr\u017ei razli\u010dite duljine trepavica u jednoj kutiji, \u0161to ga \u010dini idealnim za kreiranje prirodnih i prilago\u0111enih setova za svaku klijenticu. S pa\u017eljivo odabranim materijalima vrhunske kvalitete, Love Lashes ekstenzije pru\u017eaju udobnost, dugotrajnost i besprijekoran izgled.","og_url":"https:\/\/love-lashes.eu\/en\/products\/eyelash-extensions-0-07-mix\/","og_site_name":"Love Lashes - eyelashes extensions webshop","article_publisher":"https:\/\/www.facebook.com\/lovelashesbyhanasimcic","article_modified_time":"2026-04-17T07:10:37+00:00","og_image":[{"width":1922,"height":2560,"url":"https:\/\/love-lashes.eu\/wp-content\/uploads\/2024\/04\/DSC02377-scaled.jpg","type":"image\/jpeg"}],"twitter_card":"summary_large_image","twitter_misc":{"Est. reading time":"2 minutes"},"schema":{"@context":"https:\/\/schema.org","@graph":[{"@type":"WebPage","@id":"https:\/\/love-lashes.eu\/product\/ekstenzije-trepavica-0-07-mix\/","url":"https:\/\/love-lashes.eu\/product\/ekstenzije-trepavica-0-07-mix\/","name":"Eyelash extensions 0.07 - MIX - Love Lashes - eyelashes extensions webshop","isPartOf":{"@id":"https:\/\/love-lashes.eu\/#website"},"primaryImageOfPage":{"@id":"https:\/\/love-lashes.eu\/product\/ekstenzije-trepavica-0-07-mix\/#primaryimage"},"image":{"@id":"https:\/\/love-lashes.eu\/product\/ekstenzije-trepavica-0-07-mix\/#primaryimage"},"thumbnailUrl":"https:\/\/love-lashes.eu\/wp-content\/uploads\/2024\/04\/DSC02377-scaled.jpg","datePublished":"2024-01-14T16:29:17+00:00","dateModified":"2026-04-17T07:10:37+00:00","description":"Love Lashes Eyelash Extensions \u2013 Mix Sizes are the perfect choice for lash artists who want flexibility and variety in their work. This set includes a range of lengths in one box, making it ideal for creating natural, custom sets tailored to every client. Made from carefully selected premium materials, Love Lashes extensions provide comfort, durability and a flawless look.","breadcrumb":{"@id":"https:\/\/love-lashes.eu\/product\/ekstenzije-trepavica-0-07-mix\/#breadcrumb"},"inLanguage":"en-US","potentialAction":[{"@type":"ReadAction","target":["https:\/\/love-lashes.eu\/product\/ekstenzije-trepavica-0-07-mix\/"]}]},{"@type":"ImageObject","inLanguage":"en-US","@id":"https:\/\/love-lashes.eu\/product\/ekstenzije-trepavica-0-07-mix\/#primaryimage","url":"https:\/\/love-lashes.eu\/wp-content\/uploads\/2024\/04\/DSC02377-scaled.jpg","contentUrl":"https:\/\/love-lashes.eu\/wp-content\/uploads\/2024\/04\/DSC02377-scaled.jpg","width":1922,"height":2560,"caption":"Ekstenzije trepavica 0.07 MIX razne du\u017eine Love Lashes"},{"@type":"BreadcrumbList","@id":"https:\/\/love-lashes.eu\/product\/ekstenzije-trepavica-0-07-mix\/#breadcrumb","itemListElement":[{"@type":"ListItem","position":1,"name":"Po\u010detna stranica","item":"https:\/\/love-lashes.eu\/"},{"@type":"ListItem","position":2,"name":"Shop","item":"https:\/\/love-lashes.eu\/shop\/"},{"@type":"ListItem","position":3,"name":"Ekstenzije trepavica 0.07 &#8211; MIX"}]},{"@type":"WebSite","@id":"https:\/\/love-lashes.eu\/#website","url":"https:\/\/love-lashes.eu\/","name":"Love Lashes - eyelashes extensions webshop","description":"Eyelash extension material","publisher":{"@id":"https:\/\/love-lashes.eu\/#organization"},"alternateName":"Love Lashes - materijal za ekstenzije trepavica","potentialAction":[{"@type":"SearchAction","target":{"@type":"EntryPoint","urlTemplate":"https:\/\/love-lashes.eu\/?s={search_term_string}"},"query-input":{"@type":"PropertyValueSpecification","valueRequired":true,"valueName":"search_term_string"}}],"inLanguage":"en-US"},{"@type":"Organization","@id":"https:\/\/love-lashes.eu\/#organization","name":"Love Lashes - eyelashes extensions webshop","url":"https:\/\/love-lashes.eu\/","logo":{"@type":"ImageObject","inLanguage":"en-US","@id":"https:\/\/love-lashes.eu\/#\/schema\/logo\/image\/","url":"https:\/\/love-lashes.eu\/wp-content\/uploads\/2024\/01\/LoveLashes_logo_bez_web.png","contentUrl":"https:\/\/love-lashes.eu\/wp-content\/uploads\/2024\/01\/LoveLashes_logo_bez_web.png","width":1000,"height":135,"caption":"Love Lashes - eyelashes extensions webshop"},"image":{"@id":"https:\/\/love-lashes.eu\/#\/schema\/logo\/image\/"},"sameAs":["https:\/\/www.facebook.com\/lovelashesbyhanasimcic","https:\/\/www.instagram.com\/hana.love.lashes\/"]}]}},"_links":{"self":[{"href":"https:\/\/love-lashes.eu\/en\/wp-json\/wp\/v2\/product\/181","targetHints":{"allow":["GET"]}}],"collection":[{"href":"https:\/\/love-lashes.eu\/en\/wp-json\/wp\/v2\/product"}],"about":[{"href":"https:\/\/love-lashes.eu\/en\/wp-json\/wp\/v2\/types\/product"}],"replies":[{"embeddable":true,"href":"https:\/\/love-lashes.eu\/en\/wp-json\/wp\/v2\/comments?post=181"}],"wp:featuredmedia":[{"embeddable":true,"href":"https:\/\/love-lashes.eu\/en\/wp-json\/wp\/v2\/media\/332"}],"wp:attachment":[{"href":"https:\/\/love-lashes.eu\/en\/wp-json\/wp\/v2\/media?parent=181"}],"wp:term":[{"taxonomy":"product_brand","embeddable":true,"href":"https:\/\/love-lashes.eu\/en\/wp-json\/wp\/v2\/product_brand?post=181"},{"taxonomy":"product_cat","embeddable":true,"href":"https:\/\/love-lashes.eu\/en\/wp-json\/wp\/v2\/product_cat?post=181"},{"taxonomy":"product_tag","embeddable":true,"href":"https:\/\/love-lashes.eu\/en\/wp-json\/wp\/v2\/product_tag?post=181"}],"curies":[{"name":"wp","href":"https:\/\/api.w.org\/{rel}","templated":true}]}}