{"id":187,"date":"2024-01-14T17:44:00","date_gmt":"2024-01-14T16:44:00","guid":{"rendered":"https:\/\/love-lashes.eu\/?post_type=product&#038;p=187"},"modified":"2026-01-22T11:28:19","modified_gmt":"2026-01-22T10:28:19","slug":"eyelash-extensions-0-07-b-curl-mix-of-short-lengths5-7","status":"publish","type":"product","link":"https:\/\/love-lashes.eu\/en\/product\/ekstenzije-trepavica-0-07-b-uvoj-mix-malih-duzina5-7\/","title":{"rendered":"Eyelash extensions 0.07 \u2013 B curl \u2013 MIX short lengths (5-7)"},"content":{"rendered":"","protected":false},"excerpt":{"rendered":"<ul>\n<li>Perfect lashes for inner eye corners, especially for the ultra-popular eyeliner effect that always requires a combination with B curl.<\/li>\n<li>This special short-length mix was created to save you from buying full trays with unnecessary lengths.<\/li>\n<li>Try the trending effects and stay ahead of lash trends!<\/li>\n<li>Carefully selected, with a special adhesive tape for easy fanning. The precision that is essential for every lash artist allows for perfect placement, preventing movement from the tape.<\/li>\n<li>20 rows per tray.<\/li>\n<li>First time on the market!<\/li>\n<\/ul>","protected":false},"featured_media":362,"comment_status":"open","ping_status":"closed","template":"","meta":[],"product_brand":[],"product_cat":[17],"product_tag":[22,56,51],"class_list":{"0":"post-187","1":"product","2":"type-product","3":"status-publish","4":"has-post-thumbnail","6":"product_cat-ekstenzije","7":"product_tag-0-07","8":"product_tag-crne","9":"product_tag-male_duzine","11":"first","12":"instock","13":"taxable","14":"shipping-taxable","15":"purchasable","16":"product-type-simple"},"yoast_head":"<!-- This site is optimized with the Yoast SEO plugin v27.4 - https:\/\/yoast.com\/product\/yoast-seo-wordpress\/ -->\n<title>Ekstenzije trepavica 0.07 - B uvoj - MIX malih du\u017eina(5-7) - Love Lashes - eyelashes extensions webshop<\/title>\n<meta name=\"robots\" content=\"index, follow, max-snippet:-1, max-image-preview:large, max-video-preview:-1\" \/>\n<link rel=\"canonical\" href=\"https:\/\/love-lashes.eu\/en\/products\/eyelash-extensions-0-07-b-curl-mix-of-short-lengths5-7\/\" \/>\n<meta property=\"og:locale\" content=\"en_US\" \/>\n<meta property=\"og:type\" content=\"article\" \/>\n<meta property=\"og:title\" content=\"Ekstenzije trepavica 0.07 - B uvoj - MIX malih du\u017eina(5-7) - Love Lashes - eyelashes extensions webshop\" \/>\n<meta property=\"og:description\" content=\"Trepavice za unutarnje kuteve o\u010diju, posebno kod megapopularnog eyeliner efekta koji obavezno zahtjeva kombinaciju sa B uvojem.  Posebno sam kreirala ovaj mix kratkih du\u017eina pa nema potrebe za kupovinom cijelih kutija i nepotrebnih brojeva.  Isprobaj popularne efekte i budi ukorak sa trendovima.  Pa\u017eljivo odabrane, s posebnom ljepljivom trakom za jednostavnu izradu lepeza. Preciznost koja je bitna svakom lash artistu omogu\u0107uje savr\u0161eno postavljanje, sprje\u010davaju\u0107i pomicanje s trake.  20 redova u kutiji.  Prvi put na tr\u017ei\u0161tu.\" \/>\n<meta property=\"og:url\" content=\"https:\/\/love-lashes.eu\/en\/products\/eyelash-extensions-0-07-b-curl-mix-of-short-lengths5-7\/\" \/>\n<meta property=\"og:site_name\" content=\"Love Lashes - eyelashes extensions webshop\" \/>\n<meta property=\"article:publisher\" content=\"https:\/\/www.facebook.com\/lovelashesbyhanasimcic\" \/>\n<meta property=\"article:modified_time\" content=\"2026-01-22T10:28:19+00:00\" \/>\n<meta property=\"og:image\" content=\"https:\/\/love-lashes.eu\/wp-content\/uploads\/2024\/04\/DSC02434-scaled.jpg\" \/>\n\t<meta property=\"og:image:width\" content=\"1922\" \/>\n\t<meta property=\"og:image:height\" content=\"2560\" \/>\n\t<meta property=\"og:image:type\" content=\"image\/jpeg\" \/>\n<meta name=\"twitter:card\" content=\"summary_large_image\" \/>\n<script type=\"application\/ld+json\" class=\"yoast-schema-graph\">{\"@context\":\"https:\\\/\\\/schema.org\",\"@graph\":[{\"@type\":\"WebPage\",\"@id\":\"https:\\\/\\\/love-lashes.eu\\\/product\\\/ekstenzije-trepavica-0-07-b-uvoj-mix-malih-duzina5-7\\\/\",\"url\":\"https:\\\/\\\/love-lashes.eu\\\/product\\\/ekstenzije-trepavica-0-07-b-uvoj-mix-malih-duzina5-7\\\/\",\"name\":\"Ekstenzije trepavica 0.07 - B uvoj - MIX malih du\u017eina(5-7) - Love Lashes - eyelashes extensions webshop\",\"isPartOf\":{\"@id\":\"https:\\\/\\\/love-lashes.eu\\\/#website\"},\"primaryImageOfPage\":{\"@id\":\"https:\\\/\\\/love-lashes.eu\\\/product\\\/ekstenzije-trepavica-0-07-b-uvoj-mix-malih-duzina5-7\\\/#primaryimage\"},\"image\":{\"@id\":\"https:\\\/\\\/love-lashes.eu\\\/product\\\/ekstenzije-trepavica-0-07-b-uvoj-mix-malih-duzina5-7\\\/#primaryimage\"},\"thumbnailUrl\":\"https:\\\/\\\/love-lashes.eu\\\/wp-content\\\/uploads\\\/2024\\\/04\\\/DSC02434-scaled.jpg\",\"datePublished\":\"2024-01-14T16:44:00+00:00\",\"dateModified\":\"2026-01-22T10:28:19+00:00\",\"breadcrumb\":{\"@id\":\"https:\\\/\\\/love-lashes.eu\\\/product\\\/ekstenzije-trepavica-0-07-b-uvoj-mix-malih-duzina5-7\\\/#breadcrumb\"},\"inLanguage\":\"en-US\",\"potentialAction\":[{\"@type\":\"ReadAction\",\"target\":[\"https:\\\/\\\/love-lashes.eu\\\/product\\\/ekstenzije-trepavica-0-07-b-uvoj-mix-malih-duzina5-7\\\/\"]}]},{\"@type\":\"ImageObject\",\"inLanguage\":\"en-US\",\"@id\":\"https:\\\/\\\/love-lashes.eu\\\/product\\\/ekstenzije-trepavica-0-07-b-uvoj-mix-malih-duzina5-7\\\/#primaryimage\",\"url\":\"https:\\\/\\\/love-lashes.eu\\\/wp-content\\\/uploads\\\/2024\\\/04\\\/DSC02434-scaled.jpg\",\"contentUrl\":\"https:\\\/\\\/love-lashes.eu\\\/wp-content\\\/uploads\\\/2024\\\/04\\\/DSC02434-scaled.jpg\",\"width\":1922,\"height\":2560},{\"@type\":\"BreadcrumbList\",\"@id\":\"https:\\\/\\\/love-lashes.eu\\\/product\\\/ekstenzije-trepavica-0-07-b-uvoj-mix-malih-duzina5-7\\\/#breadcrumb\",\"itemListElement\":[{\"@type\":\"ListItem\",\"position\":1,\"name\":\"Po\u010detna stranica\",\"item\":\"https:\\\/\\\/love-lashes.eu\\\/\"},{\"@type\":\"ListItem\",\"position\":2,\"name\":\"Shop\",\"item\":\"https:\\\/\\\/love-lashes.eu\\\/shop\\\/\"},{\"@type\":\"ListItem\",\"position\":3,\"name\":\"Ekstenzije trepavica 0.07 &#8211; B uvoj &#8211; MIX malih du\u017eina(5-7)\"}]},{\"@type\":\"WebSite\",\"@id\":\"https:\\\/\\\/love-lashes.eu\\\/#website\",\"url\":\"https:\\\/\\\/love-lashes.eu\\\/\",\"name\":\"Love Lashes - eyelashes extensions webshop\",\"description\":\"Materijal za ekstenzije trepavica\",\"publisher\":{\"@id\":\"https:\\\/\\\/love-lashes.eu\\\/#organization\"},\"alternateName\":\"Love Lashes - materijal za ekstenzije trepavica\",\"potentialAction\":[{\"@type\":\"SearchAction\",\"target\":{\"@type\":\"EntryPoint\",\"urlTemplate\":\"https:\\\/\\\/love-lashes.eu\\\/?s={search_term_string}\"},\"query-input\":{\"@type\":\"PropertyValueSpecification\",\"valueRequired\":true,\"valueName\":\"search_term_string\"}}],\"inLanguage\":\"en-US\"},{\"@type\":\"Organization\",\"@id\":\"https:\\\/\\\/love-lashes.eu\\\/#organization\",\"name\":\"Love Lashes - eyelashes extensions webshop\",\"url\":\"https:\\\/\\\/love-lashes.eu\\\/\",\"logo\":{\"@type\":\"ImageObject\",\"inLanguage\":\"en-US\",\"@id\":\"https:\\\/\\\/love-lashes.eu\\\/#\\\/schema\\\/logo\\\/image\\\/\",\"url\":\"https:\\\/\\\/love-lashes.eu\\\/wp-content\\\/uploads\\\/2024\\\/01\\\/LoveLashes_logo_bez_web.png\",\"contentUrl\":\"https:\\\/\\\/love-lashes.eu\\\/wp-content\\\/uploads\\\/2024\\\/01\\\/LoveLashes_logo_bez_web.png\",\"width\":1000,\"height\":135,\"caption\":\"Love Lashes - eyelashes extensions webshop\"},\"image\":{\"@id\":\"https:\\\/\\\/love-lashes.eu\\\/#\\\/schema\\\/logo\\\/image\\\/\"},\"sameAs\":[\"https:\\\/\\\/www.facebook.com\\\/lovelashesbyhanasimcic\",\"https:\\\/\\\/www.instagram.com\\\/hana.love.lashes\\\/\"]}]}<\/script>\n<!-- \/ Yoast SEO plugin. -->","yoast_head_json":{"title":"Eyelash extensions 0.07 - B curl - MIX of short lengths (5-7) - Love Lashes - eyelashes extensions webshop","robots":{"index":"index","follow":"follow","max-snippet":"max-snippet:-1","max-image-preview":"max-image-preview:large","max-video-preview":"max-video-preview:-1"},"canonical":"https:\/\/love-lashes.eu\/en\/products\/eyelash-extensions-0-07-b-curl-mix-of-short-lengths5-7\/","og_locale":"en_US","og_type":"article","og_title":"Ekstenzije trepavica 0.07 - B uvoj - MIX malih du\u017eina(5-7) - Love Lashes - eyelashes extensions webshop","og_description":"Trepavice za unutarnje kuteve o\u010diju, posebno kod megapopularnog eyeliner efekta koji obavezno zahtjeva kombinaciju sa B uvojem.  Posebno sam kreirala ovaj mix kratkih du\u017eina pa nema potrebe za kupovinom cijelih kutija i nepotrebnih brojeva.  Isprobaj popularne efekte i budi ukorak sa trendovima.  Pa\u017eljivo odabrane, s posebnom ljepljivom trakom za jednostavnu izradu lepeza. Preciznost koja je bitna svakom lash artistu omogu\u0107uje savr\u0161eno postavljanje, sprje\u010davaju\u0107i pomicanje s trake.  20 redova u kutiji.  Prvi put na tr\u017ei\u0161tu.","og_url":"https:\/\/love-lashes.eu\/en\/products\/eyelash-extensions-0-07-b-curl-mix-of-short-lengths5-7\/","og_site_name":"Love Lashes - eyelashes extensions webshop","article_publisher":"https:\/\/www.facebook.com\/lovelashesbyhanasimcic","article_modified_time":"2026-01-22T10:28:19+00:00","og_image":[{"width":1922,"height":2560,"url":"https:\/\/love-lashes.eu\/wp-content\/uploads\/2024\/04\/DSC02434-scaled.jpg","type":"image\/jpeg"}],"twitter_card":"summary_large_image","schema":{"@context":"https:\/\/schema.org","@graph":[{"@type":"WebPage","@id":"https:\/\/love-lashes.eu\/product\/ekstenzije-trepavica-0-07-b-uvoj-mix-malih-duzina5-7\/","url":"https:\/\/love-lashes.eu\/product\/ekstenzije-trepavica-0-07-b-uvoj-mix-malih-duzina5-7\/","name":"Eyelash extensions 0.07 - B curl - MIX of short lengths (5-7) - Love Lashes - eyelashes extensions webshop","isPartOf":{"@id":"https:\/\/love-lashes.eu\/#website"},"primaryImageOfPage":{"@id":"https:\/\/love-lashes.eu\/product\/ekstenzije-trepavica-0-07-b-uvoj-mix-malih-duzina5-7\/#primaryimage"},"image":{"@id":"https:\/\/love-lashes.eu\/product\/ekstenzije-trepavica-0-07-b-uvoj-mix-malih-duzina5-7\/#primaryimage"},"thumbnailUrl":"https:\/\/love-lashes.eu\/wp-content\/uploads\/2024\/04\/DSC02434-scaled.jpg","datePublished":"2024-01-14T16:44:00+00:00","dateModified":"2026-01-22T10:28:19+00:00","breadcrumb":{"@id":"https:\/\/love-lashes.eu\/product\/ekstenzije-trepavica-0-07-b-uvoj-mix-malih-duzina5-7\/#breadcrumb"},"inLanguage":"en-US","potentialAction":[{"@type":"ReadAction","target":["https:\/\/love-lashes.eu\/product\/ekstenzije-trepavica-0-07-b-uvoj-mix-malih-duzina5-7\/"]}]},{"@type":"ImageObject","inLanguage":"en-US","@id":"https:\/\/love-lashes.eu\/product\/ekstenzije-trepavica-0-07-b-uvoj-mix-malih-duzina5-7\/#primaryimage","url":"https:\/\/love-lashes.eu\/wp-content\/uploads\/2024\/04\/DSC02434-scaled.jpg","contentUrl":"https:\/\/love-lashes.eu\/wp-content\/uploads\/2024\/04\/DSC02434-scaled.jpg","width":1922,"height":2560},{"@type":"BreadcrumbList","@id":"https:\/\/love-lashes.eu\/product\/ekstenzije-trepavica-0-07-b-uvoj-mix-malih-duzina5-7\/#breadcrumb","itemListElement":[{"@type":"ListItem","position":1,"name":"Po\u010detna stranica","item":"https:\/\/love-lashes.eu\/"},{"@type":"ListItem","position":2,"name":"Shop","item":"https:\/\/love-lashes.eu\/shop\/"},{"@type":"ListItem","position":3,"name":"Ekstenzije trepavica 0.07 &#8211; B uvoj &#8211; MIX malih du\u017eina(5-7)"}]},{"@type":"WebSite","@id":"https:\/\/love-lashes.eu\/#website","url":"https:\/\/love-lashes.eu\/","name":"Love Lashes - eyelashes extensions webshop","description":"Eyelash extension material","publisher":{"@id":"https:\/\/love-lashes.eu\/#organization"},"alternateName":"Love Lashes - materijal za ekstenzije trepavica","potentialAction":[{"@type":"SearchAction","target":{"@type":"EntryPoint","urlTemplate":"https:\/\/love-lashes.eu\/?s={search_term_string}"},"query-input":{"@type":"PropertyValueSpecification","valueRequired":true,"valueName":"search_term_string"}}],"inLanguage":"en-US"},{"@type":"Organization","@id":"https:\/\/love-lashes.eu\/#organization","name":"Love Lashes - eyelashes extensions webshop","url":"https:\/\/love-lashes.eu\/","logo":{"@type":"ImageObject","inLanguage":"en-US","@id":"https:\/\/love-lashes.eu\/#\/schema\/logo\/image\/","url":"https:\/\/love-lashes.eu\/wp-content\/uploads\/2024\/01\/LoveLashes_logo_bez_web.png","contentUrl":"https:\/\/love-lashes.eu\/wp-content\/uploads\/2024\/01\/LoveLashes_logo_bez_web.png","width":1000,"height":135,"caption":"Love Lashes - eyelashes extensions webshop"},"image":{"@id":"https:\/\/love-lashes.eu\/#\/schema\/logo\/image\/"},"sameAs":["https:\/\/www.facebook.com\/lovelashesbyhanasimcic","https:\/\/www.instagram.com\/hana.love.lashes\/"]}]}},"_links":{"self":[{"href":"https:\/\/love-lashes.eu\/en\/wp-json\/wp\/v2\/product\/187","targetHints":{"allow":["GET"]}}],"collection":[{"href":"https:\/\/love-lashes.eu\/en\/wp-json\/wp\/v2\/product"}],"about":[{"href":"https:\/\/love-lashes.eu\/en\/wp-json\/wp\/v2\/types\/product"}],"replies":[{"embeddable":true,"href":"https:\/\/love-lashes.eu\/en\/wp-json\/wp\/v2\/comments?post=187"}],"wp:featuredmedia":[{"embeddable":true,"href":"https:\/\/love-lashes.eu\/en\/wp-json\/wp\/v2\/media\/362"}],"wp:attachment":[{"href":"https:\/\/love-lashes.eu\/en\/wp-json\/wp\/v2\/media?parent=187"}],"wp:term":[{"taxonomy":"product_brand","embeddable":true,"href":"https:\/\/love-lashes.eu\/en\/wp-json\/wp\/v2\/product_brand?post=187"},{"taxonomy":"product_cat","embeddable":true,"href":"https:\/\/love-lashes.eu\/en\/wp-json\/wp\/v2\/product_cat?post=187"},{"taxonomy":"product_tag","embeddable":true,"href":"https:\/\/love-lashes.eu\/en\/wp-json\/wp\/v2\/product_tag?post=187"}],"curies":[{"name":"wp","href":"https:\/\/api.w.org\/{rel}","templated":true}]}}