{"id":1916,"date":"2025-06-19T11:10:00","date_gmt":"2025-06-19T10:10:00","guid":{"rendered":"https:\/\/love-lashes.eu\/?post_type=product&#038;p=1916"},"modified":"2026-04-20T09:04:59","modified_gmt":"2026-04-20T08:04:59","slug":"lash-rush-glue-accelerator-15ml","status":"publish","type":"product","link":"https:\/\/love-lashes.eu\/en\/product\/lash-rush-tekucina-za-ubrzavanje-susenja-ljepila-15ml\/","title":{"rendered":"LASH RUSH \u2013 glue accelerator 15ml"},"content":{"rendered":"<p class=\"p1\">Tired of slow-drying glue that causes your fans to close too soon? Is the humidity in your room dropping, making your adhesive less effective?<\/p>\n<p class=\"p1\"><span class=\"s1\"><b>LASH RUSH<\/b><\/span> is your solution! This advanced <span class=\"s1\"><b>liquid to accelerate the drying of glue<\/b><\/span>\u00a0speeds up the drying and curing process, prevents fan closing, and improves lash retention.<\/p>\n<p class=\"p1\">Additionally, LASH RUSH cleans and removes any oil or dirt residue from extensions before application, creating the perfect base for optimal bonding and clean lashes.<\/p>\n<p>&nbsp;<\/p>\n<ul>\n<li>\n<p class=\"p1\"><span class=\"s1\"><b>Speeds up glue performance<\/b><\/span> in low-humidity conditions<\/p>\n<\/li>\n<li>\n<p class=\"p1\"><span class=\"s1\"><b>Prevents fan closing<\/b><\/span> and ensures perfectly shaped lashes<\/p>\n<\/li>\n<li>\n<p class=\"p1\"><span class=\"s1\"><b>Improves retention<\/b><\/span> of lashes<\/p>\n<\/li>\n<li>\n<p class=\"p1\"><span class=\"s1\"><b>Cleans lash bases<\/b><\/span> from oils and impurities for perfect adhesion<\/p>\n<\/li>\n<li>\n<p class=\"p1\"><span class=\"s1\"><b>Neutral pH (7)<\/b><\/span> \u2013 ideal for cyanoacrylate-based adhesives<\/p>\n<\/li>\n<li>\n<p class=\"p1\"><b>For professional use only<\/b><\/p>\n<\/li>\n<\/ul>\n<p>&nbsp;<\/p>\n<p class=\"p1\"><span class=\"s1\"><b>How to Use:<\/b><\/span> Apply LASH RUSH only on the lash strip, not on natural lashes.<\/p>\n<p>&nbsp;<\/p>\n<h3><b>Specifications:<\/b><\/h3>\n<ul>\n<li>\n<p class=\"p1\"><span class=\"s1\"><b>Content:<\/b><\/span> 15 ml<\/p>\n<\/li>\n<li>\n<p class=\"p1\"><span class=\"s1\"><b>Origin:<\/b><\/span> South Korea<\/p>\n<\/li>\n<li>\n<p class=\"p1\"><span class=\"s1\"><b>How to Use:<\/b><\/span> Exclusively on false eyelash strips (not on natural ones)<\/p>\n<\/li>\n<li>\n<p class=\"p1\"><b>Shelf life:<\/b><b><\/b><\/p>\n<ul>\n<li>\n<p class=\"p1\">Closed: 12 months<\/p>\n<\/li>\n<li>\n<p class=\"p1\">After opening: 6 months<\/p>\n<\/li>\n<\/ul>\n<\/li>\n<li>\n<p class=\"p1\"><span class=\"s1\"><b>Purpose:<\/b><\/span> For professional use only<\/p>\n<\/li>\n<\/ul>\n<h3><b>Instructions for use \u2013 glue accelerator:<\/b><\/h3>\n<ol start=\"1\">\n<li>\n<p class=\"p1\"><span class=\"s1\">Apply<b> LASH RUSH<\/b><\/span> to the base of the lash strip using a micro brush.<\/p>\n<\/li>\n<li>\n<p class=\"p1\">Wait 1\u20132 minutes before starting application.<\/p>\n<\/li>\n<li>\n<p class=\"p1\">Reapply every 45\u201360 minutes during treatment for consistent effect.<\/p>\n<\/li>\n<li>\n<p class=\"p1\"><span class=\"s1\">If using a <\/span><a href=\"https:\/\/love-lashes.eu\/en\/products\/lash-primer-primer-for-eyelash-extensions\/\"><b>primer<\/b><\/a><span class=\"s1\">, apply <\/span><b>Lash Rush after primer<\/b><span class=\"s1\">.<\/span><\/p>\n<\/li>\n<li>\n<p class=\"p1\">If you don&#039;t use <a href=\"https:\/\/love-lashes.eu\/en\/products\/lash-primer-primer-for-eyelash-extensions\/\">primer<\/a>, you can only use the accelerator.<\/p>\n<\/li>\n<\/ol>\n<h3><b>Pro tips:<\/b><\/h3>\n<ul>\n<li>\n<p class=\"p1\">Ideal for <span class=\"s1\"><b>working in low-humidity environments<\/b><\/span> \u2013 helps adhesive maintain optimal bonding time.<\/p>\n<\/li>\n<li>\n<p class=\"p1\">Use as a <span class=\"s1\"><b>speed-up solution<\/b><\/span> to balance adhesive performance when room conditions change.<\/p>\n<\/li>\n<\/ul>","protected":false},"excerpt":{"rendered":"<p class=\"p1\">Tired of slow-drying glue that causes your fans to close too soon? Is the humidity in your room dropping, making your adhesive less effective?<\/p>\n<p class=\"p1\"><span class=\"s1\"><b>LASH RUSH<\/b><\/span> is your solution! This advanced <span class=\"s1\"><b>glue accelerator<\/b><\/span> speeds up the drying and curing process, prevents fan closing, and improves lash retention.<\/p>\n<p class=\"p1\">Additionally, LASH RUSH cleans and removes any oil or dirt residue from extensions before application, creating the perfect base for optimal bonding and clean lashes.<\/p>\n<p>&nbsp;<\/p>\n<ul>\n<li>\n<p class=\"p1\"><span class=\"s1\"><b>Speeds up glue performance<\/b><\/span> in low-humidity conditions<\/p>\n<\/li>\n<li>\n<p class=\"p1\"><span class=\"s1\"><b>Prevents fan closing<\/b><\/span> and ensures perfectly shaped lashes<\/p>\n<\/li>\n<li>\n<p class=\"p1\"><span class=\"s1\"><b>Improves retention<\/b><\/span> of lashes<\/p>\n<\/li>\n<li>\n<p class=\"p1\"><span class=\"s1\"><b>Cleans lash bases<\/b><\/span> from oils and impurities for perfect adhesion<\/p>\n<\/li>\n<li>\n<p class=\"p1\"><span class=\"s1\"><b>Neutral pH (7)<\/b><\/span> \u2013 ideal for cyanoacrylate-based adhesives<\/p>\n<\/li>\n<li>\n<p class=\"p1\"><b>For professional use only<\/b><\/p>\n<\/li>\n<\/ul>\n<p>&nbsp;<\/p>\n<p class=\"p1\"><span class=\"s1\"><b>How to Use:<\/b><\/span> Apply LASH RUSH only on the lash strip, not on natural lashes.<\/p>","protected":false},"featured_media":1917,"comment_status":"open","ping_status":"closed","template":"","meta":[],"product_brand":[],"product_cat":[31],"product_tag":[66,67],"class_list":{"0":"post-1916","1":"product","2":"type-product","3":"status-publish","4":"has-post-thumbnail","6":"product_cat-priprema","7":"product_tag-glue-accelerator","8":"product_tag-tekucina-za-ubrzavanje-susenja-ljepila","10":"first","11":"instock","12":"taxable","13":"shipping-taxable","14":"purchasable","15":"product-type-simple"},"yoast_head":"<!-- This site is optimized with the Yoast SEO plugin v27.4 - https:\/\/yoast.com\/product\/yoast-seo-wordpress\/ -->\n<title>LASH RUSH - Teku\u0107ina za ubrzavanje su\u0161enja ljepila 15ml - Love Lashes - eyelashes extensions webshop<\/title>\n<meta name=\"description\" content=\"Ova napredna teku\u0107ina za ubrzavanje su\u0161enja ljepila ubrzava su\u0161enje i o\u010dvr\u0161\u0107ivanje ljepila, a istovremeno sprje\u010dava zatvaranje lepeza i produ\u017euje trajnost ekstenzija.\" \/>\n<meta name=\"robots\" content=\"index, follow, max-snippet:-1, max-image-preview:large, max-video-preview:-1\" \/>\n<link rel=\"canonical\" href=\"https:\/\/love-lashes.eu\/en\/products\/lash-rush-glue-accelerator-15ml\/\" \/>\n<meta property=\"og:locale\" content=\"en_US\" \/>\n<meta property=\"og:type\" content=\"article\" \/>\n<meta property=\"og:title\" content=\"LASH RUSH - Teku\u0107ina za ubrzavanje su\u0161enja ljepila 15ml - Love Lashes - eyelashes extensions webshop\" \/>\n<meta property=\"og:description\" content=\"Ova napredna teku\u0107ina za ubrzavanje su\u0161enja ljepila ubrzava su\u0161enje i o\u010dvr\u0161\u0107ivanje ljepila, a istovremeno sprje\u010dava zatvaranje lepeza i produ\u017euje trajnost ekstenzija.\" \/>\n<meta property=\"og:url\" content=\"https:\/\/love-lashes.eu\/en\/products\/lash-rush-glue-accelerator-15ml\/\" \/>\n<meta property=\"og:site_name\" content=\"Love Lashes - eyelashes extensions webshop\" \/>\n<meta property=\"article:publisher\" content=\"https:\/\/www.facebook.com\/lovelashesbyhanasimcic\" \/>\n<meta property=\"article:modified_time\" content=\"2026-04-20T08:04:59+00:00\" \/>\n<meta property=\"og:image\" content=\"https:\/\/love-lashes.eu\/wp-content\/uploads\/2025\/06\/Lash-rush-tekucina-za-ubrzavanje-susenja-ljepila.webp\" \/>\n\t<meta property=\"og:image:width\" content=\"1442\" \/>\n\t<meta property=\"og:image:height\" content=\"1920\" \/>\n\t<meta property=\"og:image:type\" content=\"image\/webp\" \/>\n<meta name=\"twitter:card\" content=\"summary_large_image\" \/>\n<meta name=\"twitter:label1\" content=\"Est. reading time\" \/>\n\t<meta name=\"twitter:data1\" content=\"2 minutes\" \/>\n<script type=\"application\/ld+json\" class=\"yoast-schema-graph\">{\"@context\":\"https:\\\/\\\/schema.org\",\"@graph\":[{\"@type\":\"WebPage\",\"@id\":\"https:\\\/\\\/love-lashes.eu\\\/product\\\/lash-rush-tekucina-za-ubrzavanje-susenja-ljepila-15ml\\\/\",\"url\":\"https:\\\/\\\/love-lashes.eu\\\/product\\\/lash-rush-tekucina-za-ubrzavanje-susenja-ljepila-15ml\\\/\",\"name\":\"LASH RUSH - Teku\u0107ina za ubrzavanje su\u0161enja ljepila 15ml - Love Lashes - eyelashes extensions webshop\",\"isPartOf\":{\"@id\":\"https:\\\/\\\/love-lashes.eu\\\/#website\"},\"primaryImageOfPage\":{\"@id\":\"https:\\\/\\\/love-lashes.eu\\\/product\\\/lash-rush-tekucina-za-ubrzavanje-susenja-ljepila-15ml\\\/#primaryimage\"},\"image\":{\"@id\":\"https:\\\/\\\/love-lashes.eu\\\/product\\\/lash-rush-tekucina-za-ubrzavanje-susenja-ljepila-15ml\\\/#primaryimage\"},\"thumbnailUrl\":\"https:\\\/\\\/love-lashes.eu\\\/wp-content\\\/uploads\\\/2025\\\/06\\\/Lash-rush-tekucina-za-ubrzavanje-susenja-ljepila.webp\",\"datePublished\":\"2025-06-19T10:10:00+00:00\",\"dateModified\":\"2026-04-20T08:04:59+00:00\",\"description\":\"Ova napredna teku\u0107ina za ubrzavanje su\u0161enja ljepila ubrzava su\u0161enje i o\u010dvr\u0161\u0107ivanje ljepila, a istovremeno sprje\u010dava zatvaranje lepeza i produ\u017euje trajnost ekstenzija.\",\"breadcrumb\":{\"@id\":\"https:\\\/\\\/love-lashes.eu\\\/product\\\/lash-rush-tekucina-za-ubrzavanje-susenja-ljepila-15ml\\\/#breadcrumb\"},\"inLanguage\":\"en-US\",\"potentialAction\":[{\"@type\":\"ReadAction\",\"target\":[\"https:\\\/\\\/love-lashes.eu\\\/product\\\/lash-rush-tekucina-za-ubrzavanje-susenja-ljepila-15ml\\\/\"]}]},{\"@type\":\"ImageObject\",\"inLanguage\":\"en-US\",\"@id\":\"https:\\\/\\\/love-lashes.eu\\\/product\\\/lash-rush-tekucina-za-ubrzavanje-susenja-ljepila-15ml\\\/#primaryimage\",\"url\":\"https:\\\/\\\/love-lashes.eu\\\/wp-content\\\/uploads\\\/2025\\\/06\\\/Lash-rush-tekucina-za-ubrzavanje-susenja-ljepila.webp\",\"contentUrl\":\"https:\\\/\\\/love-lashes.eu\\\/wp-content\\\/uploads\\\/2025\\\/06\\\/Lash-rush-tekucina-za-ubrzavanje-susenja-ljepila.webp\",\"width\":1442,\"height\":1920,\"caption\":\"LASH RUSH \u2013 glue accelerator za brzo i sigurno su\u0161enje ljepila\"},{\"@type\":\"BreadcrumbList\",\"@id\":\"https:\\\/\\\/love-lashes.eu\\\/product\\\/lash-rush-tekucina-za-ubrzavanje-susenja-ljepila-15ml\\\/#breadcrumb\",\"itemListElement\":[{\"@type\":\"ListItem\",\"position\":1,\"name\":\"Po\u010detna stranica\",\"item\":\"https:\\\/\\\/love-lashes.eu\\\/\"},{\"@type\":\"ListItem\",\"position\":2,\"name\":\"Shop\",\"item\":\"https:\\\/\\\/love-lashes.eu\\\/shop\\\/\"},{\"@type\":\"ListItem\",\"position\":3,\"name\":\"LASH RUSH &#8211; Teku\u0107ina za ubrzavanje su\u0161enja ljepila 15ml\"}]},{\"@type\":\"WebSite\",\"@id\":\"https:\\\/\\\/love-lashes.eu\\\/#website\",\"url\":\"https:\\\/\\\/love-lashes.eu\\\/\",\"name\":\"Love Lashes - eyelashes extensions webshop\",\"description\":\"Materijal za ekstenzije trepavica\",\"publisher\":{\"@id\":\"https:\\\/\\\/love-lashes.eu\\\/#organization\"},\"alternateName\":\"Love Lashes - materijal za ekstenzije trepavica\",\"potentialAction\":[{\"@type\":\"SearchAction\",\"target\":{\"@type\":\"EntryPoint\",\"urlTemplate\":\"https:\\\/\\\/love-lashes.eu\\\/?s={search_term_string}\"},\"query-input\":{\"@type\":\"PropertyValueSpecification\",\"valueRequired\":true,\"valueName\":\"search_term_string\"}}],\"inLanguage\":\"en-US\"},{\"@type\":\"Organization\",\"@id\":\"https:\\\/\\\/love-lashes.eu\\\/#organization\",\"name\":\"Love Lashes - eyelashes extensions webshop\",\"url\":\"https:\\\/\\\/love-lashes.eu\\\/\",\"logo\":{\"@type\":\"ImageObject\",\"inLanguage\":\"en-US\",\"@id\":\"https:\\\/\\\/love-lashes.eu\\\/#\\\/schema\\\/logo\\\/image\\\/\",\"url\":\"https:\\\/\\\/love-lashes.eu\\\/wp-content\\\/uploads\\\/2024\\\/01\\\/LoveLashes_logo_bez_web.png\",\"contentUrl\":\"https:\\\/\\\/love-lashes.eu\\\/wp-content\\\/uploads\\\/2024\\\/01\\\/LoveLashes_logo_bez_web.png\",\"width\":1000,\"height\":135,\"caption\":\"Love Lashes - eyelashes extensions webshop\"},\"image\":{\"@id\":\"https:\\\/\\\/love-lashes.eu\\\/#\\\/schema\\\/logo\\\/image\\\/\"},\"sameAs\":[\"https:\\\/\\\/www.facebook.com\\\/lovelashesbyhanasimcic\",\"https:\\\/\\\/www.instagram.com\\\/hana.love.lashes\\\/\"]}]}<\/script>\n<!-- \/ Yoast SEO plugin. -->","yoast_head_json":{"title":"LASH RUSH - Glue drying accelerator 15ml - Love Lashes - eyelashes extensions webshop","description":"This advanced glue-drying accelerator fluid accelerates the drying and hardening of glue, while preventing fan closure and extending the durability of extensions.","robots":{"index":"index","follow":"follow","max-snippet":"max-snippet:-1","max-image-preview":"max-image-preview:large","max-video-preview":"max-video-preview:-1"},"canonical":"https:\/\/love-lashes.eu\/en\/products\/lash-rush-glue-accelerator-15ml\/","og_locale":"en_US","og_type":"article","og_title":"LASH RUSH - Teku\u0107ina za ubrzavanje su\u0161enja ljepila 15ml - Love Lashes - eyelashes extensions webshop","og_description":"Ova napredna teku\u0107ina za ubrzavanje su\u0161enja ljepila ubrzava su\u0161enje i o\u010dvr\u0161\u0107ivanje ljepila, a istovremeno sprje\u010dava zatvaranje lepeza i produ\u017euje trajnost ekstenzija.","og_url":"https:\/\/love-lashes.eu\/en\/products\/lash-rush-glue-accelerator-15ml\/","og_site_name":"Love Lashes - eyelashes extensions webshop","article_publisher":"https:\/\/www.facebook.com\/lovelashesbyhanasimcic","article_modified_time":"2026-04-20T08:04:59+00:00","og_image":[{"width":1442,"height":1920,"url":"https:\/\/love-lashes.eu\/wp-content\/uploads\/2025\/06\/Lash-rush-tekucina-za-ubrzavanje-susenja-ljepila.webp","type":"image\/webp"}],"twitter_card":"summary_large_image","twitter_misc":{"Est. reading time":"2 minutes"},"schema":{"@context":"https:\/\/schema.org","@graph":[{"@type":"WebPage","@id":"https:\/\/love-lashes.eu\/product\/lash-rush-tekucina-za-ubrzavanje-susenja-ljepila-15ml\/","url":"https:\/\/love-lashes.eu\/product\/lash-rush-tekucina-za-ubrzavanje-susenja-ljepila-15ml\/","name":"LASH RUSH - Glue drying accelerator 15ml - Love Lashes - eyelashes extensions webshop","isPartOf":{"@id":"https:\/\/love-lashes.eu\/#website"},"primaryImageOfPage":{"@id":"https:\/\/love-lashes.eu\/product\/lash-rush-tekucina-za-ubrzavanje-susenja-ljepila-15ml\/#primaryimage"},"image":{"@id":"https:\/\/love-lashes.eu\/product\/lash-rush-tekucina-za-ubrzavanje-susenja-ljepila-15ml\/#primaryimage"},"thumbnailUrl":"https:\/\/love-lashes.eu\/wp-content\/uploads\/2025\/06\/Lash-rush-tekucina-za-ubrzavanje-susenja-ljepila.webp","datePublished":"2025-06-19T10:10:00+00:00","dateModified":"2026-04-20T08:04:59+00:00","description":"This advanced glue-drying accelerator fluid accelerates the drying and hardening of glue, while preventing fan closure and extending the durability of extensions.","breadcrumb":{"@id":"https:\/\/love-lashes.eu\/product\/lash-rush-tekucina-za-ubrzavanje-susenja-ljepila-15ml\/#breadcrumb"},"inLanguage":"en-US","potentialAction":[{"@type":"ReadAction","target":["https:\/\/love-lashes.eu\/product\/lash-rush-tekucina-za-ubrzavanje-susenja-ljepila-15ml\/"]}]},{"@type":"ImageObject","inLanguage":"en-US","@id":"https:\/\/love-lashes.eu\/product\/lash-rush-tekucina-za-ubrzavanje-susenja-ljepila-15ml\/#primaryimage","url":"https:\/\/love-lashes.eu\/wp-content\/uploads\/2025\/06\/Lash-rush-tekucina-za-ubrzavanje-susenja-ljepila.webp","contentUrl":"https:\/\/love-lashes.eu\/wp-content\/uploads\/2025\/06\/Lash-rush-tekucina-za-ubrzavanje-susenja-ljepila.webp","width":1442,"height":1920,"caption":"LASH RUSH \u2013 glue accelerator za brzo i sigurno su\u0161enje ljepila"},{"@type":"BreadcrumbList","@id":"https:\/\/love-lashes.eu\/product\/lash-rush-tekucina-za-ubrzavanje-susenja-ljepila-15ml\/#breadcrumb","itemListElement":[{"@type":"ListItem","position":1,"name":"Po\u010detna stranica","item":"https:\/\/love-lashes.eu\/"},{"@type":"ListItem","position":2,"name":"Shop","item":"https:\/\/love-lashes.eu\/shop\/"},{"@type":"ListItem","position":3,"name":"LASH RUSH &#8211; Teku\u0107ina za ubrzavanje su\u0161enja ljepila 15ml"}]},{"@type":"WebSite","@id":"https:\/\/love-lashes.eu\/#website","url":"https:\/\/love-lashes.eu\/","name":"Love Lashes - eyelashes extensions webshop","description":"Eyelash extension material","publisher":{"@id":"https:\/\/love-lashes.eu\/#organization"},"alternateName":"Love Lashes - materijal za ekstenzije trepavica","potentialAction":[{"@type":"SearchAction","target":{"@type":"EntryPoint","urlTemplate":"https:\/\/love-lashes.eu\/?s={search_term_string}"},"query-input":{"@type":"PropertyValueSpecification","valueRequired":true,"valueName":"search_term_string"}}],"inLanguage":"en-US"},{"@type":"Organization","@id":"https:\/\/love-lashes.eu\/#organization","name":"Love Lashes - eyelashes extensions webshop","url":"https:\/\/love-lashes.eu\/","logo":{"@type":"ImageObject","inLanguage":"en-US","@id":"https:\/\/love-lashes.eu\/#\/schema\/logo\/image\/","url":"https:\/\/love-lashes.eu\/wp-content\/uploads\/2024\/01\/LoveLashes_logo_bez_web.png","contentUrl":"https:\/\/love-lashes.eu\/wp-content\/uploads\/2024\/01\/LoveLashes_logo_bez_web.png","width":1000,"height":135,"caption":"Love Lashes - eyelashes extensions webshop"},"image":{"@id":"https:\/\/love-lashes.eu\/#\/schema\/logo\/image\/"},"sameAs":["https:\/\/www.facebook.com\/lovelashesbyhanasimcic","https:\/\/www.instagram.com\/hana.love.lashes\/"]}]}},"_links":{"self":[{"href":"https:\/\/love-lashes.eu\/en\/wp-json\/wp\/v2\/product\/1916","targetHints":{"allow":["GET"]}}],"collection":[{"href":"https:\/\/love-lashes.eu\/en\/wp-json\/wp\/v2\/product"}],"about":[{"href":"https:\/\/love-lashes.eu\/en\/wp-json\/wp\/v2\/types\/product"}],"replies":[{"embeddable":true,"href":"https:\/\/love-lashes.eu\/en\/wp-json\/wp\/v2\/comments?post=1916"}],"wp:featuredmedia":[{"embeddable":true,"href":"https:\/\/love-lashes.eu\/en\/wp-json\/wp\/v2\/media\/1917"}],"wp:attachment":[{"href":"https:\/\/love-lashes.eu\/en\/wp-json\/wp\/v2\/media?parent=1916"}],"wp:term":[{"taxonomy":"product_brand","embeddable":true,"href":"https:\/\/love-lashes.eu\/en\/wp-json\/wp\/v2\/product_brand?post=1916"},{"taxonomy":"product_cat","embeddable":true,"href":"https:\/\/love-lashes.eu\/en\/wp-json\/wp\/v2\/product_cat?post=1916"},{"taxonomy":"product_tag","embeddable":true,"href":"https:\/\/love-lashes.eu\/en\/wp-json\/wp\/v2\/product_tag?post=1916"}],"curies":[{"name":"wp","href":"https:\/\/api.w.org\/{rel}","templated":true}]}}