{"id":116,"date":"2024-01-10T11:59:07","date_gmt":"2024-01-10T10:59:07","guid":{"rendered":"https:\/\/love-lashes.eu\/?page_id=116"},"modified":"2026-03-13T09:54:06","modified_gmt":"2026-03-13T08:54:06","slug":"pogoji-poslovanja-spletne-trgovine","status":"publish","type":"page","link":"https:\/\/love-lashes.eu\/sl\/uvjeti-poslovanja-web-shopa\/","title":{"rendered":"Pogoji poslovanja spletne trgovine"},"content":{"rendered":"<div data-elementor-type=\"wp-page\" data-elementor-id=\"116\" class=\"elementor elementor-116\" data-elementor-post-type=\"page\">\n\t\t\t\t<div class=\"elementor-element elementor-element-18970855 e-flex e-con-boxed e-con e-parent\" data-id=\"18970855\" data-element_type=\"container\" data-e-type=\"container\">\n\t\t\t\t\t<div class=\"e-con-inner\">\n\t\t\t\t<div class=\"elementor-element elementor-element-3ebb5e40 elementor-widget elementor-widget-text-editor\" data-id=\"3ebb5e40\" data-element_type=\"widget\" data-e-type=\"widget\" data-widget_type=\"text-editor.default\">\n\t\t\t\t\t\t\t\t\t<p style=\"mso-margin-bottom-alt: auto; line-height: normal; background: #FAFBFC;\"><span style=\"font-size: 12.0pt; font-family: 'Segoe UI',sans-serif; mso-fareast-font-family: 'Times New Roman'; color: #3a4f66; mso-font-kerning: 0pt; mso-ligatures: none; mso-fareast-language: HR;\">SPLO\u0160NI POSLOVNI POGOJI<\/span><\/p><p style=\"mso-margin-top-alt: auto; mso-margin-bottom-alt: auto; line-height: normal; mso-outline-level: 2; background: #FAFBFC;\"><b><span style=\"font-size: 18pt; font-family: 'Segoe UI', sans-serif;\">\u010clen I. - Osnovne informacije<\/span><\/b><b><\/b><\/p><p style=\"mso-margin-bottom-alt: auto; line-height: normal; background: #FAFBFC;\"><span style=\"font-size: 12.0pt; font-family: 'Segoe UI',sans-serif; mso-fareast-font-family: 'Times New Roman'; color: #3a4f66; mso-font-kerning: 0pt; mso-ligatures: none; mso-fareast-language: HR;\">Spletno stran www.love-lashes.eu upravlja:<\/span><\/p><p style=\"mso-margin-bottom-alt: auto; line-height: normal; background: #FAFBFC;\"><span style=\"font-size: 12.0pt; font-family: 'Segoe UI',sans-serif; mso-fareast-font-family: 'Times New Roman'; color: #3a4f66; mso-font-kerning: 0pt; mso-ligatures: none; mso-fareast-language: HR;\">Podjetje: Head d.o.o.;<br \/>Sjedi\u0161te: Rupa;<br \/>Adresa: Rupa 66, 51211 Matulji;<br \/>Telefonska \u0161tevilka: +385 99 349 9110;<br \/>E-po\u0161ta: info@love-lashes.eu;<br \/>Sodna pisarna: Trgovsko sodi\u0161\u010de na Reki;<br \/>MBS: 040467891;<br \/>OIB: 56824485879;<br \/>Poobla\u0161\u010dena oseba za zastopanje: Hana Iskra;<br \/>Poslovna banka: Erste&amp;Steierm\u00e4rkische Bank dd<br \/>IBAN: HR 4024 0200 6110 1217 31 9<br \/>Osnovni kapital: 2.500,00 \u20ac, vpla\u010dan v celoti<\/span><\/p><p style=\"mso-margin-bottom-alt: auto; line-height: normal; background: #FAFBFC;\"><span style=\"font-size: 12.0pt; font-family: 'Segoe UI',sans-serif; mso-fareast-font-family: 'Times New Roman'; color: #3a4f66; mso-font-kerning: 0pt; mso-ligatures: none; mso-fareast-language: HR;\">(v nadaljnjem besedilu \u00bbHEAD\u00ab)<\/span><\/p><p style=\"mso-margin-bottom-alt: auto; line-height: normal; background: #FAFBFC;\"><span style=\"font-size: 12.0pt; font-family: 'Segoe UI',sans-serif; mso-fareast-font-family: 'Times New Roman'; color: #3a4f66; mso-font-kerning: 0pt; mso-ligatures: none; mso-fareast-language: HR;\">Postopek naro\u010danja, sklepanja pogodb, dostave, pla\u010dila in reklamacij izdelkov, ki so ponujeni na spletni strani www.love-lashes.eu, urejajo ti Splo\u0161ni pogoji poslovanja.<\/span><\/p><p style=\"mso-margin-top-alt: auto; mso-margin-bottom-alt: auto; line-height: normal; mso-outline-level: 2; background: #FAFBFC;\"><b><span style=\"font-size: 18pt; font-family: 'Segoe UI', sans-serif;\">\u010clen II \u2013 Izdelki<\/span><\/b><b><\/b><\/p><p style=\"mso-margin-bottom-alt: auto; line-height: normal; background: #FAFBFC;\"><span style=\"font-size: 12.0pt; font-family: 'Segoe UI',sans-serif; mso-fareast-font-family: 'Times New Roman'; color: #3a4f66; mso-font-kerning: 0pt; mso-ligatures: none; mso-fareast-language: HR;\">HEAD je specializiran za prodajo materialov za podalj\u0161evanje trepalnic. Ponudba izdelkov vklju\u010duje kakovostne podalj\u0161evalnike trepalnic, lepila, aplikatorje in druge dodatke ter potreb\u0161\u010dine za profesionalno podalj\u0161evanje trepalnic.\u00a0<br \/>Vse cene izdelkov so izra\u017eene v EUR in vklju\u010dujejo DDV.\u00a0<br \/>HEAD si pridr\u017euje pravico do spremembe cen in pogojev brez predhodnega obvestila.<\/span><\/p><p style=\"mso-margin-top-alt: auto; mso-margin-bottom-alt: auto; line-height: normal; mso-outline-level: 2; background: #FAFBFC;\"><b><span style=\"font-size: 18pt; font-family: 'Segoe UI', sans-serif;\">\u010clen III. \u2013 Naro\u010danje izdelkov<\/span><\/b><b><\/b><\/p><p style=\"mso-margin-bottom-alt: auto; line-height: normal; background: #FAFBFC;\"><span style=\"font-size: 12.0pt; font-family: 'Segoe UI',sans-serif; mso-fareast-font-family: 'Times New Roman'; color: #3a4f66; mso-font-kerning: 0pt; mso-ligatures: none; mso-fareast-language: HR;\">Naro\u010danje izdelkov se izvede elektronsko tako, da izdelek dodate v nakupovalno ko\u0161arico in oddate naro\u010dilo. Naro\u010dilo se \u0161teje za potrjeno po prejemu potrditve po e-po\u0161ti. HEAD lahko naro\u010dilo zavrne ali omeji prodajo na dolo\u010dene uporabnike ali ozemlja. Vsi opisi izdelkov ali cene se lahko spremenijo.<\/span><\/p><p style=\"mso-margin-top-alt: auto; mso-margin-bottom-alt: auto; line-height: normal; mso-outline-level: 2; background: #FAFBFC;\"><b><span style=\"font-size: 18pt; font-family: 'Segoe UI', sans-serif;\">\u010clen IV \u2013 Na\u010dini pla\u010dila<\/span><\/b><b><\/b><\/p><p style=\"mso-margin-bottom-alt: auto; line-height: normal; background: #FAFBFC;\"><span style=\"font-size: 12.0pt; font-family: 'Segoe UI',sans-serif; mso-fareast-font-family: 'Times New Roman'; color: #3a4f66; mso-font-kerning: 0pt; mso-ligatures: none; mso-fareast-language: HR;\">Stranke lahko pla\u010dajo izdelke po povzetju, z ban\u010dnim nakazilom, s pla\u010dilom s kartico prek platforme Stripe (Visa, MasterCard, Maestro) ali KeksPay. Cena dostave ni vklju\u010dena v ceno izdelka.<\/span><\/p><p style=\"mso-margin-top-alt: auto; mso-margin-bottom-alt: auto; line-height: normal; mso-outline-level: 2; background: #FAFBFC;\"><b><span style=\"font-size: 18pt; font-family: 'Segoe UI', sans-serif;\">\u010clen V. \u2013 Dostava<\/span><\/b><b><\/b><\/p><p style=\"mso-margin-bottom-alt: auto; line-height: normal; background: #FAFBFC;\"><span style=\"font-size: 12.0pt; font-family: 'Segoe UI',sans-serif; mso-fareast-font-family: 'Times New Roman'; color: #3a4f66; mso-font-kerning: 0pt; mso-ligatures: none; mso-fareast-language: HR;\">Naro\u010deno blago bo dostavljeno v navedenem roku. Kupec je dol\u017ean blago ob prejemu pregledati in nemudoma sporo\u010diti morebitne po\u0161kodbe ali odstopanja od naro\u010dene koli\u010dine.<\/span><\/p><p style=\"mso-margin-top-alt: auto; mso-margin-bottom-alt: auto; line-height: normal; mso-outline-level: 2; background: #FAFBFC;\"><b><span style=\"font-size: 18pt; font-family: 'Segoe UI', sans-serif;\">\u010clen VI. \u2013 Prito\u017ebe<\/span><\/b><b><\/b><\/p><p style=\"mso-margin-bottom-alt: auto; line-height: normal; background: #FAFBFC;\"><span style=\"font-size: 12.0pt; font-family: 'Segoe UI',sans-serif; mso-fareast-font-family: 'Times New Roman'; color: #3a4f66; mso-font-kerning: 0pt; mso-ligatures: none; mso-fareast-language: HR;\">Kupci se lahko v primeru nezadovoljstva, po\u0161kodb ali odstopanja od naro\u010dila obrnejo na podjetje HEAD po elektronski po\u0161ti na naslov info.headdoo@gmail.com v 14 dneh od prejema po\u0161iljke. Vra\u010dilo ali zamenjava blaga je mo\u017ena v skladu s pogoji, navedenimi na spletni strani. Za pravilno obravnavo prito\u017eb in vra\u010dil so stranke napotene na poseben razdelek \u00bbReklamacije\u00ab na spletni strani.<\/span><\/p><p style=\"mso-margin-top-alt: auto; mso-margin-bottom-alt: auto; line-height: normal; mso-outline-level: 2; background: #FAFBFC;\"><b><span style=\"font-size: 18pt; font-family: 'Segoe UI', sans-serif;\">\u010clen VII \u2013 Varstvo osebnih podatkov<\/span><\/b><b><\/b><\/p><p style=\"mso-margin-bottom-alt: auto; line-height: normal; background: #FAFBFC;\"><span style=\"font-size: 12.0pt; font-family: 'Segoe UI',sans-serif; mso-fareast-font-family: 'Times New Roman'; color: #3a4f66; mso-font-kerning: 0pt; mso-ligatures: none; mso-fareast-language: HR;\">Vsi osebni podatki strank bodo obravnavani v skladu z Zakonom o varstvu osebnih podatkov. HEAD bo te podatke uporabljal izklju\u010dno za namene izpolnitve naro\u010dila in opravljanja storitev. Podrobnosti o zbiranju in uporabi osebnih podatkov potro\u0161nikov najdete v Politiki zasebnosti na spletni strani.<\/span><\/p><p style=\"mso-margin-top-alt: auto; mso-margin-bottom-alt: auto; line-height: normal; mso-outline-level: 2; background: #FAFBFC;\"><b><span style=\"font-size: 18pt; font-family: 'Segoe UI', sans-serif;\">\u010clen VIII \u2013 Varnost spletnih pla\u010dil<\/span><\/b><b><\/b><\/p><p style=\"mso-margin-bottom-alt: auto; line-height: normal; background: #FAFBFC;\"><span style=\"font-size: 12.0pt; font-family: 'Segoe UI',sans-serif; mso-fareast-font-family: 'Times New Roman'; color: #3a4f66; mso-font-kerning: 0pt; mso-ligatures: none; mso-fareast-language: HR;\">Spletna pla\u010dila se izvajajo prek varnega sistema. HEAD uporablja Stripe, ki zagotavlja popolno zaupnost podatkov o karticah in izpolnjuje vse zahteve glede varnosti spletnih pla\u010dil. Stranke spodbujamo k uporabi dodatnih varnostnih ukrepov, kot je na primer 3D Secure avtentikacija.<\/span><\/p><p style=\"mso-margin-top-alt: auto; mso-margin-bottom-alt: auto; line-height: normal; mso-outline-level: 2; background: #FAFBFC;\"><b><span style=\"font-size: 18pt; font-family: 'Segoe UI', sans-serif;\">\u010clen IX \u2013 Kontakt<\/span><\/b><b><\/b><\/p><p style=\"mso-margin-bottom-alt: auto; line-height: normal; background: #FAFBFC;\"><span style=\"font-size: 12.0pt; font-family: 'Segoe UI',sans-serif; mso-fareast-font-family: 'Times New Roman'; color: #3a4f66; mso-font-kerning: 0pt; mso-ligatures: none; mso-fareast-language: HR;\">Za vsa vpra\u0161anja, prito\u017ebe ali dodatne informacije se lahko obrnete na HEAD po elektronski po\u0161ti: info.headdoo@gmail.com ali po po\u0161ti na naslov Bo\u017ee Starca Juri\u0107eva 13, 51000 Rijeka, Hrva\u0161ka.<\/span><\/p><p><!-- \/wp:paragraph --><\/p>\t\t\t\t\t\t\t\t<\/div>\n\t\t\t\t\t<\/div>\n\t\t\t\t<\/div>\n\t\t\t\t<\/div>","protected":false},"excerpt":{"rendered":"<p>OP\u0106I UVJETI POSLOVANJA \u010clanak I. &#8211; Osnovne informacije Web stranicom www.love-lashes.eu upravlja: Tvrtka: Head d.o.o.;Sjedi\u0161te: Rupa;Adresa: Rupa 66, 51211 Matulji;Broj telefona: +385 99 349 9110;E-mail: info@love-lashes.eu;Registar: Trgova\u010dki sud u Rijeci;MBS: 040467891;OIB: 56824485879;Osoba ovla\u0161tene za zastupanje: Hana Iskra;Poslovna banka: Erste&amp;Steierm\u00e4rkische Bank d.d.IBAN:\u00a0HR 4024 0200 6110 1217 31 9Temeljni kapital:\u00a02.500,00\u20ac upla\u0107en u cijelosti (u daljnjem tekstu \u201cHEAD\u201d) [&hellip;]<\/p>\n","protected":false},"author":1,"featured_media":0,"parent":0,"menu_order":0,"comment_status":"closed","ping_status":"closed","template":"","meta":{"footnotes":""},"class_list":["post-116","page","type-page","status-publish","hentry"],"yoast_head":"<!-- This site is optimized with the Yoast SEO plugin v27.4 - https:\/\/yoast.com\/product\/yoast-seo-wordpress\/ -->\n<title>Uvjeti poslovanja web shopa - Love Lashes - eyelashes extensions webshop<\/title>\n<meta name=\"robots\" content=\"index, follow, max-snippet:-1, max-image-preview:large, max-video-preview:-1\" \/>\n<link rel=\"canonical\" href=\"https:\/\/love-lashes.eu\/sl\/pogoji-poslovanja-spletne-trgovine\/\" \/>\n<meta property=\"og:locale\" content=\"sl_SI\" \/>\n<meta property=\"og:type\" content=\"article\" \/>\n<meta property=\"og:title\" content=\"Uvjeti poslovanja web shopa - Love Lashes - eyelashes extensions webshop\" \/>\n<meta property=\"og:description\" content=\"OP\u0106I UVJETI POSLOVANJA \u010clanak I. &#8211; Osnovne informacije Web stranicom www.love-lashes.eu upravlja: Tvrtka: Head d.o.o.;Sjedi\u0161te: Rupa;Adresa: Rupa 66, 51211 Matulji;Broj telefona: +385 99 349 9110;E-mail: info@love-lashes.eu;Registar: Trgova\u010dki sud u Rijeci;MBS: 040467891;OIB: 56824485879;Osoba ovla\u0161tene za zastupanje: Hana Iskra;Poslovna banka: Erste&amp;Steierm\u00e4rkische Bank d.d.IBAN:\u00a0HR 4024 0200 6110 1217 31 9Temeljni kapital:\u00a02.500,00\u20ac upla\u0107en u cijelosti (u daljnjem tekstu \u201cHEAD\u201d) [&hellip;]\" \/>\n<meta property=\"og:url\" content=\"https:\/\/love-lashes.eu\/sl\/pogoji-poslovanja-spletne-trgovine\/\" \/>\n<meta property=\"og:site_name\" content=\"Love Lashes - eyelashes extensions webshop\" \/>\n<meta property=\"article:publisher\" content=\"https:\/\/www.facebook.com\/lovelashesbyhanasimcic\" \/>\n<meta property=\"article:modified_time\" content=\"2026-03-13T08:54:06+00:00\" \/>\n<meta name=\"twitter:card\" content=\"summary_large_image\" \/>\n<meta name=\"twitter:label1\" content=\"Est. reading time\" \/>\n\t<meta name=\"twitter:data1\" content=\"3 minute\" \/>\n<script type=\"application\/ld+json\" class=\"yoast-schema-graph\">{\"@context\":\"https:\\\/\\\/schema.org\",\"@graph\":[{\"@type\":\"WebPage\",\"@id\":\"https:\\\/\\\/love-lashes.eu\\\/uvjeti-poslovanja-web-shopa\\\/\",\"url\":\"https:\\\/\\\/love-lashes.eu\\\/uvjeti-poslovanja-web-shopa\\\/\",\"name\":\"Uvjeti poslovanja web shopa - Love Lashes - eyelashes extensions webshop\",\"isPartOf\":{\"@id\":\"https:\\\/\\\/love-lashes.eu\\\/#website\"},\"datePublished\":\"2024-01-10T10:59:07+00:00\",\"dateModified\":\"2026-03-13T08:54:06+00:00\",\"breadcrumb\":{\"@id\":\"https:\\\/\\\/love-lashes.eu\\\/uvjeti-poslovanja-web-shopa\\\/#breadcrumb\"},\"inLanguage\":\"sl-SI\",\"potentialAction\":[{\"@type\":\"ReadAction\",\"target\":[\"https:\\\/\\\/love-lashes.eu\\\/uvjeti-poslovanja-web-shopa\\\/\"]}]},{\"@type\":\"BreadcrumbList\",\"@id\":\"https:\\\/\\\/love-lashes.eu\\\/uvjeti-poslovanja-web-shopa\\\/#breadcrumb\",\"itemListElement\":[{\"@type\":\"ListItem\",\"position\":1,\"name\":\"Po\u010detna stranica\",\"item\":\"https:\\\/\\\/love-lashes.eu\\\/\"},{\"@type\":\"ListItem\",\"position\":2,\"name\":\"Uvjeti poslovanja web shopa\"}]},{\"@type\":\"WebSite\",\"@id\":\"https:\\\/\\\/love-lashes.eu\\\/#website\",\"url\":\"https:\\\/\\\/love-lashes.eu\\\/\",\"name\":\"Love Lashes - eyelashes extensions webshop\",\"description\":\"Materijal za ekstenzije trepavica\",\"publisher\":{\"@id\":\"https:\\\/\\\/love-lashes.eu\\\/#organization\"},\"alternateName\":\"Love Lashes - materijal za ekstenzije trepavica\",\"potentialAction\":[{\"@type\":\"SearchAction\",\"target\":{\"@type\":\"EntryPoint\",\"urlTemplate\":\"https:\\\/\\\/love-lashes.eu\\\/?s={search_term_string}\"},\"query-input\":{\"@type\":\"PropertyValueSpecification\",\"valueRequired\":true,\"valueName\":\"search_term_string\"}}],\"inLanguage\":\"sl-SI\"},{\"@type\":\"Organization\",\"@id\":\"https:\\\/\\\/love-lashes.eu\\\/#organization\",\"name\":\"Love Lashes - eyelashes extensions webshop\",\"url\":\"https:\\\/\\\/love-lashes.eu\\\/\",\"logo\":{\"@type\":\"ImageObject\",\"inLanguage\":\"sl-SI\",\"@id\":\"https:\\\/\\\/love-lashes.eu\\\/#\\\/schema\\\/logo\\\/image\\\/\",\"url\":\"https:\\\/\\\/love-lashes.eu\\\/wp-content\\\/uploads\\\/2024\\\/01\\\/LoveLashes_logo_bez_web.png\",\"contentUrl\":\"https:\\\/\\\/love-lashes.eu\\\/wp-content\\\/uploads\\\/2024\\\/01\\\/LoveLashes_logo_bez_web.png\",\"width\":1000,\"height\":135,\"caption\":\"Love Lashes - eyelashes extensions webshop\"},\"image\":{\"@id\":\"https:\\\/\\\/love-lashes.eu\\\/#\\\/schema\\\/logo\\\/image\\\/\"},\"sameAs\":[\"https:\\\/\\\/www.facebook.com\\\/lovelashesbyhanasimcic\",\"https:\\\/\\\/www.instagram.com\\\/hana.love.lashes\\\/\"]}]}<\/script>\n<!-- \/ Yoast SEO plugin. -->","yoast_head_json":{"title":"Pogoji poslovanja spletne trgovine - Love Lashes - spletna trgovina za podalj\u0161evanje trepalnic","robots":{"index":"index","follow":"follow","max-snippet":"max-snippet:-1","max-image-preview":"max-image-preview:large","max-video-preview":"max-video-preview:-1"},"canonical":"https:\/\/love-lashes.eu\/sl\/pogoji-poslovanja-spletne-trgovine\/","og_locale":"sl_SI","og_type":"article","og_title":"Uvjeti poslovanja web shopa - Love Lashes - eyelashes extensions webshop","og_description":"OP\u0106I UVJETI POSLOVANJA \u010clanak I. &#8211; Osnovne informacije Web stranicom www.love-lashes.eu upravlja: Tvrtka: Head d.o.o.;Sjedi\u0161te: Rupa;Adresa: Rupa 66, 51211 Matulji;Broj telefona: +385 99 349 9110;E-mail: info@love-lashes.eu;Registar: Trgova\u010dki sud u Rijeci;MBS: 040467891;OIB: 56824485879;Osoba ovla\u0161tene za zastupanje: Hana Iskra;Poslovna banka: Erste&amp;Steierm\u00e4rkische Bank d.d.IBAN:\u00a0HR 4024 0200 6110 1217 31 9Temeljni kapital:\u00a02.500,00\u20ac upla\u0107en u cijelosti (u daljnjem tekstu \u201cHEAD\u201d) [&hellip;]","og_url":"https:\/\/love-lashes.eu\/sl\/pogoji-poslovanja-spletne-trgovine\/","og_site_name":"Love Lashes - eyelashes extensions webshop","article_publisher":"https:\/\/www.facebook.com\/lovelashesbyhanasimcic","article_modified_time":"2026-03-13T08:54:06+00:00","twitter_card":"summary_large_image","twitter_misc":{"Est. reading time":"3 minute"},"schema":{"@context":"https:\/\/schema.org","@graph":[{"@type":"WebPage","@id":"https:\/\/love-lashes.eu\/uvjeti-poslovanja-web-shopa\/","url":"https:\/\/love-lashes.eu\/uvjeti-poslovanja-web-shopa\/","name":"Pogoji poslovanja spletne trgovine - Love Lashes - spletna trgovina za podalj\u0161evanje trepalnic","isPartOf":{"@id":"https:\/\/love-lashes.eu\/#website"},"datePublished":"2024-01-10T10:59:07+00:00","dateModified":"2026-03-13T08:54:06+00:00","breadcrumb":{"@id":"https:\/\/love-lashes.eu\/uvjeti-poslovanja-web-shopa\/#breadcrumb"},"inLanguage":"sl-SI","potentialAction":[{"@type":"ReadAction","target":["https:\/\/love-lashes.eu\/uvjeti-poslovanja-web-shopa\/"]}]},{"@type":"BreadcrumbList","@id":"https:\/\/love-lashes.eu\/uvjeti-poslovanja-web-shopa\/#breadcrumb","itemListElement":[{"@type":"ListItem","position":1,"name":"Po\u010detna stranica","item":"https:\/\/love-lashes.eu\/"},{"@type":"ListItem","position":2,"name":"Uvjeti poslovanja web shopa"}]},{"@type":"WebSite","@id":"https:\/\/love-lashes.eu\/#website","url":"https:\/\/love-lashes.eu\/","name":"Love Lashes - spletna trgovina za podalj\u0161ke trepalnic","description":"Material za podalj\u0161evanje trepalnic","publisher":{"@id":"https:\/\/love-lashes.eu\/#organization"},"alternateName":"Love Lashes - materijal za ekstenzije trepavica","potentialAction":[{"@type":"SearchAction","target":{"@type":"EntryPoint","urlTemplate":"https:\/\/love-lashes.eu\/?s={search_term_string}"},"query-input":{"@type":"PropertyValueSpecification","valueRequired":true,"valueName":"search_term_string"}}],"inLanguage":"sl-SI"},{"@type":"Organization","@id":"https:\/\/love-lashes.eu\/#organization","name":"Love Lashes - spletna trgovina za podalj\u0161ke trepalnic","url":"https:\/\/love-lashes.eu\/","logo":{"@type":"ImageObject","inLanguage":"sl-SI","@id":"https:\/\/love-lashes.eu\/#\/schema\/logo\/image\/","url":"https:\/\/love-lashes.eu\/wp-content\/uploads\/2024\/01\/LoveLashes_logo_bez_web.png","contentUrl":"https:\/\/love-lashes.eu\/wp-content\/uploads\/2024\/01\/LoveLashes_logo_bez_web.png","width":1000,"height":135,"caption":"Love Lashes - eyelashes extensions webshop"},"image":{"@id":"https:\/\/love-lashes.eu\/#\/schema\/logo\/image\/"},"sameAs":["https:\/\/www.facebook.com\/lovelashesbyhanasimcic","https:\/\/www.instagram.com\/hana.love.lashes\/"]}]}},"_links":{"self":[{"href":"https:\/\/love-lashes.eu\/sl\/wp-json\/wp\/v2\/pages\/116","targetHints":{"allow":["GET"]}}],"collection":[{"href":"https:\/\/love-lashes.eu\/sl\/wp-json\/wp\/v2\/pages"}],"about":[{"href":"https:\/\/love-lashes.eu\/sl\/wp-json\/wp\/v2\/types\/page"}],"author":[{"embeddable":true,"href":"https:\/\/love-lashes.eu\/sl\/wp-json\/wp\/v2\/users\/1"}],"replies":[{"embeddable":true,"href":"https:\/\/love-lashes.eu\/sl\/wp-json\/wp\/v2\/comments?post=116"}],"version-history":[{"count":0,"href":"https:\/\/love-lashes.eu\/sl\/wp-json\/wp\/v2\/pages\/116\/revisions"}],"wp:attachment":[{"href":"https:\/\/love-lashes.eu\/sl\/wp-json\/wp\/v2\/media?parent=116"}],"curies":[{"name":"delovni list","href":"https:\/\/api.w.org\/{rel}","templated":true}]}}