{"id":1983,"date":"2025-06-22T00:52:24","date_gmt":"2025-06-21T23:52:24","guid":{"rendered":"https:\/\/love-lashes.eu\/?page_id=1983"},"modified":"2025-06-22T00:59:09","modified_gmt":"2025-06-21T23:59:09","slug":"studio","status":"publish","type":"page","link":"https:\/\/love-lashes.eu\/sl\/studio\/","title":{"rendered":"Studio"},"content":{"rendered":"<div data-elementor-type=\"wp-page\" data-elementor-id=\"1983\" class=\"elementor elementor-1983\" data-elementor-post-type=\"page\">\n\t\t\t\t\t\t<section class=\"elementor-section elementor-top-section elementor-element elementor-element-6e4b550f elementor-section-content-middle elementor-section-boxed elementor-section-height-default elementor-section-height-default\" data-id=\"6e4b550f\" data-element_type=\"section\" data-e-type=\"section\" data-settings=\"{&quot;background_background&quot;:&quot;classic&quot;}\">\n\t\t\t\t\t\t<div class=\"elementor-container elementor-column-gap-default\">\n\t\t\t\t\t<div class=\"elementor-column elementor-col-50 elementor-top-column elementor-element elementor-element-653d2b92\" data-id=\"653d2b92\" data-element_type=\"column\" data-e-type=\"column\">\n\t\t\t<div class=\"elementor-widget-wrap elementor-element-populated\">\n\t\t\t\t\t\t<div class=\"elementor-element elementor-element-71724115 elementor-widget elementor-widget-image\" data-id=\"71724115\" data-element_type=\"widget\" data-e-type=\"widget\" data-widget_type=\"image.default\">\n\t\t\t\t\t\t\t\t\t\t\t\t\t\t\t<img fetchpriority=\"high\" decoding=\"async\" width=\"1442\" height=\"1920\" src=\"https:\/\/love-lashes.eu\/wp-content\/uploads\/2025\/06\/1708387212933-scaled-1.webp\" class=\"attachment-full size-full wp-image-1985\" alt=\"\" srcset=\"https:\/\/love-lashes.eu\/wp-content\/uploads\/2025\/06\/1708387212933-scaled-1.webp 1442w, https:\/\/love-lashes.eu\/wp-content\/uploads\/2025\/06\/1708387212933-scaled-1-225x300.webp 225w, https:\/\/love-lashes.eu\/wp-content\/uploads\/2025\/06\/1708387212933-scaled-1-769x1024.webp 769w, https:\/\/love-lashes.eu\/wp-content\/uploads\/2025\/06\/1708387212933-scaled-1-768x1023.webp 768w, https:\/\/love-lashes.eu\/wp-content\/uploads\/2025\/06\/1708387212933-scaled-1-1153x1536.webp 1153w, https:\/\/love-lashes.eu\/wp-content\/uploads\/2025\/06\/1708387212933-scaled-1-600x799.webp 600w\" sizes=\"(max-width: 1442px) 100vw, 1442px\" \/>\t\t\t\t\t\t\t\t\t\t\t\t\t\t\t<\/div>\n\t\t\t\t\t<\/div>\n\t\t<\/div>\n\t\t\t\t<div class=\"elementor-column elementor-col-50 elementor-top-column elementor-element elementor-element-11972b84\" data-id=\"11972b84\" data-element_type=\"column\" data-e-type=\"column\">\n\t\t\t<div class=\"elementor-widget-wrap elementor-element-populated\">\n\t\t\t\t\t\t<div class=\"elementor-element elementor-element-6d86b49 elementor-widget elementor-widget-text-editor\" data-id=\"6d86b49\" data-element_type=\"widget\" data-e-type=\"widget\" data-widget_type=\"text-editor.default\">\n\t\t\t\t\t\t\t\t\t<div dir=\"auto\" style=\"color: #222222; font-family: Arial, Helvetica, sans-serif; font-size: normal; font-style: normal; font-variant-ligatures: normal; font-variant-caps: normal; font-weight: 400;\">Dobrodo\u0161li na strani, posve\u010deni lepoti in podalj\u0161evanju trepalnic! Sem Hana Iskra, ustanoviteljica blagovne znamke in lastnica studia Love Lashes. Moja zgodba se za\u010dne leta 2016, ko sem prvi\u010d stopila v svet podalj\u0161evanja trepalnic. Moram priznati, da je bilo moje prvo usposabljanje zelo slabo, \u010deprav je bila pozitivna stvar pri vsem tem spro\u0161\u010denost in nikoli nisem \u010dutila strahu, ker sem delala na o\u010deh drugih ljudi. \u017de od samega za\u010detka se mi je zdelo naravno, da dr\u017eim pinceto v rokah. Celotno prvo leto sem pre\u017eivela na usposabljanju in se takoj zaljubila v to delo. \u017delela sem biti najbolj\u0161a v tem, kar po\u010dnem, in to je moja odlo\u010ditev, h kateri \u0161e danes stremim.<\/div>\n<div dir=\"auto\" style=\"color: #222222; font-family: Arial, Helvetica, sans-serif; font-size: normal; font-style: normal; font-variant-ligatures: normal; font-variant-caps: normal; font-weight: 400;\">Leta 2017 sem odprl svoj studio, Love Lashes, kjer se osredoto\u010dam izklju\u010dno na podalj\u0161evanje trepalnic.<\/div>\n<div dir=\"auto\" style=\"color: #222222; font-family: Arial, Helvetica, sans-serif; font-size: normal; font-style: normal; font-variant-ligatures: normal; font-variant-caps: normal; font-weight: 400;\">Odlo\u010den pri svojem strokovnem razvoju sem se v zadnjih osmih letih udele\u017eil ve\u010d kot 40 te\u010dajev usposabljanja pri priznanih tujih in hrva\u0161kih pedagogih.<\/div>\n<div dir=\"auto\" style=\"color: #222222; font-family: Arial, Helvetica, sans-serif; font-size: normal; font-style: normal; font-variant-ligatures: normal; font-variant-caps: normal; font-weight: 400;\">Moja strast do deljenja znanja me je leta 2018 pripeljala do vloge trenerke trepalnic. Med \u010dudovitimi trenutki na moji poti sta osvojitev tretjega mesta na tekmovanju Lash Challenge in pridobitev statusa trenerke blagovne znamke Luxury Eye po usposabljanju v Oxfordu leta 2020.<\/div>\n<div dir=\"auto\" style=\"color: #222222; font-family: Arial, Helvetica, sans-serif; font-size: normal; font-style: normal; font-variant-ligatures: normal; font-variant-caps: normal; font-weight: 400;\">S svojim delom sem izobrazila ve\u010d kot 200 \u0161tudentov, od katerih so mnogi zdaj uspe\u0161ni lastniki salonov ali samostojni pedagogi. Ponosna sem na svoj nenehen uspeh, kar dokazujejo zaporedna leta med tremi najbolj\u0161imi trenerji trepalnic, pri \u010demer sem bila dve leti zapored imenovana za trenerko leta.<\/div>\n<div dir=\"auto\" style=\"color: #222222; font-family: Arial, Helvetica, sans-serif; font-size: normal; font-style: normal; font-variant-ligatures: normal; font-variant-caps: normal; font-weight: 400;\">Leto 2024 zaznamuje novo poglavje v moji profesionalni poti. Ljubezen do mojega poklica in \u017eelja po nadaljnjem napredku sta me navdihnili, da sem ustanovil lastno blagovno znamko Love Lashes, s \u010dimer sem za\u010del novo fazo v svoji podjetni\u0161ki poti.<\/div>\n<div dir=\"auto\" style=\"color: #222222; font-family: Arial, Helvetica, sans-serif; font-size: normal; font-style: normal; font-variant-ligatures: normal; font-variant-caps: normal; font-weight: 400;\">Zame to ni samo slu\u017eba \u2013 to je \u017eivljenjski slog. Rad imam vsak trenutek in vsako izku\u0161njo, ki me je pripeljala do sem, kjer sem.<\/div>\nPoleg kariere sem tudi ponosna mama dveh otrok, Adriana in Eni, ter \u017eena. Aktivno se ukvarjam s treningi, u\u017eivam v glasbi, branju, obiskovanju koncertov in potovanjih. Rada po\u010dnem stvari za svojo du\u0161o in povezovanje s seboj in ljudmi, ki jih imam rada, mi je zelo pomembno. Verjamem, da se nam najbolj\u0161e stvari zgodijo, ko smo v harmoniji s seboj in svojimi vrednotami. Zame ta slu\u017eba ni le slu\u017eba, ampak \u017eivljenjski slog, ki mi je dal svobodo, da \u017eivim in delam tako, kot si \u017eelim. Hvala, ker ste del mojega lepotnega sveta in me podpirate pri tej \u010dudoviti pustolov\u0161\u010dini s podalj\u0161evanjem trepalnic.\t\t\t\t\t\t\t\t<\/div>\n\t\t\t\t\t<\/div>\n\t\t<\/div>\n\t\t\t\t\t<\/div>\n\t\t<\/section>\n\t\t\t\t<\/div>","protected":false},"excerpt":{"rendered":"<p>Dobrodo\u0161li na stranicu posve\u0107enu ljepoti i ekstenzijama trepavica! Ja sam Hana Iskra, osniva\u010dica brenda i vlasnica studija Love Lashes. Moja pri\u010da zapo\u010dinje 2016. godine kad sam prvi put zakora\u010dila u svijet ekstenzija trepavica. Prva edukacija je moram priznati bila toliko lo\u0161a mada pozitivno u svemu tome bila je ta moja lako\u0107a i nisam nikad osje\u0107ala [&hellip;]<\/p>\n","protected":false},"author":1,"featured_media":0,"parent":0,"menu_order":0,"comment_status":"closed","ping_status":"closed","template":"elementor_theme","meta":{"footnotes":""},"class_list":["post-1983","page","type-page","status-publish","hentry"],"yoast_head":"<!-- This site is optimized with the Yoast SEO plugin v27.5 - https:\/\/yoast.com\/product\/yoast-seo-wordpress\/ -->\n<title>Studio - Love Lashes - eyelashes extensions webshop<\/title>\n<meta name=\"robots\" content=\"index, follow, max-snippet:-1, max-image-preview:large, max-video-preview:-1\" \/>\n<link rel=\"canonical\" href=\"https:\/\/love-lashes.eu\/sl\/studio\/\" \/>\n<meta property=\"og:locale\" content=\"sl_SI\" \/>\n<meta property=\"og:type\" content=\"article\" \/>\n<meta property=\"og:title\" content=\"Studio - Love Lashes - eyelashes extensions webshop\" \/>\n<meta property=\"og:description\" content=\"Dobrodo\u0161li na stranicu posve\u0107enu ljepoti i ekstenzijama trepavica! Ja sam Hana Iskra, osniva\u010dica brenda i vlasnica studija Love Lashes. Moja pri\u010da zapo\u010dinje 2016. godine kad sam prvi put zakora\u010dila u svijet ekstenzija trepavica. Prva edukacija je moram priznati bila toliko lo\u0161a mada pozitivno u svemu tome bila je ta moja lako\u0107a i nisam nikad osje\u0107ala [&hellip;]\" \/>\n<meta property=\"og:url\" content=\"https:\/\/love-lashes.eu\/sl\/studio\/\" \/>\n<meta property=\"og:site_name\" content=\"Love Lashes - eyelashes extensions webshop\" \/>\n<meta property=\"article:publisher\" content=\"https:\/\/www.facebook.com\/lovelashesbyhanasimcic\" \/>\n<meta property=\"article:modified_time\" content=\"2025-06-21T23:59:09+00:00\" \/>\n<meta property=\"og:image\" content=\"https:\/\/love-lashes.eu\/wp-content\/uploads\/2025\/06\/1708387212933-scaled-1.webp\" \/>\n\t<meta property=\"og:image:width\" content=\"1442\" \/>\n\t<meta property=\"og:image:height\" content=\"1920\" \/>\n\t<meta property=\"og:image:type\" content=\"image\/webp\" \/>\n<meta name=\"twitter:card\" content=\"summary_large_image\" \/>\n<meta name=\"twitter:label1\" content=\"Est. reading time\" \/>\n\t<meta name=\"twitter:data1\" content=\"3 minute\" \/>\n<script type=\"application\/ld+json\" class=\"yoast-schema-graph\">{\"@context\":\"https:\\\/\\\/schema.org\",\"@graph\":[{\"@type\":\"WebPage\",\"@id\":\"https:\\\/\\\/love-lashes.eu\\\/studio\\\/\",\"url\":\"https:\\\/\\\/love-lashes.eu\\\/studio\\\/\",\"name\":\"Studio - Love Lashes - eyelashes extensions webshop\",\"isPartOf\":{\"@id\":\"https:\\\/\\\/love-lashes.eu\\\/#website\"},\"primaryImageOfPage\":{\"@id\":\"https:\\\/\\\/love-lashes.eu\\\/studio\\\/#primaryimage\"},\"image\":{\"@id\":\"https:\\\/\\\/love-lashes.eu\\\/studio\\\/#primaryimage\"},\"thumbnailUrl\":\"https:\\\/\\\/love-lashes.eu\\\/wp-content\\\/uploads\\\/2025\\\/06\\\/1708387212933-scaled-1.webp\",\"datePublished\":\"2025-06-21T23:52:24+00:00\",\"dateModified\":\"2025-06-21T23:59:09+00:00\",\"breadcrumb\":{\"@id\":\"https:\\\/\\\/love-lashes.eu\\\/studio\\\/#breadcrumb\"},\"inLanguage\":\"sl-SI\",\"potentialAction\":[{\"@type\":\"ReadAction\",\"target\":[\"https:\\\/\\\/love-lashes.eu\\\/studio\\\/\"]}]},{\"@type\":\"ImageObject\",\"inLanguage\":\"sl-SI\",\"@id\":\"https:\\\/\\\/love-lashes.eu\\\/studio\\\/#primaryimage\",\"url\":\"https:\\\/\\\/love-lashes.eu\\\/wp-content\\\/uploads\\\/2025\\\/06\\\/1708387212933-scaled-1.webp\",\"contentUrl\":\"https:\\\/\\\/love-lashes.eu\\\/wp-content\\\/uploads\\\/2025\\\/06\\\/1708387212933-scaled-1.webp\"},{\"@type\":\"BreadcrumbList\",\"@id\":\"https:\\\/\\\/love-lashes.eu\\\/studio\\\/#breadcrumb\",\"itemListElement\":[{\"@type\":\"ListItem\",\"position\":1,\"name\":\"Po\u010detna stranica\",\"item\":\"https:\\\/\\\/love-lashes.eu\\\/\"},{\"@type\":\"ListItem\",\"position\":2,\"name\":\"Studio\"}]},{\"@type\":\"WebSite\",\"@id\":\"https:\\\/\\\/love-lashes.eu\\\/#website\",\"url\":\"https:\\\/\\\/love-lashes.eu\\\/\",\"name\":\"Love Lashes - eyelashes extensions webshop\",\"description\":\"Materijal za ekstenzije trepavica\",\"publisher\":{\"@id\":\"https:\\\/\\\/love-lashes.eu\\\/#organization\"},\"alternateName\":\"Love Lashes - materijal za ekstenzije trepavica\",\"potentialAction\":[{\"@type\":\"SearchAction\",\"target\":{\"@type\":\"EntryPoint\",\"urlTemplate\":\"https:\\\/\\\/love-lashes.eu\\\/?s={search_term_string}\"},\"query-input\":{\"@type\":\"PropertyValueSpecification\",\"valueRequired\":true,\"valueName\":\"search_term_string\"}}],\"inLanguage\":\"sl-SI\"},{\"@type\":\"Organization\",\"@id\":\"https:\\\/\\\/love-lashes.eu\\\/#organization\",\"name\":\"Love Lashes - eyelashes extensions webshop\",\"url\":\"https:\\\/\\\/love-lashes.eu\\\/\",\"logo\":{\"@type\":\"ImageObject\",\"inLanguage\":\"sl-SI\",\"@id\":\"https:\\\/\\\/love-lashes.eu\\\/#\\\/schema\\\/logo\\\/image\\\/\",\"url\":\"https:\\\/\\\/love-lashes.eu\\\/wp-content\\\/uploads\\\/2024\\\/01\\\/LoveLashes_logo_bez_web.png\",\"contentUrl\":\"https:\\\/\\\/love-lashes.eu\\\/wp-content\\\/uploads\\\/2024\\\/01\\\/LoveLashes_logo_bez_web.png\",\"width\":1000,\"height\":135,\"caption\":\"Love Lashes - eyelashes extensions webshop\"},\"image\":{\"@id\":\"https:\\\/\\\/love-lashes.eu\\\/#\\\/schema\\\/logo\\\/image\\\/\"},\"sameAs\":[\"https:\\\/\\\/www.facebook.com\\\/lovelashesbyhanasimcic\",\"https:\\\/\\\/www.instagram.com\\\/hana.love.lashes\\\/\"]}]}<\/script>\n<!-- \/ Yoast SEO plugin. -->","yoast_head_json":{"title":"Studio - Love Lashes - spletna trgovina za podalj\u0161evanje trepalnic","robots":{"index":"index","follow":"follow","max-snippet":"max-snippet:-1","max-image-preview":"max-image-preview:large","max-video-preview":"max-video-preview:-1"},"canonical":"https:\/\/love-lashes.eu\/sl\/studio\/","og_locale":"sl_SI","og_type":"article","og_title":"Studio - Love Lashes - eyelashes extensions webshop","og_description":"Dobrodo\u0161li na stranicu posve\u0107enu ljepoti i ekstenzijama trepavica! Ja sam Hana Iskra, osniva\u010dica brenda i vlasnica studija Love Lashes. Moja pri\u010da zapo\u010dinje 2016. godine kad sam prvi put zakora\u010dila u svijet ekstenzija trepavica. Prva edukacija je moram priznati bila toliko lo\u0161a mada pozitivno u svemu tome bila je ta moja lako\u0107a i nisam nikad osje\u0107ala [&hellip;]","og_url":"https:\/\/love-lashes.eu\/sl\/studio\/","og_site_name":"Love Lashes - eyelashes extensions webshop","article_publisher":"https:\/\/www.facebook.com\/lovelashesbyhanasimcic","article_modified_time":"2025-06-21T23:59:09+00:00","og_image":[{"width":1442,"height":1920,"url":"https:\/\/love-lashes.eu\/wp-content\/uploads\/2025\/06\/1708387212933-scaled-1.webp","type":"image\/webp"}],"twitter_card":"summary_large_image","twitter_misc":{"Est. reading time":"3 minute"},"schema":{"@context":"https:\/\/schema.org","@graph":[{"@type":"WebPage","@id":"https:\/\/love-lashes.eu\/studio\/","url":"https:\/\/love-lashes.eu\/studio\/","name":"Studio - Love Lashes - spletna trgovina za podalj\u0161evanje trepalnic","isPartOf":{"@id":"https:\/\/love-lashes.eu\/#website"},"primaryImageOfPage":{"@id":"https:\/\/love-lashes.eu\/studio\/#primaryimage"},"image":{"@id":"https:\/\/love-lashes.eu\/studio\/#primaryimage"},"thumbnailUrl":"https:\/\/love-lashes.eu\/wp-content\/uploads\/2025\/06\/1708387212933-scaled-1.webp","datePublished":"2025-06-21T23:52:24+00:00","dateModified":"2025-06-21T23:59:09+00:00","breadcrumb":{"@id":"https:\/\/love-lashes.eu\/studio\/#breadcrumb"},"inLanguage":"sl-SI","potentialAction":[{"@type":"ReadAction","target":["https:\/\/love-lashes.eu\/studio\/"]}]},{"@type":"ImageObject","inLanguage":"sl-SI","@id":"https:\/\/love-lashes.eu\/studio\/#primaryimage","url":"https:\/\/love-lashes.eu\/wp-content\/uploads\/2025\/06\/1708387212933-scaled-1.webp","contentUrl":"https:\/\/love-lashes.eu\/wp-content\/uploads\/2025\/06\/1708387212933-scaled-1.webp"},{"@type":"BreadcrumbList","@id":"https:\/\/love-lashes.eu\/studio\/#breadcrumb","itemListElement":[{"@type":"ListItem","position":1,"name":"Po\u010detna stranica","item":"https:\/\/love-lashes.eu\/"},{"@type":"ListItem","position":2,"name":"Studio"}]},{"@type":"WebSite","@id":"https:\/\/love-lashes.eu\/#website","url":"https:\/\/love-lashes.eu\/","name":"Love Lashes - spletna trgovina za podalj\u0161ke trepalnic","description":"Material za podalj\u0161evanje trepalnic","publisher":{"@id":"https:\/\/love-lashes.eu\/#organization"},"alternateName":"Love Lashes - materijal za ekstenzije trepavica","potentialAction":[{"@type":"SearchAction","target":{"@type":"EntryPoint","urlTemplate":"https:\/\/love-lashes.eu\/?s={search_term_string}"},"query-input":{"@type":"PropertyValueSpecification","valueRequired":true,"valueName":"search_term_string"}}],"inLanguage":"sl-SI"},{"@type":"Organization","@id":"https:\/\/love-lashes.eu\/#organization","name":"Love Lashes - spletna trgovina za podalj\u0161ke trepalnic","url":"https:\/\/love-lashes.eu\/","logo":{"@type":"ImageObject","inLanguage":"sl-SI","@id":"https:\/\/love-lashes.eu\/#\/schema\/logo\/image\/","url":"https:\/\/love-lashes.eu\/wp-content\/uploads\/2024\/01\/LoveLashes_logo_bez_web.png","contentUrl":"https:\/\/love-lashes.eu\/wp-content\/uploads\/2024\/01\/LoveLashes_logo_bez_web.png","width":1000,"height":135,"caption":"Love Lashes - eyelashes extensions webshop"},"image":{"@id":"https:\/\/love-lashes.eu\/#\/schema\/logo\/image\/"},"sameAs":["https:\/\/www.facebook.com\/lovelashesbyhanasimcic","https:\/\/www.instagram.com\/hana.love.lashes\/"]}]}},"_links":{"self":[{"href":"https:\/\/love-lashes.eu\/sl\/wp-json\/wp\/v2\/pages\/1983","targetHints":{"allow":["GET"]}}],"collection":[{"href":"https:\/\/love-lashes.eu\/sl\/wp-json\/wp\/v2\/pages"}],"about":[{"href":"https:\/\/love-lashes.eu\/sl\/wp-json\/wp\/v2\/types\/page"}],"author":[{"embeddable":true,"href":"https:\/\/love-lashes.eu\/sl\/wp-json\/wp\/v2\/users\/1"}],"replies":[{"embeddable":true,"href":"https:\/\/love-lashes.eu\/sl\/wp-json\/wp\/v2\/comments?post=1983"}],"version-history":[{"count":0,"href":"https:\/\/love-lashes.eu\/sl\/wp-json\/wp\/v2\/pages\/1983\/revisions"}],"wp:attachment":[{"href":"https:\/\/love-lashes.eu\/sl\/wp-json\/wp\/v2\/media?parent=1983"}],"curies":[{"name":"delovni list","href":"https:\/\/api.w.org\/{rel}","templated":true}]}}