{"id":2192,"date":"2025-07-12T12:13:18","date_gmt":"2025-07-12T11:13:18","guid":{"rendered":"https:\/\/love-lashes.eu\/?page_id=2192"},"modified":"2025-07-12T12:53:26","modified_gmt":"2025-07-12T11:53:26","slug":"tea-cestar","status":"publish","type":"page","link":"https:\/\/love-lashes.eu\/sl\/tea-cestar\/","title":{"rendered":"Tea Cestar"},"content":{"rendered":"<div data-elementor-type=\"wp-page\" data-elementor-id=\"2192\" class=\"elementor elementor-2192\" data-elementor-post-type=\"page\">\n\t\t\t\t<div class=\"elementor-element elementor-element-0c4c120 e-flex e-con-boxed e-con e-parent\" data-id=\"0c4c120\" data-element_type=\"container\" data-e-type=\"container\" data-settings=\"{&quot;background_background&quot;:&quot;classic&quot;}\">\n\t\t\t\t\t<div class=\"e-con-inner\">\n\t\t<div class=\"elementor-element elementor-element-60930f4 e-con-full e-flex e-con e-child\" data-id=\"60930f4\" data-element_type=\"container\" data-e-type=\"container\">\n\t\t\t\t<div class=\"elementor-element elementor-element-f460566 elementor-widget elementor-widget-image\" data-id=\"f460566\" data-element_type=\"widget\" data-e-type=\"widget\" data-widget_type=\"image.default\">\n\t\t\t\t\t\t\t\t\t\t\t\t\t\t\t<img fetchpriority=\"high\" decoding=\"async\" width=\"684\" height=\"1024\" src=\"https:\/\/love-lashes.eu\/wp-content\/uploads\/2025\/07\/Tea_Cestar_edukator_Love_Lashes-684x1024.webp\" class=\"attachment-large size-large wp-image-2167\" alt=\"\" srcset=\"https:\/\/love-lashes.eu\/wp-content\/uploads\/2025\/07\/Tea_Cestar_edukator_Love_Lashes-684x1024.webp 684w, https:\/\/love-lashes.eu\/wp-content\/uploads\/2025\/07\/Tea_Cestar_edukator_Love_Lashes-200x300.webp 200w, https:\/\/love-lashes.eu\/wp-content\/uploads\/2025\/07\/Tea_Cestar_edukator_Love_Lashes-768x1149.webp 768w, https:\/\/love-lashes.eu\/wp-content\/uploads\/2025\/07\/Tea_Cestar_edukator_Love_Lashes-1026x1536.webp 1026w, https:\/\/love-lashes.eu\/wp-content\/uploads\/2025\/07\/Tea_Cestar_edukator_Love_Lashes-8x12.webp 8w, https:\/\/love-lashes.eu\/wp-content\/uploads\/2025\/07\/Tea_Cestar_edukator_Love_Lashes-600x898.webp 600w, https:\/\/love-lashes.eu\/wp-content\/uploads\/2025\/07\/Tea_Cestar_edukator_Love_Lashes.webp 1069w\" sizes=\"(max-width: 684px) 100vw, 684px\" \/>\t\t\t\t\t\t\t\t\t\t\t\t\t\t\t<\/div>\n\t\t\t\t<\/div>\n\t\t<div class=\"elementor-element elementor-element-e1632d1 e-con-full e-flex e-con e-child\" data-id=\"e1632d1\" data-element_type=\"container\" data-e-type=\"container\">\n\t\t\t\t<div class=\"elementor-element elementor-element-0074d3e elementor-widget elementor-widget-heading\" data-id=\"0074d3e\" data-element_type=\"widget\" data-e-type=\"widget\" data-widget_type=\"heading.default\">\n\t\t\t\t\t<h2 class=\"elementor-heading-title elementor-size-default\">Tea Cestar<\/h2>\t\t\t\t<\/div>\n\t\t\t\t<div class=\"elementor-element elementor-element-daf87f5 elementor-shape-circle e-grid-align-left elementor-grid-0 elementor-widget elementor-widget-social-icons\" data-id=\"daf87f5\" data-element_type=\"widget\" data-e-type=\"widget\" data-widget_type=\"social-icons.default\">\n\t\t\t\t\t\t\t<div class=\"elementor-social-icons-wrapper elementor-grid\">\n\t\t\t\t\t\t\t<span class=\"elementor-grid-item\">\n\t\t\t\t\t<a class=\"elementor-icon elementor-social-icon elementor-social-icon-instagram elementor-repeater-item-7344026\" href=\"https:\/\/www.instagram.com\/tc_lashes_brows\/\" target=\"_blank\">\n\t\t\t\t\t\t<span class=\"elementor-screen-only\">Instagram<\/span>\n\t\t\t\t\t\t<svg aria-hidden=\"true\" class=\"e-font-icon-svg e-fab-instagram\" viewbox=\"0 0 448 512\" xmlns=\"http:\/\/www.w3.org\/2000\/svg\"><path d=\"M224.1 141c-63.6 0-114.9 51.3-114.9 114.9s51.3 114.9 114.9 114.9S339 319.5 339 255.9 287.7 141 224.1 141zm0 189.6c-41.1 0-74.7-33.5-74.7-74.7s33.5-74.7 74.7-74.7 74.7 33.5 74.7 74.7-33.6 74.7-74.7 74.7zm146.4-194.3c0 14.9-12 26.8-26.8 26.8-14.9 0-26.8-12-26.8-26.8s12-26.8 26.8-26.8 26.8 12 26.8 26.8zm76.1 27.2c-1.7-35.9-9.9-67.7-36.2-93.9-26.2-26.2-58-34.4-93.9-36.2-37-2.1-147.9-2.1-184.9 0-35.8 1.7-67.6 9.9-93.9 36.1s-34.4 58-36.2 93.9c-2.1 37-2.1 147.9 0 184.9 1.7 35.9 9.9 67.7 36.2 93.9s58 34.4 93.9 36.2c37 2.1 147.9 2.1 184.9 0 35.9-1.7 67.7-9.9 93.9-36.2 26.2-26.2 34.4-58 36.2-93.9 2.1-37 2.1-147.8 0-184.8zM398.8 388c-7.8 19.6-22.9 34.7-42.6 42.6-29.5 11.7-99.5 9-132.1 9s-102.7 2.6-132.1-9c-19.6-7.8-34.7-22.9-42.6-42.6-11.7-29.5-9-99.5-9-132.1s-2.6-102.7 9-132.1c7.8-19.6 22.9-34.7 42.6-42.6 29.5-11.7 99.5-9 132.1-9s102.7-2.6 132.1 9c19.6 7.8 34.7 22.9 42.6 42.6 11.7 29.5 9 99.5 9 132.1s2.7 102.7-9 132.1z\"><\/path><\/svg>\t\t\t\t\t<\/a>\n\t\t\t\t<\/span>\n\t\t\t\t\t<\/div>\n\t\t\t\t\t\t<\/div>\n\t\t\t\t<div class=\"elementor-element elementor-element-493e43f elementor-widget elementor-widget-heading\" data-id=\"493e43f\" data-element_type=\"widget\" data-e-type=\"widget\" data-widget_type=\"heading.default\">\n\t\t\t\t\t<h2 class=\"elementor-heading-title elementor-size-default\">Kri\u017eevci, Hrva\u0161ka<\/h2>\t\t\t\t<\/div>\n\t\t\t\t<div class=\"elementor-element elementor-element-25f7053 elementor-widget-divider--view-line elementor-widget elementor-widget-divider\" data-id=\"25f7053\" data-element_type=\"widget\" data-e-type=\"widget\" data-widget_type=\"divider.default\">\n\t\t\t\t\t\t\t<div class=\"elementor-divider\">\n\t\t\t<span class=\"elementor-divider-separator\">\n\t\t\t\t\t\t<\/span>\n\t\t<\/div>\n\t\t\t\t\t\t<\/div>\n\t\t\t\t<div class=\"elementor-element elementor-element-e4432aa elementor-widget elementor-widget-text-editor\" data-id=\"e4432aa\" data-element_type=\"widget\" data-e-type=\"widget\" data-widget_type=\"text-editor.default\">\n\t\t\t\t\t\t\t\t\t<p>I\u0161\u010de\u0161 edukatorja, ki ve, kako je za\u010deti iz ni\u010d?<\/p><p>\u017divjo, jaz sem Tea.<\/p><p>Dobro vem, kako je \u2013<br \/>za\u010deti brez varnosti, brez podpore, brez bli\u017enjic.<\/p><p>Delala sem ob redni slu\u017ebi, med vikendi in prazniki.<br \/>Var\u010devala sem za izobra\u017eevanja,<br \/>vadila vedno, ko sem imela \u010das.<br \/>In nikoli nisem odnehala.<\/p><p>Danes, po 5 letih dela,<br \/>imam svoj salon in z veseljem izobra\u017eujem nove lash artistke<br \/>kot Love Lashes edukator. \ud83e\udd0d<\/p><p>Zato vem, kako pomembno je izobra\u017eevanje,<br \/>ki ima smisel \u2013<br \/>ki ti daje znanje, jasnost in samozavest.<\/p><p>Moj cilj ni samo, da se nau\u010di\u0161 tehnike.<br \/>Moj cilj je, da razume\u0161, kaj dela\u0161,<br \/>da pridobi\u0161 pravo samozavest<br \/>in da odkrije\u0161 lepoto tega poklica \u2013 tako kot sem jo jaz.<\/p><p>Na za\u010detku nisem imela nekoga, ki bi mi rekel:<br \/>\u201cTu sem. Greva skupaj.\u201d<br \/>Zato danes \u017eelim biti ta oseba \u2013 zate.<\/p>\t\t\t\t\t\t\t\t<\/div>\n\t\t\t\t<\/div>\n\t\t\t\t\t<\/div>\n\t\t\t\t<\/div>\n\t\t<div class=\"elementor-element elementor-element-3e496d9 e-flex e-con-boxed e-con e-parent\" data-id=\"3e496d9\" data-element_type=\"container\" data-e-type=\"container\" data-settings=\"{&quot;background_background&quot;:&quot;classic&quot;}\">\n\t\t\t\t\t<div class=\"e-con-inner\">\n\t\t\t\t<div class=\"elementor-element elementor-element-f840450 elementor-widget-divider--view-line elementor-widget elementor-widget-divider\" data-id=\"f840450\" data-element_type=\"widget\" data-e-type=\"widget\" data-widget_type=\"divider.default\">\n\t\t\t\t\t\t\t<div class=\"elementor-divider\">\n\t\t\t<span class=\"elementor-divider-separator\">\n\t\t\t\t\t\t<\/span>\n\t\t<\/div>\n\t\t\t\t\t\t<\/div>\n\t\t\t\t\t<\/div>\n\t\t\t\t<\/div>\n\t\t\t\t<\/div>","protected":false},"excerpt":{"rendered":"<p>Tea Cestar Instagram Kri\u017eevci, Hrvatska Tra\u017ei\u0161 edukatora koji zna kako je po\u010deti od nule? Bok, ja sam Tea. Znam kako je to \u2013krenuti bez sigurnosti, bez podr\u0161ke, bez pre\u010daca. Radila sam uz stalan posao, vikende i praznike.\u0160tedjela za edukacije,vje\u017ebala kad god bih uhvatila vrijeme.I nisam odustajala. Danas, nakon 5 godina rada,imam svoj salon i s [&hellip;]<\/p>\n","protected":false},"author":1,"featured_media":0,"parent":0,"menu_order":0,"comment_status":"closed","ping_status":"closed","template":"","meta":{"footnotes":""},"class_list":["post-2192","page","type-page","status-publish","hentry"],"yoast_head":"<!-- This site is optimized with the Yoast SEO plugin v27.4 - https:\/\/yoast.com\/product\/yoast-seo-wordpress\/ -->\n<title>Tea Cestar - Love Lashes - eyelashes extensions webshop<\/title>\n<meta name=\"description\" content=\"Tea Cestar \u2013 edukatorica za ekstenzije trepavica u Kri\u017eevcima. U\u010di te tehniku, samopouzdanje i posao lash artistice kroz Love Lashes edukaciju.\" \/>\n<meta name=\"robots\" content=\"index, follow, max-snippet:-1, max-image-preview:large, max-video-preview:-1\" \/>\n<link rel=\"canonical\" href=\"https:\/\/love-lashes.eu\/sl\/tea-cestar\/\" \/>\n<meta property=\"og:locale\" content=\"sl_SI\" \/>\n<meta property=\"og:type\" content=\"article\" \/>\n<meta property=\"og:title\" content=\"Tea Cestar - Love Lashes - eyelashes extensions webshop\" \/>\n<meta property=\"og:description\" content=\"Tea Cestar \u2013 edukatorica za ekstenzije trepavica u Kri\u017eevcima. U\u010di te tehniku, samopouzdanje i posao lash artistice kroz Love Lashes edukaciju.\" \/>\n<meta property=\"og:url\" content=\"https:\/\/love-lashes.eu\/sl\/tea-cestar\/\" \/>\n<meta property=\"og:site_name\" content=\"Love Lashes - eyelashes extensions webshop\" \/>\n<meta property=\"article:publisher\" content=\"https:\/\/www.facebook.com\/lovelashesbyhanasimcic\" \/>\n<meta property=\"article:modified_time\" content=\"2025-07-12T11:53:26+00:00\" \/>\n<meta property=\"og:image\" content=\"https:\/\/love-lashes.eu\/wp-content\/uploads\/2025\/07\/Tea_Cestar_edukator_Love_Lashes.webp\" \/>\n\t<meta property=\"og:image:width\" content=\"1069\" \/>\n\t<meta property=\"og:image:height\" content=\"1600\" \/>\n\t<meta property=\"og:image:type\" content=\"image\/webp\" \/>\n<meta name=\"twitter:card\" content=\"summary_large_image\" \/>\n<meta name=\"twitter:label1\" content=\"Est. reading time\" \/>\n\t<meta name=\"twitter:data1\" content=\"1 minuta\" \/>\n<script type=\"application\/ld+json\" class=\"yoast-schema-graph\">{\"@context\":\"https:\\\/\\\/schema.org\",\"@graph\":[{\"@type\":\"WebPage\",\"@id\":\"https:\\\/\\\/love-lashes.eu\\\/tea-cestar\\\/\",\"url\":\"https:\\\/\\\/love-lashes.eu\\\/tea-cestar\\\/\",\"name\":\"Tea Cestar - Love Lashes - eyelashes extensions webshop\",\"isPartOf\":{\"@id\":\"https:\\\/\\\/love-lashes.eu\\\/#website\"},\"primaryImageOfPage\":{\"@id\":\"https:\\\/\\\/love-lashes.eu\\\/tea-cestar\\\/#primaryimage\"},\"image\":{\"@id\":\"https:\\\/\\\/love-lashes.eu\\\/tea-cestar\\\/#primaryimage\"},\"thumbnailUrl\":\"https:\\\/\\\/love-lashes.eu\\\/wp-content\\\/uploads\\\/2025\\\/07\\\/Tea_Cestar_edukator_Love_Lashes-684x1024.webp\",\"datePublished\":\"2025-07-12T11:13:18+00:00\",\"dateModified\":\"2025-07-12T11:53:26+00:00\",\"description\":\"Tea Cestar \u2013 edukatorica za ekstenzije trepavica u Kri\u017eevcima. U\u010di te tehniku, samopouzdanje i posao lash artistice kroz Love Lashes edukaciju.\",\"breadcrumb\":{\"@id\":\"https:\\\/\\\/love-lashes.eu\\\/tea-cestar\\\/#breadcrumb\"},\"inLanguage\":\"sl-SI\",\"potentialAction\":[{\"@type\":\"ReadAction\",\"target\":[\"https:\\\/\\\/love-lashes.eu\\\/tea-cestar\\\/\"]}]},{\"@type\":\"ImageObject\",\"inLanguage\":\"sl-SI\",\"@id\":\"https:\\\/\\\/love-lashes.eu\\\/tea-cestar\\\/#primaryimage\",\"url\":\"https:\\\/\\\/love-lashes.eu\\\/wp-content\\\/uploads\\\/2025\\\/07\\\/Tea_Cestar_edukator_Love_Lashes-684x1024.webp\",\"contentUrl\":\"https:\\\/\\\/love-lashes.eu\\\/wp-content\\\/uploads\\\/2025\\\/07\\\/Tea_Cestar_edukator_Love_Lashes-684x1024.webp\"},{\"@type\":\"BreadcrumbList\",\"@id\":\"https:\\\/\\\/love-lashes.eu\\\/tea-cestar\\\/#breadcrumb\",\"itemListElement\":[{\"@type\":\"ListItem\",\"position\":1,\"name\":\"Po\u010detna stranica\",\"item\":\"https:\\\/\\\/love-lashes.eu\\\/\"},{\"@type\":\"ListItem\",\"position\":2,\"name\":\"Tea Cestar\"}]},{\"@type\":\"WebSite\",\"@id\":\"https:\\\/\\\/love-lashes.eu\\\/#website\",\"url\":\"https:\\\/\\\/love-lashes.eu\\\/\",\"name\":\"Love Lashes - eyelashes extensions webshop\",\"description\":\"Materijal za ekstenzije trepavica\",\"publisher\":{\"@id\":\"https:\\\/\\\/love-lashes.eu\\\/#organization\"},\"alternateName\":\"Love Lashes - materijal za ekstenzije trepavica\",\"potentialAction\":[{\"@type\":\"SearchAction\",\"target\":{\"@type\":\"EntryPoint\",\"urlTemplate\":\"https:\\\/\\\/love-lashes.eu\\\/?s={search_term_string}\"},\"query-input\":{\"@type\":\"PropertyValueSpecification\",\"valueRequired\":true,\"valueName\":\"search_term_string\"}}],\"inLanguage\":\"sl-SI\"},{\"@type\":\"Organization\",\"@id\":\"https:\\\/\\\/love-lashes.eu\\\/#organization\",\"name\":\"Love Lashes - eyelashes extensions webshop\",\"url\":\"https:\\\/\\\/love-lashes.eu\\\/\",\"logo\":{\"@type\":\"ImageObject\",\"inLanguage\":\"sl-SI\",\"@id\":\"https:\\\/\\\/love-lashes.eu\\\/#\\\/schema\\\/logo\\\/image\\\/\",\"url\":\"https:\\\/\\\/love-lashes.eu\\\/wp-content\\\/uploads\\\/2024\\\/01\\\/LoveLashes_logo_bez_web.png\",\"contentUrl\":\"https:\\\/\\\/love-lashes.eu\\\/wp-content\\\/uploads\\\/2024\\\/01\\\/LoveLashes_logo_bez_web.png\",\"width\":1000,\"height\":135,\"caption\":\"Love Lashes - eyelashes extensions webshop\"},\"image\":{\"@id\":\"https:\\\/\\\/love-lashes.eu\\\/#\\\/schema\\\/logo\\\/image\\\/\"},\"sameAs\":[\"https:\\\/\\\/www.facebook.com\\\/lovelashesbyhanasimcic\",\"https:\\\/\\\/www.instagram.com\\\/hana.love.lashes\\\/\"]}]}<\/script>\n<!-- \/ Yoast SEO plugin. -->","yoast_head_json":{"title":"Tea Cestar - Love Lashes - spletna trgovina za podalj\u0161evanje trepalnic","description":"Tea Cestar \u2013 edukatorica podalj\u0161evanja trepalnic v Kri\u017eevcih. S pomo\u010djo izobra\u017eevanja Love Lashes vas nau\u010di tehnike, samozavesti in poslanstva podalj\u0161evanja trepalnic.","robots":{"index":"index","follow":"follow","max-snippet":"max-snippet:-1","max-image-preview":"max-image-preview:large","max-video-preview":"max-video-preview:-1"},"canonical":"https:\/\/love-lashes.eu\/sl\/tea-cestar\/","og_locale":"sl_SI","og_type":"article","og_title":"Tea Cestar - Love Lashes - eyelashes extensions webshop","og_description":"Tea Cestar \u2013 edukatorica za ekstenzije trepavica u Kri\u017eevcima. U\u010di te tehniku, samopouzdanje i posao lash artistice kroz Love Lashes edukaciju.","og_url":"https:\/\/love-lashes.eu\/sl\/tea-cestar\/","og_site_name":"Love Lashes - eyelashes extensions webshop","article_publisher":"https:\/\/www.facebook.com\/lovelashesbyhanasimcic","article_modified_time":"2025-07-12T11:53:26+00:00","og_image":[{"width":1069,"height":1600,"url":"https:\/\/love-lashes.eu\/wp-content\/uploads\/2025\/07\/Tea_Cestar_edukator_Love_Lashes.webp","type":"image\/webp"}],"twitter_card":"summary_large_image","twitter_misc":{"Est. reading time":"1 minuta"},"schema":{"@context":"https:\/\/schema.org","@graph":[{"@type":"WebPage","@id":"https:\/\/love-lashes.eu\/tea-cestar\/","url":"https:\/\/love-lashes.eu\/tea-cestar\/","name":"Tea Cestar - Love Lashes - spletna trgovina za podalj\u0161evanje trepalnic","isPartOf":{"@id":"https:\/\/love-lashes.eu\/#website"},"primaryImageOfPage":{"@id":"https:\/\/love-lashes.eu\/tea-cestar\/#primaryimage"},"image":{"@id":"https:\/\/love-lashes.eu\/tea-cestar\/#primaryimage"},"thumbnailUrl":"https:\/\/love-lashes.eu\/wp-content\/uploads\/2025\/07\/Tea_Cestar_edukator_Love_Lashes-684x1024.webp","datePublished":"2025-07-12T11:13:18+00:00","dateModified":"2025-07-12T11:53:26+00:00","description":"Tea Cestar \u2013 edukatorica podalj\u0161evanja trepalnic v Kri\u017eevcih. S pomo\u010djo izobra\u017eevanja Love Lashes vas nau\u010di tehnike, samozavesti in poslanstva podalj\u0161evanja trepalnic.","breadcrumb":{"@id":"https:\/\/love-lashes.eu\/tea-cestar\/#breadcrumb"},"inLanguage":"sl-SI","potentialAction":[{"@type":"ReadAction","target":["https:\/\/love-lashes.eu\/tea-cestar\/"]}]},{"@type":"ImageObject","inLanguage":"sl-SI","@id":"https:\/\/love-lashes.eu\/tea-cestar\/#primaryimage","url":"https:\/\/love-lashes.eu\/wp-content\/uploads\/2025\/07\/Tea_Cestar_edukator_Love_Lashes-684x1024.webp","contentUrl":"https:\/\/love-lashes.eu\/wp-content\/uploads\/2025\/07\/Tea_Cestar_edukator_Love_Lashes-684x1024.webp"},{"@type":"BreadcrumbList","@id":"https:\/\/love-lashes.eu\/tea-cestar\/#breadcrumb","itemListElement":[{"@type":"ListItem","position":1,"name":"Po\u010detna stranica","item":"https:\/\/love-lashes.eu\/"},{"@type":"ListItem","position":2,"name":"Tea Cestar"}]},{"@type":"WebSite","@id":"https:\/\/love-lashes.eu\/#website","url":"https:\/\/love-lashes.eu\/","name":"Love Lashes - spletna trgovina za podalj\u0161ke trepalnic","description":"Material za podalj\u0161evanje trepalnic","publisher":{"@id":"https:\/\/love-lashes.eu\/#organization"},"alternateName":"Love Lashes - materijal za ekstenzije trepavica","potentialAction":[{"@type":"SearchAction","target":{"@type":"EntryPoint","urlTemplate":"https:\/\/love-lashes.eu\/?s={search_term_string}"},"query-input":{"@type":"PropertyValueSpecification","valueRequired":true,"valueName":"search_term_string"}}],"inLanguage":"sl-SI"},{"@type":"Organization","@id":"https:\/\/love-lashes.eu\/#organization","name":"Love Lashes - spletna trgovina za podalj\u0161ke trepalnic","url":"https:\/\/love-lashes.eu\/","logo":{"@type":"ImageObject","inLanguage":"sl-SI","@id":"https:\/\/love-lashes.eu\/#\/schema\/logo\/image\/","url":"https:\/\/love-lashes.eu\/wp-content\/uploads\/2024\/01\/LoveLashes_logo_bez_web.png","contentUrl":"https:\/\/love-lashes.eu\/wp-content\/uploads\/2024\/01\/LoveLashes_logo_bez_web.png","width":1000,"height":135,"caption":"Love Lashes - eyelashes extensions webshop"},"image":{"@id":"https:\/\/love-lashes.eu\/#\/schema\/logo\/image\/"},"sameAs":["https:\/\/www.facebook.com\/lovelashesbyhanasimcic","https:\/\/www.instagram.com\/hana.love.lashes\/"]}]}},"_links":{"self":[{"href":"https:\/\/love-lashes.eu\/sl\/wp-json\/wp\/v2\/pages\/2192","targetHints":{"allow":["GET"]}}],"collection":[{"href":"https:\/\/love-lashes.eu\/sl\/wp-json\/wp\/v2\/pages"}],"about":[{"href":"https:\/\/love-lashes.eu\/sl\/wp-json\/wp\/v2\/types\/page"}],"author":[{"embeddable":true,"href":"https:\/\/love-lashes.eu\/sl\/wp-json\/wp\/v2\/users\/1"}],"replies":[{"embeddable":true,"href":"https:\/\/love-lashes.eu\/sl\/wp-json\/wp\/v2\/comments?post=2192"}],"version-history":[{"count":0,"href":"https:\/\/love-lashes.eu\/sl\/wp-json\/wp\/v2\/pages\/2192\/revisions"}],"wp:attachment":[{"href":"https:\/\/love-lashes.eu\/sl\/wp-json\/wp\/v2\/media?parent=2192"}],"curies":[{"name":"delovni list","href":"https:\/\/api.w.org\/{rel}","templated":true}]}}