{"id":2733,"date":"2025-11-13T21:41:59","date_gmt":"2025-11-13T20:41:59","guid":{"rendered":"https:\/\/love-lashes.eu\/?page_id=2733"},"modified":"2025-11-13T22:31:26","modified_gmt":"2025-11-13T21:31:26","slug":"ana-tarandek","status":"publish","type":"page","link":"https:\/\/love-lashes.eu\/sl\/ambasadori\/ana-tarandek\/","title":{"rendered":"Ana Tarandek \u2013 Love Lashes ambasadorka"},"content":{"rendered":"<div data-elementor-type=\"wp-page\" data-elementor-id=\"2733\" class=\"elementor elementor-2733\" data-elementor-post-type=\"page\">\n\t\t\t\t<div class=\"elementor-element elementor-element-48817452 e-flex e-con-boxed e-con e-parent\" data-id=\"48817452\" data-element_type=\"container\" data-e-type=\"container\" data-settings=\"{&quot;background_background&quot;:&quot;classic&quot;}\">\n\t\t\t\t\t<div class=\"e-con-inner\">\n\t\t<div class=\"elementor-element elementor-element-1b9f4ccd e-con-full e-flex e-con e-child\" data-id=\"1b9f4ccd\" data-element_type=\"container\" data-e-type=\"container\">\n\t\t\t\t<div class=\"elementor-element elementor-element-4452278e elementor-widget elementor-widget-image\" data-id=\"4452278e\" data-element_type=\"widget\" data-e-type=\"widget\" data-widget_type=\"image.default\">\n\t\t\t\t\t\t\t\t\t\t\t\t\t\t\t<img fetchpriority=\"high\" decoding=\"async\" width=\"721\" height=\"1024\" src=\"https:\/\/love-lashes.eu\/wp-content\/uploads\/2025\/11\/Ana-Tarandek-Love-Lashes-ambasador-721x1024.jpeg\" class=\"attachment-large size-large wp-image-2762\" alt=\"Ana Tarandek - Love Lashes ambasadorka\" srcset=\"https:\/\/love-lashes.eu\/wp-content\/uploads\/2025\/11\/Ana-Tarandek-Love-Lashes-ambasador-721x1024.jpeg 721w, https:\/\/love-lashes.eu\/wp-content\/uploads\/2025\/11\/Ana-Tarandek-Love-Lashes-ambasador-211x300.jpeg 211w, https:\/\/love-lashes.eu\/wp-content\/uploads\/2025\/11\/Ana-Tarandek-Love-Lashes-ambasador-768x1091.jpeg 768w, https:\/\/love-lashes.eu\/wp-content\/uploads\/2025\/11\/Ana-Tarandek-Love-Lashes-ambasador-1081x1536.jpeg 1081w, https:\/\/love-lashes.eu\/wp-content\/uploads\/2025\/11\/Ana-Tarandek-Love-Lashes-ambasador-1442x2048.jpeg 1442w, https:\/\/love-lashes.eu\/wp-content\/uploads\/2025\/11\/Ana-Tarandek-Love-Lashes-ambasador-8x12.jpeg 8w, https:\/\/love-lashes.eu\/wp-content\/uploads\/2025\/11\/Ana-Tarandek-Love-Lashes-ambasador-600x852.jpeg 600w, https:\/\/love-lashes.eu\/wp-content\/uploads\/2025\/11\/Ana-Tarandek-Love-Lashes-ambasador-scaled.jpeg 1802w\" sizes=\"(max-width: 721px) 100vw, 721px\" \/>\t\t\t\t\t\t\t\t\t\t\t\t\t\t\t<\/div>\n\t\t\t\t<\/div>\n\t\t<div class=\"elementor-element elementor-element-2643dba9 e-con-full e-flex e-con e-child\" data-id=\"2643dba9\" data-element_type=\"container\" data-e-type=\"container\">\n\t\t\t\t<div class=\"elementor-element elementor-element-16efc28b elementor-widget elementor-widget-heading\" data-id=\"16efc28b\" data-element_type=\"widget\" data-e-type=\"widget\" data-widget_type=\"heading.default\">\n\t\t\t\t\t<h2 class=\"elementor-heading-title elementor-size-default\">Ana Tarandek<\/h2>\t\t\t\t<\/div>\n\t\t\t\t<div class=\"elementor-element elementor-element-7d1fe558 elementor-shape-circle e-grid-align-left elementor-grid-0 elementor-widget elementor-widget-social-icons\" data-id=\"7d1fe558\" data-element_type=\"widget\" data-e-type=\"widget\" data-widget_type=\"social-icons.default\">\n\t\t\t\t\t\t\t<div class=\"elementor-social-icons-wrapper elementor-grid\">\n\t\t\t\t\t\t\t<span class=\"elementor-grid-item\">\n\t\t\t\t\t<a class=\"elementor-icon elementor-social-icon elementor-social-icon-instagram elementor-repeater-item-7344026\" href=\"https:\/\/www.instagram.com\/zenspot.hr\/\" target=\"_blank\">\n\t\t\t\t\t\t<span class=\"elementor-screen-only\">Instagram<\/span>\n\t\t\t\t\t\t<svg aria-hidden=\"true\" class=\"e-font-icon-svg e-fab-instagram\" viewbox=\"0 0 448 512\" xmlns=\"http:\/\/www.w3.org\/2000\/svg\"><path d=\"M224.1 141c-63.6 0-114.9 51.3-114.9 114.9s51.3 114.9 114.9 114.9S339 319.5 339 255.9 287.7 141 224.1 141zm0 189.6c-41.1 0-74.7-33.5-74.7-74.7s33.5-74.7 74.7-74.7 74.7 33.5 74.7 74.7-33.6 74.7-74.7 74.7zm146.4-194.3c0 14.9-12 26.8-26.8 26.8-14.9 0-26.8-12-26.8-26.8s12-26.8 26.8-26.8 26.8 12 26.8 26.8zm76.1 27.2c-1.7-35.9-9.9-67.7-36.2-93.9-26.2-26.2-58-34.4-93.9-36.2-37-2.1-147.9-2.1-184.9 0-35.8 1.7-67.6 9.9-93.9 36.1s-34.4 58-36.2 93.9c-2.1 37-2.1 147.9 0 184.9 1.7 35.9 9.9 67.7 36.2 93.9s58 34.4 93.9 36.2c37 2.1 147.9 2.1 184.9 0 35.9-1.7 67.7-9.9 93.9-36.2 26.2-26.2 34.4-58 36.2-93.9 2.1-37 2.1-147.8 0-184.8zM398.8 388c-7.8 19.6-22.9 34.7-42.6 42.6-29.5 11.7-99.5 9-132.1 9s-102.7 2.6-132.1-9c-19.6-7.8-34.7-22.9-42.6-42.6-11.7-29.5-9-99.5-9-132.1s-2.6-102.7 9-132.1c7.8-19.6 22.9-34.7 42.6-42.6 29.5-11.7 99.5-9 132.1-9s102.7-2.6 132.1 9c19.6 7.8 34.7 22.9 42.6 42.6 11.7 29.5 9 99.5 9 132.1s2.7 102.7-9 132.1z\"><\/path><\/svg>\t\t\t\t\t<\/a>\n\t\t\t\t<\/span>\n\t\t\t\t\t<\/div>\n\t\t\t\t\t\t<\/div>\n\t\t\t\t<div class=\"elementor-element elementor-element-717a126 elementor-widget elementor-widget-heading\" data-id=\"717a126\" data-element_type=\"widget\" data-e-type=\"widget\" data-widget_type=\"heading.default\">\n\t\t\t\t\t<h2 class=\"elementor-heading-title elementor-size-default\">Zagreb, Hrva\u0161ka<\/h2>\t\t\t\t<\/div>\n\t\t\t\t<div class=\"elementor-element elementor-element-49e96ede elementor-widget-divider--view-line elementor-widget elementor-widget-divider\" data-id=\"49e96ede\" data-element_type=\"widget\" data-e-type=\"widget\" data-widget_type=\"divider.default\">\n\t\t\t\t\t\t\t<div class=\"elementor-divider\">\n\t\t\t<span class=\"elementor-divider-separator\">\n\t\t\t\t\t\t<\/span>\n\t\t<\/div>\n\t\t\t\t\t\t<\/div>\n\t\t\t\t<div class=\"elementor-element elementor-element-68151b8f elementor-widget elementor-widget-text-editor\" data-id=\"68151b8f\" data-element_type=\"widget\" data-e-type=\"widget\" data-widget_type=\"text-editor.default\">\n\t\t\t\t\t\t\t\t\t<p>Svojo pot s trepalnicami sem za\u010dela leta 2018, ko sem zaklju\u010dila prvo izobra\u017eevanje in odkrila, koliko natan\u010dnosti, potrpe\u017eljivosti in ljubezni do detajlov lahko ustvari umetnost.<br \/>na trepalnicah.<br \/><br \/>Leta 2021 sem zaklju\u010dila drugo izobra\u017eevanje (osnovno in obsegno) pri dragi Fioreli Tomini\u0107 v Rovinju in takrat se je za\u010dela moja pot v salonih.<br \/><br \/>Leta 2022 se spet vra\u010dam k treningom, tokrat prek spleta z Aisho Jagievo, kjer bom obravnavala vse od osnovnih pri\u010desk do volumena, mega volumna, kreativnih u\u010dinkov in kodranja M\/L.<br \/><br \/>Leta 2023 se vpisujem na hitri te\u010daj usposabljanja o zadr\u017eevanju zaposlenih in pospe\u0161evanju dela, prav tako pri Aishi.<br \/><br \/>Skozi leta sem si z vlaganjem, prakso in nenehnim izbolj\u0161evanjem zgradil svoj slog dela, ki ga \u0161e danes gojim v svojem salonu.<br \/><br \/>V svojem salonu se vsak dan u\u010dim, rastem in si prizadevam, da bi vsaka stranka za\u010dutila, kako pomembna sta profesionalnost in individualni pristop.<br \/><br \/>Trepalnice so moj na\u010din izra\u017eanja ustvarjalnosti, a tudi sredstvo, s katerim pomagam \u017eenskam, da se po\u010dutijo samozavestne, urejene in lepe.<br \/><br \/>Verjamem, da uspeh pride z vztrajnostjo, ljubeznijo do dela in nenehnim vlaganjem vase.<br \/>Verjamem tudi, da je v meni talent, ki \u010daka, da se oblikuje in poka\u017ee.<\/p>\t\t\t\t\t\t\t\t<\/div>\n\t\t\t\t<\/div>\n\t\t\t\t\t<\/div>\n\t\t\t\t<\/div>\n\t\t<div class=\"elementor-element elementor-element-347d2864 e-flex e-con-boxed e-con e-parent\" data-id=\"347d2864\" data-element_type=\"container\" data-e-type=\"container\" data-settings=\"{&quot;background_background&quot;:&quot;classic&quot;}\">\n\t\t\t\t\t<div class=\"e-con-inner\">\n\t\t\t\t<div class=\"elementor-element elementor-element-31692e63 elementor-widget-divider--view-line elementor-widget elementor-widget-divider\" data-id=\"31692e63\" data-element_type=\"widget\" data-e-type=\"widget\" data-widget_type=\"divider.default\">\n\t\t\t\t\t\t\t<div class=\"elementor-divider\">\n\t\t\t<span class=\"elementor-divider-separator\">\n\t\t\t\t\t\t<\/span>\n\t\t<\/div>\n\t\t\t\t\t\t<\/div>\n\t\t\t\t<div class=\"elementor-element elementor-element-4013e946 elementor-widget elementor-widget-heading\" data-id=\"4013e946\" data-element_type=\"widget\" data-e-type=\"widget\" data-widget_type=\"heading.default\">\n\t\t\t\t\t<h2 class=\"elementor-heading-title elementor-size-default\">Portfolio<\/h2>\t\t\t\t<\/div>\n\t\t\t\t<div class=\"elementor-element elementor-element-53f65a17 elementor-widget elementor-widget-gallery\" data-id=\"53f65a17\" data-element_type=\"widget\" data-e-type=\"widget\" data-settings=\"{&quot;columns&quot;:3,&quot;columns_mobile&quot;:2,&quot;aspect_ratio&quot;:&quot;9:16&quot;,&quot;lazyload&quot;:&quot;yes&quot;,&quot;gallery_layout&quot;:&quot;grid&quot;,&quot;columns_tablet&quot;:2,&quot;gap&quot;:{&quot;unit&quot;:&quot;px&quot;,&quot;size&quot;:10,&quot;sizes&quot;:[]},&quot;gap_tablet&quot;:{&quot;unit&quot;:&quot;px&quot;,&quot;size&quot;:10,&quot;sizes&quot;:[]},&quot;gap_mobile&quot;:{&quot;unit&quot;:&quot;px&quot;,&quot;size&quot;:10,&quot;sizes&quot;:[]},&quot;link_to&quot;:&quot;file&quot;,&quot;overlay_background&quot;:&quot;yes&quot;,&quot;content_hover_animation&quot;:&quot;fade-in&quot;}\" data-widget_type=\"gallery.default\">\n\t\t\t\t\t\t\t<div class=\"elementor-gallery__container\">\n\t\t\t\t\t\t\t<a class=\"e-gallery-item elementor-gallery-item elementor-animated-content\" href=\"https:\/\/love-lashes.eu\/wp-content\/uploads\/2025\/11\/Ana-Tarandek-radovi-1-scaled.jpg\" data-elementor-open-lightbox=\"yes\" data-elementor-lightbox-slideshow=\"53f65a17\" data-elementor-lightbox-title=\"Ana Tarandek radovi 1\" data-e-action-hash=\"#elementor-action%3Aaction%3Dlightbox%26settings%3DeyJpZCI6Mjc0MiwidXJsIjoiaHR0cHM6XC9cL2xvdmUtbGFzaGVzLmV1XC93cC1jb250ZW50XC91cGxvYWRzXC8yMDI1XC8xMVwvQW5hLVRhcmFuZGVrLXJhZG92aS0xLXNjYWxlZC5qcGciLCJzbGlkZXNob3ciOiI1M2Y2NWExNyJ9\">\n\t\t\t\t\t<div class=\"e-gallery-image elementor-gallery-item__image\" data-thumbnail=\"https:\/\/love-lashes.eu\/wp-content\/uploads\/2025\/11\/Ana-Tarandek-radovi-1-225x300.jpg\" data-width=\"225\" data-height=\"300\" aria-label=\"\" role=\"img\" ><\/div>\n\t\t\t\t\t\t\t\t\t\t\t<div class=\"elementor-gallery-item__overlay\"><\/div>\n\t\t\t\t\t\t\t\t\t\t\t\t\t\t<\/a>\n\t\t\t\t\t\t\t<a class=\"e-gallery-item elementor-gallery-item elementor-animated-content\" href=\"https:\/\/love-lashes.eu\/wp-content\/uploads\/2025\/11\/Ana-Tarandek-radovi-2.jpg\" data-elementor-open-lightbox=\"yes\" data-elementor-lightbox-slideshow=\"53f65a17\" data-elementor-lightbox-title=\"Ana Tarandek radovi 2\" data-e-action-hash=\"#elementor-action%3Aaction%3Dlightbox%26settings%3DeyJpZCI6Mjc0MywidXJsIjoiaHR0cHM6XC9cL2xvdmUtbGFzaGVzLmV1XC93cC1jb250ZW50XC91cGxvYWRzXC8yMDI1XC8xMVwvQW5hLVRhcmFuZGVrLXJhZG92aS0yLmpwZyIsInNsaWRlc2hvdyI6IjUzZjY1YTE3In0%3D\">\n\t\t\t\t\t<div class=\"e-gallery-image elementor-gallery-item__image\" data-thumbnail=\"https:\/\/love-lashes.eu\/wp-content\/uploads\/2025\/11\/Ana-Tarandek-radovi-2-300x300.jpg\" data-width=\"300\" data-height=\"300\" aria-label=\"\" role=\"img\" ><\/div>\n\t\t\t\t\t\t\t\t\t\t\t<div class=\"elementor-gallery-item__overlay\"><\/div>\n\t\t\t\t\t\t\t\t\t\t\t\t\t\t<\/a>\n\t\t\t\t\t\t\t<a class=\"e-gallery-item elementor-gallery-item elementor-animated-content\" href=\"https:\/\/love-lashes.eu\/wp-content\/uploads\/2025\/11\/Ana-Tarandek-radovi-3-scaled.jpg\" data-elementor-open-lightbox=\"yes\" data-elementor-lightbox-slideshow=\"53f65a17\" data-elementor-lightbox-title=\"Ana Tarandek radovi 3\" data-e-action-hash=\"#elementor-action%3Aaction%3Dlightbox%26settings%3DeyJpZCI6Mjc0NCwidXJsIjoiaHR0cHM6XC9cL2xvdmUtbGFzaGVzLmV1XC93cC1jb250ZW50XC91cGxvYWRzXC8yMDI1XC8xMVwvQW5hLVRhcmFuZGVrLXJhZG92aS0zLXNjYWxlZC5qcGciLCJzbGlkZXNob3ciOiI1M2Y2NWExNyJ9\">\n\t\t\t\t\t<div class=\"e-gallery-image elementor-gallery-item__image\" data-thumbnail=\"https:\/\/love-lashes.eu\/wp-content\/uploads\/2025\/11\/Ana-Tarandek-radovi-3-300x225.jpg\" data-width=\"300\" data-height=\"225\" aria-label=\"\" role=\"img\" ><\/div>\n\t\t\t\t\t\t\t\t\t\t\t<div class=\"elementor-gallery-item__overlay\"><\/div>\n\t\t\t\t\t\t\t\t\t\t\t\t\t\t<\/a>\n\t\t\t\t\t\t\t<a class=\"e-gallery-item elementor-gallery-item elementor-animated-content\" href=\"https:\/\/love-lashes.eu\/wp-content\/uploads\/2025\/11\/Ana-Tarandek-radovi-4-scaled.jpg\" data-elementor-open-lightbox=\"yes\" data-elementor-lightbox-slideshow=\"53f65a17\" data-elementor-lightbox-title=\"Ana Tarandek radovi 4\" data-e-action-hash=\"#elementor-action%3Aaction%3Dlightbox%26settings%3DeyJpZCI6Mjc0NSwidXJsIjoiaHR0cHM6XC9cL2xvdmUtbGFzaGVzLmV1XC93cC1jb250ZW50XC91cGxvYWRzXC8yMDI1XC8xMVwvQW5hLVRhcmFuZGVrLXJhZG92aS00LXNjYWxlZC5qcGciLCJzbGlkZXNob3ciOiI1M2Y2NWExNyJ9\">\n\t\t\t\t\t<div class=\"e-gallery-image elementor-gallery-item__image\" data-thumbnail=\"https:\/\/love-lashes.eu\/wp-content\/uploads\/2025\/11\/Ana-Tarandek-radovi-4-225x300.jpg\" data-width=\"225\" data-height=\"300\" aria-label=\"\" role=\"img\" ><\/div>\n\t\t\t\t\t\t\t\t\t\t\t<div class=\"elementor-gallery-item__overlay\"><\/div>\n\t\t\t\t\t\t\t\t\t\t\t\t\t\t<\/a>\n\t\t\t\t\t\t\t<a class=\"e-gallery-item elementor-gallery-item elementor-animated-content\" href=\"https:\/\/love-lashes.eu\/wp-content\/uploads\/2025\/11\/Ana-Tarandek-radovi-5-scaled.jpg\" data-elementor-open-lightbox=\"yes\" data-elementor-lightbox-slideshow=\"53f65a17\" data-elementor-lightbox-title=\"Ana Tarandek radovi 5\" data-e-action-hash=\"#elementor-action%3Aaction%3Dlightbox%26settings%3DeyJpZCI6Mjc0NiwidXJsIjoiaHR0cHM6XC9cL2xvdmUtbGFzaGVzLmV1XC93cC1jb250ZW50XC91cGxvYWRzXC8yMDI1XC8xMVwvQW5hLVRhcmFuZGVrLXJhZG92aS01LXNjYWxlZC5qcGciLCJzbGlkZXNob3ciOiI1M2Y2NWExNyJ9\">\n\t\t\t\t\t<div class=\"e-gallery-image elementor-gallery-item__image\" data-thumbnail=\"https:\/\/love-lashes.eu\/wp-content\/uploads\/2025\/11\/Ana-Tarandek-radovi-5-225x300.jpg\" data-width=\"225\" data-height=\"300\" aria-label=\"\" role=\"img\" ><\/div>\n\t\t\t\t\t\t\t\t\t\t\t<div class=\"elementor-gallery-item__overlay\"><\/div>\n\t\t\t\t\t\t\t\t\t\t\t\t\t\t<\/a>\n\t\t\t\t\t<\/div>\n\t\t\t\t\t<\/div>\n\t\t\t\t<div class=\"elementor-element elementor-element-21b7dce4 elementor-widget-divider--view-line elementor-widget elementor-widget-divider\" data-id=\"21b7dce4\" data-element_type=\"widget\" data-e-type=\"widget\" data-widget_type=\"divider.default\">\n\t\t\t\t\t\t\t<div class=\"elementor-divider\">\n\t\t\t<span class=\"elementor-divider-separator\">\n\t\t\t\t\t\t<\/span>\n\t\t<\/div>\n\t\t\t\t\t\t<\/div>\n\t\t\t\t\t<\/div>\n\t\t\t\t<\/div>\n\t\t\t\t<\/div>","protected":false},"excerpt":{"rendered":"<p>Ana Tarandek Instagram Zagreb, Hrvatska Svoj lash put zapo\u010dela sam 2018. godine, kada sam zavr\u0161ila prvu edukaciju i otkrila koliko preciznost, strpljenje i ljubav prema detaljima mogu stvoriti umjetnostna trepavicama. 2021. zavr\u0161ila sam drugu edukaciju (basic i volumen) kod drage Fiorele Tomini\u0107 u Rovinju i tada po\u010dinje moj put u salonima. 2022. ponovno se vra\u0107am [&hellip;]<\/p>\n","protected":false},"author":1,"featured_media":0,"parent":2692,"menu_order":0,"comment_status":"closed","ping_status":"closed","template":"","meta":{"footnotes":""},"class_list":["post-2733","page","type-page","status-publish","hentry"],"yoast_head":"<!-- This site is optimized with the Yoast SEO plugin v27.4 - https:\/\/yoast.com\/product\/yoast-seo-wordpress\/ -->\n<title>Ana Tarandek - Love Lashes ambasador - Love Lashes - eyelashes extensions webshop<\/title>\n<meta name=\"robots\" content=\"index, follow, max-snippet:-1, max-image-preview:large, max-video-preview:-1\" \/>\n<link rel=\"canonical\" href=\"https:\/\/love-lashes.eu\/sl\/veleposlaniki\/ana-tarandek\/\" \/>\n<meta property=\"og:locale\" content=\"sl_SI\" \/>\n<meta property=\"og:type\" content=\"article\" \/>\n<meta property=\"og:title\" content=\"Ana Tarandek - Love Lashes ambasador - Love Lashes - eyelashes extensions webshop\" \/>\n<meta property=\"og:description\" content=\"Ana Tarandek Instagram Zagreb, Hrvatska Svoj lash put zapo\u010dela sam 2018. godine, kada sam zavr\u0161ila prvu edukaciju i otkrila koliko preciznost, strpljenje i ljubav prema detaljima mogu stvoriti umjetnostna trepavicama. 2021. zavr\u0161ila sam drugu edukaciju (basic i volumen) kod drage Fiorele Tomini\u0107 u Rovinju i tada po\u010dinje moj put u salonima. 2022. ponovno se vra\u0107am [&hellip;]\" \/>\n<meta property=\"og:url\" content=\"https:\/\/love-lashes.eu\/sl\/veleposlaniki\/ana-tarandek\/\" \/>\n<meta property=\"og:site_name\" content=\"Love Lashes - eyelashes extensions webshop\" \/>\n<meta property=\"article:publisher\" content=\"https:\/\/www.facebook.com\/lovelashesbyhanasimcic\" \/>\n<meta property=\"article:modified_time\" content=\"2025-11-13T21:31:26+00:00\" \/>\n<meta property=\"og:image\" content=\"https:\/\/love-lashes.eu\/wp-content\/uploads\/2025\/11\/Ana-Tarandek-Love-Lashes-ambasador-721x1024.jpeg\" \/>\n<meta name=\"twitter:card\" content=\"summary_large_image\" \/>\n<meta name=\"twitter:label1\" content=\"Est. reading time\" \/>\n\t<meta name=\"twitter:data1\" content=\"2 minuti\" \/>\n<script type=\"application\/ld+json\" class=\"yoast-schema-graph\">{\"@context\":\"https:\\\/\\\/schema.org\",\"@graph\":[{\"@type\":\"WebPage\",\"@id\":\"https:\\\/\\\/love-lashes.eu\\\/ambasadori\\\/ana-tarandek\\\/\",\"url\":\"https:\\\/\\\/love-lashes.eu\\\/ambasadori\\\/ana-tarandek\\\/\",\"name\":\"Ana Tarandek - Love Lashes ambasador - Love Lashes - eyelashes extensions webshop\",\"isPartOf\":{\"@id\":\"https:\\\/\\\/love-lashes.eu\\\/#website\"},\"primaryImageOfPage\":{\"@id\":\"https:\\\/\\\/love-lashes.eu\\\/ambasadori\\\/ana-tarandek\\\/#primaryimage\"},\"image\":{\"@id\":\"https:\\\/\\\/love-lashes.eu\\\/ambasadori\\\/ana-tarandek\\\/#primaryimage\"},\"thumbnailUrl\":\"https:\\\/\\\/love-lashes.eu\\\/wp-content\\\/uploads\\\/2025\\\/11\\\/Ana-Tarandek-Love-Lashes-ambasador-721x1024.jpeg\",\"datePublished\":\"2025-11-13T20:41:59+00:00\",\"dateModified\":\"2025-11-13T21:31:26+00:00\",\"breadcrumb\":{\"@id\":\"https:\\\/\\\/love-lashes.eu\\\/ambasadori\\\/ana-tarandek\\\/#breadcrumb\"},\"inLanguage\":\"sl-SI\",\"potentialAction\":[{\"@type\":\"ReadAction\",\"target\":[\"https:\\\/\\\/love-lashes.eu\\\/ambasadori\\\/ana-tarandek\\\/\"]}]},{\"@type\":\"ImageObject\",\"inLanguage\":\"sl-SI\",\"@id\":\"https:\\\/\\\/love-lashes.eu\\\/ambasadori\\\/ana-tarandek\\\/#primaryimage\",\"url\":\"https:\\\/\\\/love-lashes.eu\\\/wp-content\\\/uploads\\\/2025\\\/11\\\/Ana-Tarandek-Love-Lashes-ambasador-721x1024.jpeg\",\"contentUrl\":\"https:\\\/\\\/love-lashes.eu\\\/wp-content\\\/uploads\\\/2025\\\/11\\\/Ana-Tarandek-Love-Lashes-ambasador-721x1024.jpeg\"},{\"@type\":\"BreadcrumbList\",\"@id\":\"https:\\\/\\\/love-lashes.eu\\\/ambasadori\\\/ana-tarandek\\\/#breadcrumb\",\"itemListElement\":[{\"@type\":\"ListItem\",\"position\":1,\"name\":\"Po\u010detna stranica\",\"item\":\"https:\\\/\\\/love-lashes.eu\\\/\"},{\"@type\":\"ListItem\",\"position\":2,\"name\":\"Love Lashes Ambasadori\",\"item\":\"https:\\\/\\\/love-lashes.eu\\\/ambasadori\\\/\"},{\"@type\":\"ListItem\",\"position\":3,\"name\":\"Ana Tarandek &#8211; Love Lashes ambasador\"}]},{\"@type\":\"WebSite\",\"@id\":\"https:\\\/\\\/love-lashes.eu\\\/#website\",\"url\":\"https:\\\/\\\/love-lashes.eu\\\/\",\"name\":\"Love Lashes - eyelashes extensions webshop\",\"description\":\"Materijal za ekstenzije trepavica\",\"publisher\":{\"@id\":\"https:\\\/\\\/love-lashes.eu\\\/#organization\"},\"alternateName\":\"Love Lashes - materijal za ekstenzije trepavica\",\"potentialAction\":[{\"@type\":\"SearchAction\",\"target\":{\"@type\":\"EntryPoint\",\"urlTemplate\":\"https:\\\/\\\/love-lashes.eu\\\/?s={search_term_string}\"},\"query-input\":{\"@type\":\"PropertyValueSpecification\",\"valueRequired\":true,\"valueName\":\"search_term_string\"}}],\"inLanguage\":\"sl-SI\"},{\"@type\":\"Organization\",\"@id\":\"https:\\\/\\\/love-lashes.eu\\\/#organization\",\"name\":\"Love Lashes - eyelashes extensions webshop\",\"url\":\"https:\\\/\\\/love-lashes.eu\\\/\",\"logo\":{\"@type\":\"ImageObject\",\"inLanguage\":\"sl-SI\",\"@id\":\"https:\\\/\\\/love-lashes.eu\\\/#\\\/schema\\\/logo\\\/image\\\/\",\"url\":\"https:\\\/\\\/love-lashes.eu\\\/wp-content\\\/uploads\\\/2024\\\/01\\\/LoveLashes_logo_bez_web.png\",\"contentUrl\":\"https:\\\/\\\/love-lashes.eu\\\/wp-content\\\/uploads\\\/2024\\\/01\\\/LoveLashes_logo_bez_web.png\",\"width\":1000,\"height\":135,\"caption\":\"Love Lashes - eyelashes extensions webshop\"},\"image\":{\"@id\":\"https:\\\/\\\/love-lashes.eu\\\/#\\\/schema\\\/logo\\\/image\\\/\"},\"sameAs\":[\"https:\\\/\\\/www.facebook.com\\\/lovelashesbyhanasimcic\",\"https:\\\/\\\/www.instagram.com\\\/hana.love.lashes\\\/\"]}]}<\/script>\n<!-- \/ Yoast SEO plugin. -->","yoast_head_json":{"title":"Ana Tarandek - Love Lashes ambasadorka - Love Lashes - spletna trgovina za podalj\u0161evanje trepalnic","robots":{"index":"index","follow":"follow","max-snippet":"max-snippet:-1","max-image-preview":"max-image-preview:large","max-video-preview":"max-video-preview:-1"},"canonical":"https:\/\/love-lashes.eu\/sl\/veleposlaniki\/ana-tarandek\/","og_locale":"sl_SI","og_type":"article","og_title":"Ana Tarandek - Love Lashes ambasador - Love Lashes - eyelashes extensions webshop","og_description":"Ana Tarandek Instagram Zagreb, Hrvatska Svoj lash put zapo\u010dela sam 2018. godine, kada sam zavr\u0161ila prvu edukaciju i otkrila koliko preciznost, strpljenje i ljubav prema detaljima mogu stvoriti umjetnostna trepavicama. 2021. zavr\u0161ila sam drugu edukaciju (basic i volumen) kod drage Fiorele Tomini\u0107 u Rovinju i tada po\u010dinje moj put u salonima. 2022. ponovno se vra\u0107am [&hellip;]","og_url":"https:\/\/love-lashes.eu\/sl\/veleposlaniki\/ana-tarandek\/","og_site_name":"Love Lashes - eyelashes extensions webshop","article_publisher":"https:\/\/www.facebook.com\/lovelashesbyhanasimcic","article_modified_time":"2025-11-13T21:31:26+00:00","og_image":[{"url":"https:\/\/love-lashes.eu\/wp-content\/uploads\/2025\/11\/Ana-Tarandek-Love-Lashes-ambasador-721x1024.jpeg","type":"","width":"","height":""}],"twitter_card":"summary_large_image","twitter_misc":{"Est. reading time":"2 minuti"},"schema":{"@context":"https:\/\/schema.org","@graph":[{"@type":"WebPage","@id":"https:\/\/love-lashes.eu\/ambasadori\/ana-tarandek\/","url":"https:\/\/love-lashes.eu\/ambasadori\/ana-tarandek\/","name":"Ana Tarandek - Love Lashes ambasadorka - Love Lashes - spletna trgovina za podalj\u0161evanje trepalnic","isPartOf":{"@id":"https:\/\/love-lashes.eu\/#website"},"primaryImageOfPage":{"@id":"https:\/\/love-lashes.eu\/ambasadori\/ana-tarandek\/#primaryimage"},"image":{"@id":"https:\/\/love-lashes.eu\/ambasadori\/ana-tarandek\/#primaryimage"},"thumbnailUrl":"https:\/\/love-lashes.eu\/wp-content\/uploads\/2025\/11\/Ana-Tarandek-Love-Lashes-ambasador-721x1024.jpeg","datePublished":"2025-11-13T20:41:59+00:00","dateModified":"2025-11-13T21:31:26+00:00","breadcrumb":{"@id":"https:\/\/love-lashes.eu\/ambasadori\/ana-tarandek\/#breadcrumb"},"inLanguage":"sl-SI","potentialAction":[{"@type":"ReadAction","target":["https:\/\/love-lashes.eu\/ambasadori\/ana-tarandek\/"]}]},{"@type":"ImageObject","inLanguage":"sl-SI","@id":"https:\/\/love-lashes.eu\/ambasadori\/ana-tarandek\/#primaryimage","url":"https:\/\/love-lashes.eu\/wp-content\/uploads\/2025\/11\/Ana-Tarandek-Love-Lashes-ambasador-721x1024.jpeg","contentUrl":"https:\/\/love-lashes.eu\/wp-content\/uploads\/2025\/11\/Ana-Tarandek-Love-Lashes-ambasador-721x1024.jpeg"},{"@type":"BreadcrumbList","@id":"https:\/\/love-lashes.eu\/ambasadori\/ana-tarandek\/#breadcrumb","itemListElement":[{"@type":"ListItem","position":1,"name":"Po\u010detna stranica","item":"https:\/\/love-lashes.eu\/"},{"@type":"ListItem","position":2,"name":"Love Lashes Ambasadori","item":"https:\/\/love-lashes.eu\/ambasadori\/"},{"@type":"ListItem","position":3,"name":"Ana Tarandek &#8211; Love Lashes ambasador"}]},{"@type":"WebSite","@id":"https:\/\/love-lashes.eu\/#website","url":"https:\/\/love-lashes.eu\/","name":"Love Lashes - spletna trgovina za podalj\u0161ke trepalnic","description":"Material za podalj\u0161evanje trepalnic","publisher":{"@id":"https:\/\/love-lashes.eu\/#organization"},"alternateName":"Love Lashes - materijal za ekstenzije trepavica","potentialAction":[{"@type":"SearchAction","target":{"@type":"EntryPoint","urlTemplate":"https:\/\/love-lashes.eu\/?s={search_term_string}"},"query-input":{"@type":"PropertyValueSpecification","valueRequired":true,"valueName":"search_term_string"}}],"inLanguage":"sl-SI"},{"@type":"Organization","@id":"https:\/\/love-lashes.eu\/#organization","name":"Love Lashes - spletna trgovina za podalj\u0161ke trepalnic","url":"https:\/\/love-lashes.eu\/","logo":{"@type":"ImageObject","inLanguage":"sl-SI","@id":"https:\/\/love-lashes.eu\/#\/schema\/logo\/image\/","url":"https:\/\/love-lashes.eu\/wp-content\/uploads\/2024\/01\/LoveLashes_logo_bez_web.png","contentUrl":"https:\/\/love-lashes.eu\/wp-content\/uploads\/2024\/01\/LoveLashes_logo_bez_web.png","width":1000,"height":135,"caption":"Love Lashes - eyelashes extensions webshop"},"image":{"@id":"https:\/\/love-lashes.eu\/#\/schema\/logo\/image\/"},"sameAs":["https:\/\/www.facebook.com\/lovelashesbyhanasimcic","https:\/\/www.instagram.com\/hana.love.lashes\/"]}]}},"_links":{"self":[{"href":"https:\/\/love-lashes.eu\/sl\/wp-json\/wp\/v2\/pages\/2733","targetHints":{"allow":["GET"]}}],"collection":[{"href":"https:\/\/love-lashes.eu\/sl\/wp-json\/wp\/v2\/pages"}],"about":[{"href":"https:\/\/love-lashes.eu\/sl\/wp-json\/wp\/v2\/types\/page"}],"author":[{"embeddable":true,"href":"https:\/\/love-lashes.eu\/sl\/wp-json\/wp\/v2\/users\/1"}],"replies":[{"embeddable":true,"href":"https:\/\/love-lashes.eu\/sl\/wp-json\/wp\/v2\/comments?post=2733"}],"version-history":[{"count":0,"href":"https:\/\/love-lashes.eu\/sl\/wp-json\/wp\/v2\/pages\/2733\/revisions"}],"up":[{"embeddable":true,"href":"https:\/\/love-lashes.eu\/sl\/wp-json\/wp\/v2\/pages\/2692"}],"wp:attachment":[{"href":"https:\/\/love-lashes.eu\/sl\/wp-json\/wp\/v2\/media?parent=2733"}],"curies":[{"name":"delovni list","href":"https:\/\/api.w.org\/{rel}","templated":true}]}}