{"id":2796,"date":"2025-11-16T15:57:37","date_gmt":"2025-11-16T14:57:37","guid":{"rendered":"https:\/\/love-lashes.eu\/?page_id=2796"},"modified":"2025-11-16T16:11:18","modified_gmt":"2025-11-16T15:11:18","slug":"tina-turjak","status":"publish","type":"page","link":"https:\/\/love-lashes.eu\/sl\/ambasadori\/tina-turjak\/","title":{"rendered":"Tina Turjak \u2013 Love Lashes ambasadorka"},"content":{"rendered":"<div data-elementor-type=\"wp-page\" data-elementor-id=\"2796\" class=\"elementor elementor-2796\" data-elementor-post-type=\"page\">\n\t\t\t\t<div class=\"elementor-element elementor-element-4586c70b e-flex e-con-boxed e-con e-parent\" data-id=\"4586c70b\" data-element_type=\"container\" data-e-type=\"container\" data-settings=\"{&quot;background_background&quot;:&quot;classic&quot;}\">\n\t\t\t\t\t<div class=\"e-con-inner\">\n\t\t<div class=\"elementor-element elementor-element-3d43b412 e-con-full e-flex e-con e-child\" data-id=\"3d43b412\" data-element_type=\"container\" data-e-type=\"container\">\n\t\t\t\t<div class=\"elementor-element elementor-element-4fcbc4ea elementor-widget elementor-widget-image\" data-id=\"4fcbc4ea\" data-element_type=\"widget\" data-e-type=\"widget\" data-widget_type=\"image.default\">\n\t\t\t\t\t\t\t\t\t\t\t\t\t\t\t<img fetchpriority=\"high\" decoding=\"async\" width=\"577\" height=\"1024\" src=\"https:\/\/love-lashes.eu\/wp-content\/uploads\/2025\/11\/Tina-Turjak-Love-Lashes-ambasador-577x1024.jpg\" class=\"attachment-large size-large wp-image-2799\" alt=\"Tina Turjak - Love Lashes Ambasadorka\" srcset=\"https:\/\/love-lashes.eu\/wp-content\/uploads\/2025\/11\/Tina-Turjak-Love-Lashes-ambasador-577x1024.jpg 577w, https:\/\/love-lashes.eu\/wp-content\/uploads\/2025\/11\/Tina-Turjak-Love-Lashes-ambasador-169x300.jpg 169w, https:\/\/love-lashes.eu\/wp-content\/uploads\/2025\/11\/Tina-Turjak-Love-Lashes-ambasador-768x1364.jpg 768w, https:\/\/love-lashes.eu\/wp-content\/uploads\/2025\/11\/Tina-Turjak-Love-Lashes-ambasador-865x1536.jpg 865w, https:\/\/love-lashes.eu\/wp-content\/uploads\/2025\/11\/Tina-Turjak-Love-Lashes-ambasador-1153x2048.jpg 1153w, https:\/\/love-lashes.eu\/wp-content\/uploads\/2025\/11\/Tina-Turjak-Love-Lashes-ambasador-7x12.jpg 7w, https:\/\/love-lashes.eu\/wp-content\/uploads\/2025\/11\/Tina-Turjak-Love-Lashes-ambasador-600x1066.jpg 600w, https:\/\/love-lashes.eu\/wp-content\/uploads\/2025\/11\/Tina-Turjak-Love-Lashes-ambasador-scaled.jpg 1441w\" sizes=\"(max-width: 577px) 100vw, 577px\" \/>\t\t\t\t\t\t\t\t\t\t\t\t\t\t\t<\/div>\n\t\t\t\t<\/div>\n\t\t<div class=\"elementor-element elementor-element-7e84d3db e-con-full e-flex e-con e-child\" data-id=\"7e84d3db\" data-element_type=\"container\" data-e-type=\"container\">\n\t\t\t\t<div class=\"elementor-element elementor-element-734e4c7e elementor-widget elementor-widget-heading\" data-id=\"734e4c7e\" data-element_type=\"widget\" data-e-type=\"widget\" data-widget_type=\"heading.default\">\n\t\t\t\t\t<h2 class=\"elementor-heading-title elementor-size-default\">Tina Turjak<\/h2>\t\t\t\t<\/div>\n\t\t\t\t<div class=\"elementor-element elementor-element-2451f2b4 elementor-shape-circle e-grid-align-left elementor-grid-0 elementor-widget elementor-widget-social-icons\" data-id=\"2451f2b4\" data-element_type=\"widget\" data-e-type=\"widget\" data-widget_type=\"social-icons.default\">\n\t\t\t\t\t\t\t<div class=\"elementor-social-icons-wrapper elementor-grid\">\n\t\t\t\t\t\t\t<span class=\"elementor-grid-item\">\n\t\t\t\t\t<a class=\"elementor-icon elementor-social-icon elementor-social-icon-instagram elementor-repeater-item-7344026\" href=\"https:\/\/www.instagram.com\/bold.by.tina\/\" target=\"_blank\">\n\t\t\t\t\t\t<span class=\"elementor-screen-only\">Instagram<\/span>\n\t\t\t\t\t\t<svg aria-hidden=\"true\" class=\"e-font-icon-svg e-fab-instagram\" viewbox=\"0 0 448 512\" xmlns=\"http:\/\/www.w3.org\/2000\/svg\"><path d=\"M224.1 141c-63.6 0-114.9 51.3-114.9 114.9s51.3 114.9 114.9 114.9S339 319.5 339 255.9 287.7 141 224.1 141zm0 189.6c-41.1 0-74.7-33.5-74.7-74.7s33.5-74.7 74.7-74.7 74.7 33.5 74.7 74.7-33.6 74.7-74.7 74.7zm146.4-194.3c0 14.9-12 26.8-26.8 26.8-14.9 0-26.8-12-26.8-26.8s12-26.8 26.8-26.8 26.8 12 26.8 26.8zm76.1 27.2c-1.7-35.9-9.9-67.7-36.2-93.9-26.2-26.2-58-34.4-93.9-36.2-37-2.1-147.9-2.1-184.9 0-35.8 1.7-67.6 9.9-93.9 36.1s-34.4 58-36.2 93.9c-2.1 37-2.1 147.9 0 184.9 1.7 35.9 9.9 67.7 36.2 93.9s58 34.4 93.9 36.2c37 2.1 147.9 2.1 184.9 0 35.9-1.7 67.7-9.9 93.9-36.2 26.2-26.2 34.4-58 36.2-93.9 2.1-37 2.1-147.8 0-184.8zM398.8 388c-7.8 19.6-22.9 34.7-42.6 42.6-29.5 11.7-99.5 9-132.1 9s-102.7 2.6-132.1-9c-19.6-7.8-34.7-22.9-42.6-42.6-11.7-29.5-9-99.5-9-132.1s-2.6-102.7 9-132.1c7.8-19.6 22.9-34.7 42.6-42.6 29.5-11.7 99.5-9 132.1-9s102.7-2.6 132.1 9c19.6 7.8 34.7 22.9 42.6 42.6 11.7 29.5 9 99.5 9 132.1s2.7 102.7-9 132.1z\"><\/path><\/svg>\t\t\t\t\t<\/a>\n\t\t\t\t<\/span>\n\t\t\t\t\t<\/div>\n\t\t\t\t\t\t<\/div>\n\t\t\t\t<div class=\"elementor-element elementor-element-24e1efec elementor-widget elementor-widget-heading\" data-id=\"24e1efec\" data-element_type=\"widget\" data-e-type=\"widget\" data-widget_type=\"heading.default\">\n\t\t\t\t\t<h2 class=\"elementor-heading-title elementor-size-default\">Opatija, Hrva\u0161ka<\/h2>\t\t\t\t<\/div>\n\t\t\t\t<div class=\"elementor-element elementor-element-7184b545 elementor-widget-divider--view-line elementor-widget elementor-widget-divider\" data-id=\"7184b545\" data-element_type=\"widget\" data-e-type=\"widget\" data-widget_type=\"divider.default\">\n\t\t\t\t\t\t\t<div class=\"elementor-divider\">\n\t\t\t<span class=\"elementor-divider-separator\">\n\t\t\t\t\t\t<\/span>\n\t\t<\/div>\n\t\t\t\t\t\t<\/div>\n\t\t\t\t<div class=\"elementor-element elementor-element-4aa48c68 elementor-widget elementor-widget-text-editor\" data-id=\"4aa48c68\" data-element_type=\"widget\" data-e-type=\"widget\" data-widget_type=\"text-editor.default\">\n\t\t\t\t\t\t\t\t\t<p>Sem Tina \u2013 ustvarjalka, mama, \u017eena in \u017eenska, ki stoji za drznim lepotnim salonom v Opatiji. Sem certificirana viza\u017eistka in umetnica trepalnic, ambasadorka blagovne znamke in podjetnica \u2013 predvsem pa \u017eenska, ki rada vidi druge \u017eenske, da sijo.<br \/>V mojem salonu ne gre samo za trepalnice, obrvi ali li\u010denje. Gre za va\u0161 izraz, va\u0161o energijo, va\u0161o samozavest. Gre za to, da si drznete biti to\u010dno to, kar ste.<br \/>Po 10 letih izku\u0161enj v lepotni industriji sem spoznala, da sta ustvarjalnost in svet lepote nepogre\u0161ljiv del mojega \u017eivljenja, kar sem uspe\u0161no zdru\u017eila v svojem salonu v sredi\u0161\u010du Opatije.<br \/>Za\u010dela sem v svetu nege ko\u017ee, parfumov in li\u010dil, svoje znanje izpopolnjevala v znani nem\u0161ki drogeriji, opravila \u0161tevilna usposabljanja in sodelovala z nekaterimi najmo\u010dnej\u0161imi<br \/>blagovne znamke v panogi.<br \/>Ampak na\u0161la sem pravo stvar \u2013 tisto, kar sem vedno ljubila \u2013 v delu z rokami, v ustvarjalnosti, v neposrednem stiku z \u017eenskami, ki si \u017eelijo nekaj zase. In tako sem stopila v svojo drzno smer.<br \/>Moj moto je: Upaj si izstopati. Ali v\u010dasih preprosto: Upaj si zabavati se.<br \/>V vsakem primeru, ni problema - \u010dakam te.<\/p>\t\t\t\t\t\t\t\t<\/div>\n\t\t\t\t<\/div>\n\t\t\t\t\t<\/div>\n\t\t\t\t<\/div>\n\t\t<div class=\"elementor-element elementor-element-17bd64c7 e-flex e-con-boxed e-con e-parent\" data-id=\"17bd64c7\" data-element_type=\"container\" data-e-type=\"container\" data-settings=\"{&quot;background_background&quot;:&quot;classic&quot;}\">\n\t\t\t\t\t<div class=\"e-con-inner\">\n\t\t\t\t<div class=\"elementor-element elementor-element-42349369 elementor-widget-divider--view-line elementor-widget elementor-widget-divider\" data-id=\"42349369\" data-element_type=\"widget\" data-e-type=\"widget\" data-widget_type=\"divider.default\">\n\t\t\t\t\t\t\t<div class=\"elementor-divider\">\n\t\t\t<span class=\"elementor-divider-separator\">\n\t\t\t\t\t\t<\/span>\n\t\t<\/div>\n\t\t\t\t\t\t<\/div>\n\t\t\t\t<div class=\"elementor-element elementor-element-3b79efaa elementor-widget elementor-widget-heading\" data-id=\"3b79efaa\" data-element_type=\"widget\" data-e-type=\"widget\" data-widget_type=\"heading.default\">\n\t\t\t\t\t<h2 class=\"elementor-heading-title elementor-size-default\">Portfolio<\/h2>\t\t\t\t<\/div>\n\t\t\t\t<div class=\"elementor-element elementor-element-177af76f elementor-widget elementor-widget-gallery\" data-id=\"177af76f\" data-element_type=\"widget\" data-e-type=\"widget\" data-settings=\"{&quot;columns&quot;:3,&quot;columns_mobile&quot;:2,&quot;aspect_ratio&quot;:&quot;9:16&quot;,&quot;lazyload&quot;:&quot;yes&quot;,&quot;gallery_layout&quot;:&quot;grid&quot;,&quot;columns_tablet&quot;:2,&quot;gap&quot;:{&quot;unit&quot;:&quot;px&quot;,&quot;size&quot;:10,&quot;sizes&quot;:[]},&quot;gap_tablet&quot;:{&quot;unit&quot;:&quot;px&quot;,&quot;size&quot;:10,&quot;sizes&quot;:[]},&quot;gap_mobile&quot;:{&quot;unit&quot;:&quot;px&quot;,&quot;size&quot;:10,&quot;sizes&quot;:[]},&quot;link_to&quot;:&quot;file&quot;,&quot;overlay_background&quot;:&quot;yes&quot;,&quot;content_hover_animation&quot;:&quot;fade-in&quot;}\" data-widget_type=\"gallery.default\">\n\t\t\t\t\t\t\t<div class=\"elementor-gallery__container\">\n\t\t\t\t\t\t\t<a class=\"e-gallery-item elementor-gallery-item elementor-animated-content\" href=\"https:\/\/love-lashes.eu\/wp-content\/uploads\/2025\/11\/Tina-Turjak-radovi1-scaled.jpg\" data-elementor-open-lightbox=\"yes\" data-elementor-lightbox-slideshow=\"177af76f\" data-elementor-lightbox-title=\"Tina Turjak radovi1\" data-e-action-hash=\"#elementor-action%3Aaction%3Dlightbox%26settings%3DeyJpZCI6MjgwMCwidXJsIjoiaHR0cHM6XC9cL2xvdmUtbGFzaGVzLmV1XC93cC1jb250ZW50XC91cGxvYWRzXC8yMDI1XC8xMVwvVGluYS1UdXJqYWstcmFkb3ZpMS1zY2FsZWQuanBnIiwic2xpZGVzaG93IjoiMTc3YWY3NmYifQ%3D%3D\">\n\t\t\t\t\t<div class=\"e-gallery-image elementor-gallery-item__image\" data-thumbnail=\"https:\/\/love-lashes.eu\/wp-content\/uploads\/2025\/11\/Tina-Turjak-radovi1-169x300.jpg\" data-width=\"169\" data-height=\"300\" aria-label=\"\" role=\"img\" ><\/div>\n\t\t\t\t\t\t\t\t\t\t\t<div class=\"elementor-gallery-item__overlay\"><\/div>\n\t\t\t\t\t\t\t\t\t\t\t\t\t\t<\/a>\n\t\t\t\t\t\t\t<a class=\"e-gallery-item elementor-gallery-item elementor-animated-content\" href=\"https:\/\/love-lashes.eu\/wp-content\/uploads\/2025\/11\/Tina-Turjak-radovi2-scaled.jpg\" data-elementor-open-lightbox=\"yes\" data-elementor-lightbox-slideshow=\"177af76f\" data-elementor-lightbox-title=\"Tina Turjak radovi2\" data-e-action-hash=\"#elementor-action%3Aaction%3Dlightbox%26settings%3DeyJpZCI6MjgwMSwidXJsIjoiaHR0cHM6XC9cL2xvdmUtbGFzaGVzLmV1XC93cC1jb250ZW50XC91cGxvYWRzXC8yMDI1XC8xMVwvVGluYS1UdXJqYWstcmFkb3ZpMi1zY2FsZWQuanBnIiwic2xpZGVzaG93IjoiMTc3YWY3NmYifQ%3D%3D\">\n\t\t\t\t\t<div class=\"e-gallery-image elementor-gallery-item__image\" data-thumbnail=\"https:\/\/love-lashes.eu\/wp-content\/uploads\/2025\/11\/Tina-Turjak-radovi2-169x300.jpg\" data-width=\"169\" data-height=\"300\" aria-label=\"\" role=\"img\" ><\/div>\n\t\t\t\t\t\t\t\t\t\t\t<div class=\"elementor-gallery-item__overlay\"><\/div>\n\t\t\t\t\t\t\t\t\t\t\t\t\t\t<\/a>\n\t\t\t\t\t\t\t<a class=\"e-gallery-item elementor-gallery-item elementor-animated-content\" href=\"https:\/\/love-lashes.eu\/wp-content\/uploads\/2025\/11\/Tina-Turjak-radovi3-scaled.jpg\" data-elementor-open-lightbox=\"yes\" data-elementor-lightbox-slideshow=\"177af76f\" data-elementor-lightbox-title=\"Tina Turjak radovi3\" data-e-action-hash=\"#elementor-action%3Aaction%3Dlightbox%26settings%3DeyJpZCI6MjgwMiwidXJsIjoiaHR0cHM6XC9cL2xvdmUtbGFzaGVzLmV1XC93cC1jb250ZW50XC91cGxvYWRzXC8yMDI1XC8xMVwvVGluYS1UdXJqYWstcmFkb3ZpMy1zY2FsZWQuanBnIiwic2xpZGVzaG93IjoiMTc3YWY3NmYifQ%3D%3D\">\n\t\t\t\t\t<div class=\"e-gallery-image elementor-gallery-item__image\" data-thumbnail=\"https:\/\/love-lashes.eu\/wp-content\/uploads\/2025\/11\/Tina-Turjak-radovi3-169x300.jpg\" data-width=\"169\" data-height=\"300\" aria-label=\"\" role=\"img\" ><\/div>\n\t\t\t\t\t\t\t\t\t\t\t<div class=\"elementor-gallery-item__overlay\"><\/div>\n\t\t\t\t\t\t\t\t\t\t\t\t\t\t<\/a>\n\t\t\t\t\t\t\t<a class=\"e-gallery-item elementor-gallery-item elementor-animated-content\" href=\"https:\/\/love-lashes.eu\/wp-content\/uploads\/2025\/11\/Tina-Turjak-radovi4.png\" data-elementor-open-lightbox=\"yes\" data-elementor-lightbox-slideshow=\"177af76f\" data-elementor-lightbox-title=\"Tina Turjak radovi4\" data-e-action-hash=\"#elementor-action%3Aaction%3Dlightbox%26settings%3DeyJpZCI6MjgwMywidXJsIjoiaHR0cHM6XC9cL2xvdmUtbGFzaGVzLmV1XC93cC1jb250ZW50XC91cGxvYWRzXC8yMDI1XC8xMVwvVGluYS1UdXJqYWstcmFkb3ZpNC5wbmciLCJzbGlkZXNob3ciOiIxNzdhZjc2ZiJ9\">\n\t\t\t\t\t<div class=\"e-gallery-image elementor-gallery-item__image\" data-thumbnail=\"https:\/\/love-lashes.eu\/wp-content\/uploads\/2025\/11\/Tina-Turjak-radovi4-240x300.png\" data-width=\"240\" data-height=\"300\" aria-label=\"\" role=\"img\" ><\/div>\n\t\t\t\t\t\t\t\t\t\t\t<div class=\"elementor-gallery-item__overlay\"><\/div>\n\t\t\t\t\t\t\t\t\t\t\t\t\t\t<\/a>\n\t\t\t\t\t<\/div>\n\t\t\t\t\t<\/div>\n\t\t\t\t<div class=\"elementor-element elementor-element-7fd8dad3 elementor-widget-divider--view-line elementor-widget elementor-widget-divider\" data-id=\"7fd8dad3\" data-element_type=\"widget\" data-e-type=\"widget\" data-widget_type=\"divider.default\">\n\t\t\t\t\t\t\t<div class=\"elementor-divider\">\n\t\t\t<span class=\"elementor-divider-separator\">\n\t\t\t\t\t\t<\/span>\n\t\t<\/div>\n\t\t\t\t\t\t<\/div>\n\t\t\t\t\t<\/div>\n\t\t\t\t<\/div>\n\t\t\t\t<\/div>","protected":false},"excerpt":{"rendered":"<p>Tina Turjak Instagram Opatija, Hrvatska Ja sam Tina &#8211; Opatijka, kreativka, majka, supruga i \u017eena koja stoji iza beauty salona bold. u Opatiji. Certificirana sam lash &amp; makeup artistica, brend ambasadorica i poduzetnica &#8211; ali najvi\u0161e od svega, \u017eena koja voli kada druge \u017eene zablistaju.U mom salonu se ne radi samo o trepavicama, obrvama ili [&hellip;]<\/p>\n","protected":false},"author":1,"featured_media":0,"parent":2692,"menu_order":0,"comment_status":"closed","ping_status":"closed","template":"","meta":{"footnotes":""},"class_list":["post-2796","page","type-page","status-publish","hentry"],"yoast_head":"<!-- This site is optimized with the Yoast SEO plugin v27.4 - https:\/\/yoast.com\/product\/yoast-seo-wordpress\/ -->\n<title>Tina Turjak - Love Lashes ambasador - Love Lashes - eyelashes extensions webshop<\/title>\n<meta name=\"robots\" content=\"index, follow, max-snippet:-1, max-image-preview:large, max-video-preview:-1\" \/>\n<link rel=\"canonical\" href=\"https:\/\/love-lashes.eu\/sl\/veleposlaniki\/tina-turjak\/\" \/>\n<meta property=\"og:locale\" content=\"sl_SI\" \/>\n<meta property=\"og:type\" content=\"article\" \/>\n<meta property=\"og:title\" content=\"Tina Turjak - Love Lashes ambasador - Love Lashes - eyelashes extensions webshop\" \/>\n<meta property=\"og:description\" content=\"Tina Turjak Instagram Opatija, Hrvatska Ja sam Tina &#8211; Opatijka, kreativka, majka, supruga i \u017eena koja stoji iza beauty salona bold. u Opatiji. Certificirana sam lash &amp; makeup artistica, brend ambasadorica i poduzetnica &#8211; ali najvi\u0161e od svega, \u017eena koja voli kada druge \u017eene zablistaju.U mom salonu se ne radi samo o trepavicama, obrvama ili [&hellip;]\" \/>\n<meta property=\"og:url\" content=\"https:\/\/love-lashes.eu\/sl\/veleposlaniki\/tina-turjak\/\" \/>\n<meta property=\"og:site_name\" content=\"Love Lashes - eyelashes extensions webshop\" \/>\n<meta property=\"article:publisher\" content=\"https:\/\/www.facebook.com\/lovelashesbyhanasimcic\" \/>\n<meta property=\"article:modified_time\" content=\"2025-11-16T15:11:18+00:00\" \/>\n<meta property=\"og:image\" content=\"https:\/\/love-lashes.eu\/wp-content\/uploads\/2025\/11\/Tina-Turjak-Love-Lashes-ambasador-scaled.jpg\" \/>\n\t<meta property=\"og:image:width\" content=\"1441\" \/>\n\t<meta property=\"og:image:height\" content=\"2560\" \/>\n\t<meta property=\"og:image:type\" content=\"image\/jpeg\" \/>\n<meta name=\"twitter:card\" content=\"summary_large_image\" \/>\n<meta name=\"twitter:label1\" content=\"Est. reading time\" \/>\n\t<meta name=\"twitter:data1\" content=\"2 minuti\" \/>\n<script type=\"application\/ld+json\" class=\"yoast-schema-graph\">{\"@context\":\"https:\\\/\\\/schema.org\",\"@graph\":[{\"@type\":\"WebPage\",\"@id\":\"https:\\\/\\\/love-lashes.eu\\\/ambasadori\\\/tina-turjak\\\/\",\"url\":\"https:\\\/\\\/love-lashes.eu\\\/ambasadori\\\/tina-turjak\\\/\",\"name\":\"Tina Turjak - Love Lashes ambasador - Love Lashes - eyelashes extensions webshop\",\"isPartOf\":{\"@id\":\"https:\\\/\\\/love-lashes.eu\\\/#website\"},\"primaryImageOfPage\":{\"@id\":\"https:\\\/\\\/love-lashes.eu\\\/ambasadori\\\/tina-turjak\\\/#primaryimage\"},\"image\":{\"@id\":\"https:\\\/\\\/love-lashes.eu\\\/ambasadori\\\/tina-turjak\\\/#primaryimage\"},\"thumbnailUrl\":\"https:\\\/\\\/love-lashes.eu\\\/wp-content\\\/uploads\\\/2025\\\/11\\\/Tina-Turjak-Love-Lashes-ambasador-577x1024.jpg\",\"datePublished\":\"2025-11-16T14:57:37+00:00\",\"dateModified\":\"2025-11-16T15:11:18+00:00\",\"breadcrumb\":{\"@id\":\"https:\\\/\\\/love-lashes.eu\\\/ambasadori\\\/tina-turjak\\\/#breadcrumb\"},\"inLanguage\":\"sl-SI\",\"potentialAction\":[{\"@type\":\"ReadAction\",\"target\":[\"https:\\\/\\\/love-lashes.eu\\\/ambasadori\\\/tina-turjak\\\/\"]}]},{\"@type\":\"ImageObject\",\"inLanguage\":\"sl-SI\",\"@id\":\"https:\\\/\\\/love-lashes.eu\\\/ambasadori\\\/tina-turjak\\\/#primaryimage\",\"url\":\"https:\\\/\\\/love-lashes.eu\\\/wp-content\\\/uploads\\\/2025\\\/11\\\/Tina-Turjak-Love-Lashes-ambasador-577x1024.jpg\",\"contentUrl\":\"https:\\\/\\\/love-lashes.eu\\\/wp-content\\\/uploads\\\/2025\\\/11\\\/Tina-Turjak-Love-Lashes-ambasador-577x1024.jpg\"},{\"@type\":\"BreadcrumbList\",\"@id\":\"https:\\\/\\\/love-lashes.eu\\\/ambasadori\\\/tina-turjak\\\/#breadcrumb\",\"itemListElement\":[{\"@type\":\"ListItem\",\"position\":1,\"name\":\"Po\u010detna stranica\",\"item\":\"https:\\\/\\\/love-lashes.eu\\\/\"},{\"@type\":\"ListItem\",\"position\":2,\"name\":\"Love Lashes Ambasadori\",\"item\":\"https:\\\/\\\/love-lashes.eu\\\/ambasadori\\\/\"},{\"@type\":\"ListItem\",\"position\":3,\"name\":\"Tina Turjak &#8211; Love Lashes ambasador\"}]},{\"@type\":\"WebSite\",\"@id\":\"https:\\\/\\\/love-lashes.eu\\\/#website\",\"url\":\"https:\\\/\\\/love-lashes.eu\\\/\",\"name\":\"Love Lashes - eyelashes extensions webshop\",\"description\":\"Materijal za ekstenzije trepavica\",\"publisher\":{\"@id\":\"https:\\\/\\\/love-lashes.eu\\\/#organization\"},\"alternateName\":\"Love Lashes - materijal za ekstenzije trepavica\",\"potentialAction\":[{\"@type\":\"SearchAction\",\"target\":{\"@type\":\"EntryPoint\",\"urlTemplate\":\"https:\\\/\\\/love-lashes.eu\\\/?s={search_term_string}\"},\"query-input\":{\"@type\":\"PropertyValueSpecification\",\"valueRequired\":true,\"valueName\":\"search_term_string\"}}],\"inLanguage\":\"sl-SI\"},{\"@type\":\"Organization\",\"@id\":\"https:\\\/\\\/love-lashes.eu\\\/#organization\",\"name\":\"Love Lashes - eyelashes extensions webshop\",\"url\":\"https:\\\/\\\/love-lashes.eu\\\/\",\"logo\":{\"@type\":\"ImageObject\",\"inLanguage\":\"sl-SI\",\"@id\":\"https:\\\/\\\/love-lashes.eu\\\/#\\\/schema\\\/logo\\\/image\\\/\",\"url\":\"https:\\\/\\\/love-lashes.eu\\\/wp-content\\\/uploads\\\/2024\\\/01\\\/LoveLashes_logo_bez_web.png\",\"contentUrl\":\"https:\\\/\\\/love-lashes.eu\\\/wp-content\\\/uploads\\\/2024\\\/01\\\/LoveLashes_logo_bez_web.png\",\"width\":1000,\"height\":135,\"caption\":\"Love Lashes - eyelashes extensions webshop\"},\"image\":{\"@id\":\"https:\\\/\\\/love-lashes.eu\\\/#\\\/schema\\\/logo\\\/image\\\/\"},\"sameAs\":[\"https:\\\/\\\/www.facebook.com\\\/lovelashesbyhanasimcic\",\"https:\\\/\\\/www.instagram.com\\\/hana.love.lashes\\\/\"]}]}<\/script>\n<!-- \/ Yoast SEO plugin. -->","yoast_head_json":{"title":"Tina Turjak - ambasadorka Love Lashes - Love Lashes - spletna trgovina s podalj\u0161evanjem trepalnic","robots":{"index":"index","follow":"follow","max-snippet":"max-snippet:-1","max-image-preview":"max-image-preview:large","max-video-preview":"max-video-preview:-1"},"canonical":"https:\/\/love-lashes.eu\/sl\/veleposlaniki\/tina-turjak\/","og_locale":"sl_SI","og_type":"article","og_title":"Tina Turjak - Love Lashes ambasador - Love Lashes - eyelashes extensions webshop","og_description":"Tina Turjak Instagram Opatija, Hrvatska Ja sam Tina &#8211; Opatijka, kreativka, majka, supruga i \u017eena koja stoji iza beauty salona bold. u Opatiji. Certificirana sam lash &amp; makeup artistica, brend ambasadorica i poduzetnica &#8211; ali najvi\u0161e od svega, \u017eena koja voli kada druge \u017eene zablistaju.U mom salonu se ne radi samo o trepavicama, obrvama ili [&hellip;]","og_url":"https:\/\/love-lashes.eu\/sl\/veleposlaniki\/tina-turjak\/","og_site_name":"Love Lashes - eyelashes extensions webshop","article_publisher":"https:\/\/www.facebook.com\/lovelashesbyhanasimcic","article_modified_time":"2025-11-16T15:11:18+00:00","og_image":[{"width":1441,"height":2560,"url":"https:\/\/love-lashes.eu\/wp-content\/uploads\/2025\/11\/Tina-Turjak-Love-Lashes-ambasador-scaled.jpg","type":"image\/jpeg"}],"twitter_card":"summary_large_image","twitter_misc":{"Est. reading time":"2 minuti"},"schema":{"@context":"https:\/\/schema.org","@graph":[{"@type":"WebPage","@id":"https:\/\/love-lashes.eu\/ambasadori\/tina-turjak\/","url":"https:\/\/love-lashes.eu\/ambasadori\/tina-turjak\/","name":"Tina Turjak - ambasadorka Love Lashes - Love Lashes - spletna trgovina s podalj\u0161evanjem trepalnic","isPartOf":{"@id":"https:\/\/love-lashes.eu\/#website"},"primaryImageOfPage":{"@id":"https:\/\/love-lashes.eu\/ambasadori\/tina-turjak\/#primaryimage"},"image":{"@id":"https:\/\/love-lashes.eu\/ambasadori\/tina-turjak\/#primaryimage"},"thumbnailUrl":"https:\/\/love-lashes.eu\/wp-content\/uploads\/2025\/11\/Tina-Turjak-Love-Lashes-ambasador-577x1024.jpg","datePublished":"2025-11-16T14:57:37+00:00","dateModified":"2025-11-16T15:11:18+00:00","breadcrumb":{"@id":"https:\/\/love-lashes.eu\/ambasadori\/tina-turjak\/#breadcrumb"},"inLanguage":"sl-SI","potentialAction":[{"@type":"ReadAction","target":["https:\/\/love-lashes.eu\/ambasadori\/tina-turjak\/"]}]},{"@type":"ImageObject","inLanguage":"sl-SI","@id":"https:\/\/love-lashes.eu\/ambasadori\/tina-turjak\/#primaryimage","url":"https:\/\/love-lashes.eu\/wp-content\/uploads\/2025\/11\/Tina-Turjak-Love-Lashes-ambasador-577x1024.jpg","contentUrl":"https:\/\/love-lashes.eu\/wp-content\/uploads\/2025\/11\/Tina-Turjak-Love-Lashes-ambasador-577x1024.jpg"},{"@type":"BreadcrumbList","@id":"https:\/\/love-lashes.eu\/ambasadori\/tina-turjak\/#breadcrumb","itemListElement":[{"@type":"ListItem","position":1,"name":"Po\u010detna stranica","item":"https:\/\/love-lashes.eu\/"},{"@type":"ListItem","position":2,"name":"Love Lashes Ambasadori","item":"https:\/\/love-lashes.eu\/ambasadori\/"},{"@type":"ListItem","position":3,"name":"Tina Turjak &#8211; Love Lashes ambasador"}]},{"@type":"WebSite","@id":"https:\/\/love-lashes.eu\/#website","url":"https:\/\/love-lashes.eu\/","name":"Love Lashes - spletna trgovina za podalj\u0161ke trepalnic","description":"Material za podalj\u0161evanje trepalnic","publisher":{"@id":"https:\/\/love-lashes.eu\/#organization"},"alternateName":"Love Lashes - materijal za ekstenzije trepavica","potentialAction":[{"@type":"SearchAction","target":{"@type":"EntryPoint","urlTemplate":"https:\/\/love-lashes.eu\/?s={search_term_string}"},"query-input":{"@type":"PropertyValueSpecification","valueRequired":true,"valueName":"search_term_string"}}],"inLanguage":"sl-SI"},{"@type":"Organization","@id":"https:\/\/love-lashes.eu\/#organization","name":"Love Lashes - spletna trgovina za podalj\u0161ke trepalnic","url":"https:\/\/love-lashes.eu\/","logo":{"@type":"ImageObject","inLanguage":"sl-SI","@id":"https:\/\/love-lashes.eu\/#\/schema\/logo\/image\/","url":"https:\/\/love-lashes.eu\/wp-content\/uploads\/2024\/01\/LoveLashes_logo_bez_web.png","contentUrl":"https:\/\/love-lashes.eu\/wp-content\/uploads\/2024\/01\/LoveLashes_logo_bez_web.png","width":1000,"height":135,"caption":"Love Lashes - eyelashes extensions webshop"},"image":{"@id":"https:\/\/love-lashes.eu\/#\/schema\/logo\/image\/"},"sameAs":["https:\/\/www.facebook.com\/lovelashesbyhanasimcic","https:\/\/www.instagram.com\/hana.love.lashes\/"]}]}},"_links":{"self":[{"href":"https:\/\/love-lashes.eu\/sl\/wp-json\/wp\/v2\/pages\/2796","targetHints":{"allow":["GET"]}}],"collection":[{"href":"https:\/\/love-lashes.eu\/sl\/wp-json\/wp\/v2\/pages"}],"about":[{"href":"https:\/\/love-lashes.eu\/sl\/wp-json\/wp\/v2\/types\/page"}],"author":[{"embeddable":true,"href":"https:\/\/love-lashes.eu\/sl\/wp-json\/wp\/v2\/users\/1"}],"replies":[{"embeddable":true,"href":"https:\/\/love-lashes.eu\/sl\/wp-json\/wp\/v2\/comments?post=2796"}],"version-history":[{"count":0,"href":"https:\/\/love-lashes.eu\/sl\/wp-json\/wp\/v2\/pages\/2796\/revisions"}],"up":[{"embeddable":true,"href":"https:\/\/love-lashes.eu\/sl\/wp-json\/wp\/v2\/pages\/2692"}],"wp:attachment":[{"href":"https:\/\/love-lashes.eu\/sl\/wp-json\/wp\/v2\/media?parent=2796"}],"curies":[{"name":"delovni list","href":"https:\/\/api.w.org\/{rel}","templated":true}]}}