{"id":2880,"date":"2025-11-18T11:07:06","date_gmt":"2025-11-18T10:07:06","guid":{"rendered":"https:\/\/love-lashes.eu\/?page_id=2880"},"modified":"2025-11-18T11:19:10","modified_gmt":"2025-11-18T10:19:10","slug":"andrea-stipic","status":"publish","type":"page","link":"https:\/\/love-lashes.eu\/sl\/ambasadori\/andrea-stipic\/","title":{"rendered":"Andrea Stipi\u0107 \u2013 Love Lashes ambasadorka"},"content":{"rendered":"<div data-elementor-type=\"wp-page\" data-elementor-id=\"2880\" class=\"elementor elementor-2880\" data-elementor-post-type=\"page\">\n\t\t\t\t<div class=\"elementor-element elementor-element-7619b25a e-flex e-con-boxed e-con e-parent\" data-id=\"7619b25a\" data-element_type=\"container\" data-e-type=\"container\" data-settings=\"{&quot;background_background&quot;:&quot;classic&quot;}\">\n\t\t\t\t\t<div class=\"e-con-inner\">\n\t\t<div class=\"elementor-element elementor-element-7ebdbee2 e-con-full e-flex e-con e-child\" data-id=\"7ebdbee2\" data-element_type=\"container\" data-e-type=\"container\">\n\t\t\t\t<div class=\"elementor-element elementor-element-6e2b6198 elementor-widget elementor-widget-image\" data-id=\"6e2b6198\" data-element_type=\"widget\" data-e-type=\"widget\" data-widget_type=\"image.default\">\n\t\t\t\t\t\t\t\t\t\t\t\t\t\t\t<img fetchpriority=\"high\" decoding=\"async\" width=\"768\" height=\"1024\" src=\"https:\/\/love-lashes.eu\/wp-content\/uploads\/2025\/11\/Andrea-Stipic-Love-Lashes-ambasador-768x1024.jpeg\" class=\"attachment-large size-large wp-image-2883\" alt=\"Andrea Stipi\u0107 - Love Lashes ambasadorka\" srcset=\"https:\/\/love-lashes.eu\/wp-content\/uploads\/2025\/11\/Andrea-Stipic-Love-Lashes-ambasador-768x1024.jpeg 768w, https:\/\/love-lashes.eu\/wp-content\/uploads\/2025\/11\/Andrea-Stipic-Love-Lashes-ambasador-225x300.jpeg 225w, https:\/\/love-lashes.eu\/wp-content\/uploads\/2025\/11\/Andrea-Stipic-Love-Lashes-ambasador-1152x1536.jpeg 1152w, https:\/\/love-lashes.eu\/wp-content\/uploads\/2025\/11\/Andrea-Stipic-Love-Lashes-ambasador-1536x2048.jpeg 1536w, https:\/\/love-lashes.eu\/wp-content\/uploads\/2025\/11\/Andrea-Stipic-Love-Lashes-ambasador-9x12.jpeg 9w, https:\/\/love-lashes.eu\/wp-content\/uploads\/2025\/11\/Andrea-Stipic-Love-Lashes-ambasador-600x800.jpeg 600w, https:\/\/love-lashes.eu\/wp-content\/uploads\/2025\/11\/Andrea-Stipic-Love-Lashes-ambasador-scaled.jpeg 1920w\" sizes=\"(max-width: 768px) 100vw, 768px\" \/>\t\t\t\t\t\t\t\t\t\t\t\t\t\t\t<\/div>\n\t\t\t\t<\/div>\n\t\t<div class=\"elementor-element elementor-element-bf36e1 e-con-full e-flex e-con e-child\" data-id=\"bf36e1\" data-element_type=\"container\" data-e-type=\"container\">\n\t\t\t\t<div class=\"elementor-element elementor-element-1bed3541 elementor-widget elementor-widget-heading\" data-id=\"1bed3541\" data-element_type=\"widget\" data-e-type=\"widget\" data-widget_type=\"heading.default\">\n\t\t\t\t\t<h2 class=\"elementor-heading-title elementor-size-default\">Andrea Stipi\u0107<\/h2>\t\t\t\t<\/div>\n\t\t\t\t<div class=\"elementor-element elementor-element-2c25ecf9 elementor-shape-circle e-grid-align-left elementor-grid-0 elementor-widget elementor-widget-social-icons\" data-id=\"2c25ecf9\" data-element_type=\"widget\" data-e-type=\"widget\" data-widget_type=\"social-icons.default\">\n\t\t\t\t\t\t\t<div class=\"elementor-social-icons-wrapper elementor-grid\">\n\t\t\t\t\t\t\t<span class=\"elementor-grid-item\">\n\t\t\t\t\t<a class=\"elementor-icon elementor-social-icon elementor-social-icon-instagram elementor-repeater-item-7344026\" href=\"https:\/\/www.instagram.com\/beautique_2025\/\" target=\"_blank\">\n\t\t\t\t\t\t<span class=\"elementor-screen-only\">Instagram<\/span>\n\t\t\t\t\t\t<svg aria-hidden=\"true\" class=\"e-font-icon-svg e-fab-instagram\" viewbox=\"0 0 448 512\" xmlns=\"http:\/\/www.w3.org\/2000\/svg\"><path d=\"M224.1 141c-63.6 0-114.9 51.3-114.9 114.9s51.3 114.9 114.9 114.9S339 319.5 339 255.9 287.7 141 224.1 141zm0 189.6c-41.1 0-74.7-33.5-74.7-74.7s33.5-74.7 74.7-74.7 74.7 33.5 74.7 74.7-33.6 74.7-74.7 74.7zm146.4-194.3c0 14.9-12 26.8-26.8 26.8-14.9 0-26.8-12-26.8-26.8s12-26.8 26.8-26.8 26.8 12 26.8 26.8zm76.1 27.2c-1.7-35.9-9.9-67.7-36.2-93.9-26.2-26.2-58-34.4-93.9-36.2-37-2.1-147.9-2.1-184.9 0-35.8 1.7-67.6 9.9-93.9 36.1s-34.4 58-36.2 93.9c-2.1 37-2.1 147.9 0 184.9 1.7 35.9 9.9 67.7 36.2 93.9s58 34.4 93.9 36.2c37 2.1 147.9 2.1 184.9 0 35.9-1.7 67.7-9.9 93.9-36.2 26.2-26.2 34.4-58 36.2-93.9 2.1-37 2.1-147.8 0-184.8zM398.8 388c-7.8 19.6-22.9 34.7-42.6 42.6-29.5 11.7-99.5 9-132.1 9s-102.7 2.6-132.1-9c-19.6-7.8-34.7-22.9-42.6-42.6-11.7-29.5-9-99.5-9-132.1s-2.6-102.7 9-132.1c7.8-19.6 22.9-34.7 42.6-42.6 29.5-11.7 99.5-9 132.1-9s102.7-2.6 132.1 9c19.6 7.8 34.7 22.9 42.6 42.6 11.7 29.5 9 99.5 9 132.1s2.7 102.7-9 132.1z\"><\/path><\/svg>\t\t\t\t\t<\/a>\n\t\t\t\t<\/span>\n\t\t\t\t\t<\/div>\n\t\t\t\t\t\t<\/div>\n\t\t\t\t<div class=\"elementor-element elementor-element-765d2c59 elementor-widget elementor-widget-heading\" data-id=\"765d2c59\" data-element_type=\"widget\" data-e-type=\"widget\" data-widget_type=\"heading.default\">\n\t\t\t\t\t<h2 class=\"elementor-heading-title elementor-size-default\">Tomislavgrad, Bosna in Hercegovina<\/h2>\t\t\t\t<\/div>\n\t\t\t\t<div class=\"elementor-element elementor-element-695b1c7a elementor-widget-divider--view-line elementor-widget elementor-widget-divider\" data-id=\"695b1c7a\" data-element_type=\"widget\" data-e-type=\"widget\" data-widget_type=\"divider.default\">\n\t\t\t\t\t\t\t<div class=\"elementor-divider\">\n\t\t\t<span class=\"elementor-divider-separator\">\n\t\t\t\t\t\t<\/span>\n\t\t<\/div>\n\t\t\t\t\t\t<\/div>\n\t\t\t\t<div class=\"elementor-element elementor-element-1799f32 elementor-widget elementor-widget-text-editor\" data-id=\"1799f32\" data-element_type=\"widget\" data-e-type=\"widget\" data-widget_type=\"text-editor.default\">\n\t\t\t\t\t\t\t\t\t<p>Svojo pot s trepalnicami sem za\u010dela leta 2022 kot majhen hobi med \u0161tudijem na univerzi. Hitro sem spoznala, da je to veliko ve\u010d kot le hobi \u2013 gre za ljubezen do detajlov in \u017eeljo polep\u0161ati vsako \u017eensko, ki je pri\u0161la k meni.<\/p><p>Danes delam v svojem salonu, kjer se vsak dan u\u010dim, napredujem in dajem vse od sebe. Pomembno mi je, da vsaka stranka \u010duti, koliko mi je mar za profesionalnost, higieno in osebni pristop.<\/p><p>Trepalnice so moj na\u010din ustvarjalnega izra\u017eanja, a tudi sredstvo, s katerim \u017eelim \u017eenskam dati ob\u010dutek samozavesti, ne\u017enosti in lepote.<\/p><p>Vodijo me ljubezen do dela, vztrajnost in \u017eelja po napredku \u2013 to je osnova vsega mojega dela.<\/p>\t\t\t\t\t\t\t\t<\/div>\n\t\t\t\t<\/div>\n\t\t\t\t\t<\/div>\n\t\t\t\t<\/div>\n\t\t<div class=\"elementor-element elementor-element-22eb86c9 e-flex e-con-boxed e-con e-parent\" data-id=\"22eb86c9\" data-element_type=\"container\" data-e-type=\"container\" data-settings=\"{&quot;background_background&quot;:&quot;classic&quot;}\">\n\t\t\t\t\t<div class=\"e-con-inner\">\n\t\t\t\t<div class=\"elementor-element elementor-element-74049ae8 elementor-widget-divider--view-line elementor-widget elementor-widget-divider\" data-id=\"74049ae8\" data-element_type=\"widget\" data-e-type=\"widget\" data-widget_type=\"divider.default\">\n\t\t\t\t\t\t\t<div class=\"elementor-divider\">\n\t\t\t<span class=\"elementor-divider-separator\">\n\t\t\t\t\t\t<\/span>\n\t\t<\/div>\n\t\t\t\t\t\t<\/div>\n\t\t\t\t<div class=\"elementor-element elementor-element-1c8855a8 elementor-widget elementor-widget-heading\" data-id=\"1c8855a8\" data-element_type=\"widget\" data-e-type=\"widget\" data-widget_type=\"heading.default\">\n\t\t\t\t\t<h2 class=\"elementor-heading-title elementor-size-default\">Portfolio<\/h2>\t\t\t\t<\/div>\n\t\t\t\t<div class=\"elementor-element elementor-element-71fef8a2 elementor-widget elementor-widget-gallery\" data-id=\"71fef8a2\" data-element_type=\"widget\" data-e-type=\"widget\" data-settings=\"{&quot;columns&quot;:3,&quot;columns_mobile&quot;:2,&quot;aspect_ratio&quot;:&quot;9:16&quot;,&quot;lazyload&quot;:&quot;yes&quot;,&quot;gallery_layout&quot;:&quot;grid&quot;,&quot;columns_tablet&quot;:2,&quot;gap&quot;:{&quot;unit&quot;:&quot;px&quot;,&quot;size&quot;:10,&quot;sizes&quot;:[]},&quot;gap_tablet&quot;:{&quot;unit&quot;:&quot;px&quot;,&quot;size&quot;:10,&quot;sizes&quot;:[]},&quot;gap_mobile&quot;:{&quot;unit&quot;:&quot;px&quot;,&quot;size&quot;:10,&quot;sizes&quot;:[]},&quot;link_to&quot;:&quot;file&quot;,&quot;overlay_background&quot;:&quot;yes&quot;,&quot;content_hover_animation&quot;:&quot;fade-in&quot;}\" data-widget_type=\"gallery.default\">\n\t\t\t\t\t\t\t<div class=\"elementor-gallery__container\">\n\t\t\t\t\t\t\t<a class=\"e-gallery-item elementor-gallery-item elementor-animated-content\" href=\"https:\/\/love-lashes.eu\/wp-content\/uploads\/2025\/11\/Andrea-Stipic-radovi-1-scaled.jpeg\" data-elementor-open-lightbox=\"yes\" data-elementor-lightbox-slideshow=\"71fef8a2\" data-elementor-lightbox-title=\"Andrea Stipic radovi 1\" data-e-action-hash=\"#elementor-action%3Aaction%3Dlightbox%26settings%3DeyJpZCI6Mjg4NCwidXJsIjoiaHR0cHM6XC9cL2xvdmUtbGFzaGVzLmV1XC93cC1jb250ZW50XC91cGxvYWRzXC8yMDI1XC8xMVwvQW5kcmVhLVN0aXBpYy1yYWRvdmktMS1zY2FsZWQuanBlZyIsInNsaWRlc2hvdyI6IjcxZmVmOGEyIn0%3D\">\n\t\t\t\t\t<div class=\"e-gallery-image elementor-gallery-item__image\" data-thumbnail=\"https:\/\/love-lashes.eu\/wp-content\/uploads\/2025\/11\/Andrea-Stipic-radovi-1-225x300.jpeg\" data-width=\"225\" data-height=\"300\" aria-label=\"\" role=\"img\" ><\/div>\n\t\t\t\t\t\t\t\t\t\t\t<div class=\"elementor-gallery-item__overlay\"><\/div>\n\t\t\t\t\t\t\t\t\t\t\t\t\t\t<\/a>\n\t\t\t\t\t\t\t<a class=\"e-gallery-item elementor-gallery-item elementor-animated-content\" href=\"https:\/\/love-lashes.eu\/wp-content\/uploads\/2025\/11\/Andrea-Stipic-radovi-2-scaled.jpeg\" data-elementor-open-lightbox=\"yes\" data-elementor-lightbox-slideshow=\"71fef8a2\" data-elementor-lightbox-title=\"Andrea Stipic radovi 2\" data-e-action-hash=\"#elementor-action%3Aaction%3Dlightbox%26settings%3DeyJpZCI6Mjg4NSwidXJsIjoiaHR0cHM6XC9cL2xvdmUtbGFzaGVzLmV1XC93cC1jb250ZW50XC91cGxvYWRzXC8yMDI1XC8xMVwvQW5kcmVhLVN0aXBpYy1yYWRvdmktMi1zY2FsZWQuanBlZyIsInNsaWRlc2hvdyI6IjcxZmVmOGEyIn0%3D\">\n\t\t\t\t\t<div class=\"e-gallery-image elementor-gallery-item__image\" data-thumbnail=\"https:\/\/love-lashes.eu\/wp-content\/uploads\/2025\/11\/Andrea-Stipic-radovi-2-169x300.jpeg\" data-width=\"169\" data-height=\"300\" aria-label=\"\" role=\"img\" ><\/div>\n\t\t\t\t\t\t\t\t\t\t\t<div class=\"elementor-gallery-item__overlay\"><\/div>\n\t\t\t\t\t\t\t\t\t\t\t\t\t\t<\/a>\n\t\t\t\t\t\t\t<a class=\"e-gallery-item elementor-gallery-item elementor-animated-content\" href=\"https:\/\/love-lashes.eu\/wp-content\/uploads\/2025\/11\/Andrea-Stipic-radovi-3.jpeg\" data-elementor-open-lightbox=\"yes\" data-elementor-lightbox-slideshow=\"71fef8a2\" data-elementor-lightbox-title=\"Andrea Stipic radovi 3\" data-e-action-hash=\"#elementor-action%3Aaction%3Dlightbox%26settings%3DeyJpZCI6Mjg4NiwidXJsIjoiaHR0cHM6XC9cL2xvdmUtbGFzaGVzLmV1XC93cC1jb250ZW50XC91cGxvYWRzXC8yMDI1XC8xMVwvQW5kcmVhLVN0aXBpYy1yYWRvdmktMy5qcGVnIiwic2xpZGVzaG93IjoiNzFmZWY4YTIifQ%3D%3D\">\n\t\t\t\t\t<div class=\"e-gallery-image elementor-gallery-item__image\" data-thumbnail=\"https:\/\/love-lashes.eu\/wp-content\/uploads\/2025\/11\/Andrea-Stipic-radovi-3-225x300.jpeg\" data-width=\"225\" data-height=\"300\" aria-label=\"\" role=\"img\" ><\/div>\n\t\t\t\t\t\t\t\t\t\t\t<div class=\"elementor-gallery-item__overlay\"><\/div>\n\t\t\t\t\t\t\t\t\t\t\t\t\t\t<\/a>\n\t\t\t\t\t\t\t<a class=\"e-gallery-item elementor-gallery-item elementor-animated-content\" href=\"https:\/\/love-lashes.eu\/wp-content\/uploads\/2025\/11\/Andrea-Stipic-radovi-4-scaled.jpeg\" data-elementor-open-lightbox=\"yes\" data-elementor-lightbox-slideshow=\"71fef8a2\" data-elementor-lightbox-title=\"Andrea Stipic radovi 4\" data-e-action-hash=\"#elementor-action%3Aaction%3Dlightbox%26settings%3DeyJpZCI6Mjg4NywidXJsIjoiaHR0cHM6XC9cL2xvdmUtbGFzaGVzLmV1XC93cC1jb250ZW50XC91cGxvYWRzXC8yMDI1XC8xMVwvQW5kcmVhLVN0aXBpYy1yYWRvdmktNC1zY2FsZWQuanBlZyIsInNsaWRlc2hvdyI6IjcxZmVmOGEyIn0%3D\">\n\t\t\t\t\t<div class=\"e-gallery-image elementor-gallery-item__image\" data-thumbnail=\"https:\/\/love-lashes.eu\/wp-content\/uploads\/2025\/11\/Andrea-Stipic-radovi-4-300x225.jpeg\" data-width=\"300\" data-height=\"225\" aria-label=\"\" role=\"img\" ><\/div>\n\t\t\t\t\t\t\t\t\t\t\t<div class=\"elementor-gallery-item__overlay\"><\/div>\n\t\t\t\t\t\t\t\t\t\t\t\t\t\t<\/a>\n\t\t\t\t\t<\/div>\n\t\t\t\t\t<\/div>\n\t\t\t\t<div class=\"elementor-element elementor-element-6b509233 elementor-widget-divider--view-line elementor-widget elementor-widget-divider\" data-id=\"6b509233\" data-element_type=\"widget\" data-e-type=\"widget\" data-widget_type=\"divider.default\">\n\t\t\t\t\t\t\t<div class=\"elementor-divider\">\n\t\t\t<span class=\"elementor-divider-separator\">\n\t\t\t\t\t\t<\/span>\n\t\t<\/div>\n\t\t\t\t\t\t<\/div>\n\t\t\t\t\t<\/div>\n\t\t\t\t<\/div>\n\t\t\t\t<\/div>","protected":false},"excerpt":{"rendered":"<p>Andrea Stipi\u0107 Instagram Tomislavgrad, BiH Svoj lash put zapo\u010dela sam 2022. godine, kao mali hobi uz fakultet. Vrlo brzo shvatila sam da je to puno vi\u0161e od hobija &#8211; to je ljubav prema detaljima i \u017eelja da uljep\u0161am svaku \u017eenu koja mi do\u0111e. Danas radim u svom salonu, gdje iz dana u dan u\u010dim, napredujem [&hellip;]<\/p>\n","protected":false},"author":1,"featured_media":0,"parent":2692,"menu_order":0,"comment_status":"closed","ping_status":"closed","template":"","meta":{"footnotes":""},"class_list":["post-2880","page","type-page","status-publish","hentry"],"yoast_head":"<!-- This site is optimized with the Yoast SEO plugin v27.4 - https:\/\/yoast.com\/product\/yoast-seo-wordpress\/ -->\n<title>Andrea Stipi\u0107 - Love Lashes ambasador - Love Lashes - eyelashes extensions webshop<\/title>\n<meta name=\"robots\" content=\"index, follow, max-snippet:-1, max-image-preview:large, max-video-preview:-1\" \/>\n<link rel=\"canonical\" href=\"https:\/\/love-lashes.eu\/sl\/veleposlaniki\/andrea-stipic\/\" \/>\n<meta property=\"og:locale\" content=\"sl_SI\" \/>\n<meta property=\"og:type\" content=\"article\" \/>\n<meta property=\"og:title\" content=\"Andrea Stipi\u0107 - Love Lashes ambasador - Love Lashes - eyelashes extensions webshop\" \/>\n<meta property=\"og:description\" content=\"Andrea Stipi\u0107 Instagram Tomislavgrad, BiH Svoj lash put zapo\u010dela sam 2022. godine, kao mali hobi uz fakultet. Vrlo brzo shvatila sam da je to puno vi\u0161e od hobija &#8211; to je ljubav prema detaljima i \u017eelja da uljep\u0161am svaku \u017eenu koja mi do\u0111e. Danas radim u svom salonu, gdje iz dana u dan u\u010dim, napredujem [&hellip;]\" \/>\n<meta property=\"og:url\" content=\"https:\/\/love-lashes.eu\/sl\/veleposlaniki\/andrea-stipic\/\" \/>\n<meta property=\"og:site_name\" content=\"Love Lashes - eyelashes extensions webshop\" \/>\n<meta property=\"article:publisher\" content=\"https:\/\/www.facebook.com\/lovelashesbyhanasimcic\" \/>\n<meta property=\"article:modified_time\" content=\"2025-11-18T10:19:10+00:00\" \/>\n<meta property=\"og:image\" content=\"https:\/\/love-lashes.eu\/wp-content\/uploads\/2025\/11\/Andrea-Stipic-Love-Lashes-ambasador-scaled.jpeg\" \/>\n\t<meta property=\"og:image:width\" content=\"1920\" \/>\n\t<meta property=\"og:image:height\" content=\"2560\" \/>\n\t<meta property=\"og:image:type\" content=\"image\/jpeg\" \/>\n<meta name=\"twitter:card\" content=\"summary_large_image\" \/>\n<meta name=\"twitter:label1\" content=\"Est. reading time\" \/>\n\t<meta name=\"twitter:data1\" content=\"1 minuta\" \/>\n<script type=\"application\/ld+json\" class=\"yoast-schema-graph\">{\"@context\":\"https:\\\/\\\/schema.org\",\"@graph\":[{\"@type\":\"WebPage\",\"@id\":\"https:\\\/\\\/love-lashes.eu\\\/ambasadori\\\/andrea-stipic\\\/\",\"url\":\"https:\\\/\\\/love-lashes.eu\\\/ambasadori\\\/andrea-stipic\\\/\",\"name\":\"Andrea Stipi\u0107 - Love Lashes ambasador - Love Lashes - eyelashes extensions webshop\",\"isPartOf\":{\"@id\":\"https:\\\/\\\/love-lashes.eu\\\/#website\"},\"primaryImageOfPage\":{\"@id\":\"https:\\\/\\\/love-lashes.eu\\\/ambasadori\\\/andrea-stipic\\\/#primaryimage\"},\"image\":{\"@id\":\"https:\\\/\\\/love-lashes.eu\\\/ambasadori\\\/andrea-stipic\\\/#primaryimage\"},\"thumbnailUrl\":\"https:\\\/\\\/love-lashes.eu\\\/wp-content\\\/uploads\\\/2025\\\/11\\\/Andrea-Stipic-Love-Lashes-ambasador-768x1024.jpeg\",\"datePublished\":\"2025-11-18T10:07:06+00:00\",\"dateModified\":\"2025-11-18T10:19:10+00:00\",\"breadcrumb\":{\"@id\":\"https:\\\/\\\/love-lashes.eu\\\/ambasadori\\\/andrea-stipic\\\/#breadcrumb\"},\"inLanguage\":\"sl-SI\",\"potentialAction\":[{\"@type\":\"ReadAction\",\"target\":[\"https:\\\/\\\/love-lashes.eu\\\/ambasadori\\\/andrea-stipic\\\/\"]}]},{\"@type\":\"ImageObject\",\"inLanguage\":\"sl-SI\",\"@id\":\"https:\\\/\\\/love-lashes.eu\\\/ambasadori\\\/andrea-stipic\\\/#primaryimage\",\"url\":\"https:\\\/\\\/love-lashes.eu\\\/wp-content\\\/uploads\\\/2025\\\/11\\\/Andrea-Stipic-Love-Lashes-ambasador-768x1024.jpeg\",\"contentUrl\":\"https:\\\/\\\/love-lashes.eu\\\/wp-content\\\/uploads\\\/2025\\\/11\\\/Andrea-Stipic-Love-Lashes-ambasador-768x1024.jpeg\"},{\"@type\":\"BreadcrumbList\",\"@id\":\"https:\\\/\\\/love-lashes.eu\\\/ambasadori\\\/andrea-stipic\\\/#breadcrumb\",\"itemListElement\":[{\"@type\":\"ListItem\",\"position\":1,\"name\":\"Po\u010detna stranica\",\"item\":\"https:\\\/\\\/love-lashes.eu\\\/\"},{\"@type\":\"ListItem\",\"position\":2,\"name\":\"Love Lashes Ambasadori\",\"item\":\"https:\\\/\\\/love-lashes.eu\\\/ambasadori\\\/\"},{\"@type\":\"ListItem\",\"position\":3,\"name\":\"Andrea Stipi\u0107 &#8211; Love Lashes ambasador\"}]},{\"@type\":\"WebSite\",\"@id\":\"https:\\\/\\\/love-lashes.eu\\\/#website\",\"url\":\"https:\\\/\\\/love-lashes.eu\\\/\",\"name\":\"Love Lashes - eyelashes extensions webshop\",\"description\":\"Materijal za ekstenzije trepavica\",\"publisher\":{\"@id\":\"https:\\\/\\\/love-lashes.eu\\\/#organization\"},\"alternateName\":\"Love Lashes - materijal za ekstenzije trepavica\",\"potentialAction\":[{\"@type\":\"SearchAction\",\"target\":{\"@type\":\"EntryPoint\",\"urlTemplate\":\"https:\\\/\\\/love-lashes.eu\\\/?s={search_term_string}\"},\"query-input\":{\"@type\":\"PropertyValueSpecification\",\"valueRequired\":true,\"valueName\":\"search_term_string\"}}],\"inLanguage\":\"sl-SI\"},{\"@type\":\"Organization\",\"@id\":\"https:\\\/\\\/love-lashes.eu\\\/#organization\",\"name\":\"Love Lashes - eyelashes extensions webshop\",\"url\":\"https:\\\/\\\/love-lashes.eu\\\/\",\"logo\":{\"@type\":\"ImageObject\",\"inLanguage\":\"sl-SI\",\"@id\":\"https:\\\/\\\/love-lashes.eu\\\/#\\\/schema\\\/logo\\\/image\\\/\",\"url\":\"https:\\\/\\\/love-lashes.eu\\\/wp-content\\\/uploads\\\/2024\\\/01\\\/LoveLashes_logo_bez_web.png\",\"contentUrl\":\"https:\\\/\\\/love-lashes.eu\\\/wp-content\\\/uploads\\\/2024\\\/01\\\/LoveLashes_logo_bez_web.png\",\"width\":1000,\"height\":135,\"caption\":\"Love Lashes - eyelashes extensions webshop\"},\"image\":{\"@id\":\"https:\\\/\\\/love-lashes.eu\\\/#\\\/schema\\\/logo\\\/image\\\/\"},\"sameAs\":[\"https:\\\/\\\/www.facebook.com\\\/lovelashesbyhanasimcic\",\"https:\\\/\\\/www.instagram.com\\\/hana.love.lashes\\\/\"]}]}<\/script>\n<!-- \/ Yoast SEO plugin. -->","yoast_head_json":{"title":"Andrea Stipi\u0107 - Love Lashes ambasadorka - Love Lashes - spletna trgovina za podalj\u0161evanje trepalnic","robots":{"index":"index","follow":"follow","max-snippet":"max-snippet:-1","max-image-preview":"max-image-preview:large","max-video-preview":"max-video-preview:-1"},"canonical":"https:\/\/love-lashes.eu\/sl\/veleposlaniki\/andrea-stipic\/","og_locale":"sl_SI","og_type":"article","og_title":"Andrea Stipi\u0107 - Love Lashes ambasador - Love Lashes - eyelashes extensions webshop","og_description":"Andrea Stipi\u0107 Instagram Tomislavgrad, BiH Svoj lash put zapo\u010dela sam 2022. godine, kao mali hobi uz fakultet. Vrlo brzo shvatila sam da je to puno vi\u0161e od hobija &#8211; to je ljubav prema detaljima i \u017eelja da uljep\u0161am svaku \u017eenu koja mi do\u0111e. Danas radim u svom salonu, gdje iz dana u dan u\u010dim, napredujem [&hellip;]","og_url":"https:\/\/love-lashes.eu\/sl\/veleposlaniki\/andrea-stipic\/","og_site_name":"Love Lashes - eyelashes extensions webshop","article_publisher":"https:\/\/www.facebook.com\/lovelashesbyhanasimcic","article_modified_time":"2025-11-18T10:19:10+00:00","og_image":[{"width":1920,"height":2560,"url":"https:\/\/love-lashes.eu\/wp-content\/uploads\/2025\/11\/Andrea-Stipic-Love-Lashes-ambasador-scaled.jpeg","type":"image\/jpeg"}],"twitter_card":"summary_large_image","twitter_misc":{"Est. reading time":"1 minuta"},"schema":{"@context":"https:\/\/schema.org","@graph":[{"@type":"WebPage","@id":"https:\/\/love-lashes.eu\/ambasadori\/andrea-stipic\/","url":"https:\/\/love-lashes.eu\/ambasadori\/andrea-stipic\/","name":"Andrea Stipi\u0107 - Love Lashes ambasadorka - Love Lashes - spletna trgovina za podalj\u0161evanje trepalnic","isPartOf":{"@id":"https:\/\/love-lashes.eu\/#website"},"primaryImageOfPage":{"@id":"https:\/\/love-lashes.eu\/ambasadori\/andrea-stipic\/#primaryimage"},"image":{"@id":"https:\/\/love-lashes.eu\/ambasadori\/andrea-stipic\/#primaryimage"},"thumbnailUrl":"https:\/\/love-lashes.eu\/wp-content\/uploads\/2025\/11\/Andrea-Stipic-Love-Lashes-ambasador-768x1024.jpeg","datePublished":"2025-11-18T10:07:06+00:00","dateModified":"2025-11-18T10:19:10+00:00","breadcrumb":{"@id":"https:\/\/love-lashes.eu\/ambasadori\/andrea-stipic\/#breadcrumb"},"inLanguage":"sl-SI","potentialAction":[{"@type":"ReadAction","target":["https:\/\/love-lashes.eu\/ambasadori\/andrea-stipic\/"]}]},{"@type":"ImageObject","inLanguage":"sl-SI","@id":"https:\/\/love-lashes.eu\/ambasadori\/andrea-stipic\/#primaryimage","url":"https:\/\/love-lashes.eu\/wp-content\/uploads\/2025\/11\/Andrea-Stipic-Love-Lashes-ambasador-768x1024.jpeg","contentUrl":"https:\/\/love-lashes.eu\/wp-content\/uploads\/2025\/11\/Andrea-Stipic-Love-Lashes-ambasador-768x1024.jpeg"},{"@type":"BreadcrumbList","@id":"https:\/\/love-lashes.eu\/ambasadori\/andrea-stipic\/#breadcrumb","itemListElement":[{"@type":"ListItem","position":1,"name":"Po\u010detna stranica","item":"https:\/\/love-lashes.eu\/"},{"@type":"ListItem","position":2,"name":"Love Lashes Ambasadori","item":"https:\/\/love-lashes.eu\/ambasadori\/"},{"@type":"ListItem","position":3,"name":"Andrea Stipi\u0107 &#8211; Love Lashes ambasador"}]},{"@type":"WebSite","@id":"https:\/\/love-lashes.eu\/#website","url":"https:\/\/love-lashes.eu\/","name":"Love Lashes - spletna trgovina za podalj\u0161ke trepalnic","description":"Material za podalj\u0161evanje trepalnic","publisher":{"@id":"https:\/\/love-lashes.eu\/#organization"},"alternateName":"Love Lashes - materijal za ekstenzije trepavica","potentialAction":[{"@type":"SearchAction","target":{"@type":"EntryPoint","urlTemplate":"https:\/\/love-lashes.eu\/?s={search_term_string}"},"query-input":{"@type":"PropertyValueSpecification","valueRequired":true,"valueName":"search_term_string"}}],"inLanguage":"sl-SI"},{"@type":"Organization","@id":"https:\/\/love-lashes.eu\/#organization","name":"Love Lashes - spletna trgovina za podalj\u0161ke trepalnic","url":"https:\/\/love-lashes.eu\/","logo":{"@type":"ImageObject","inLanguage":"sl-SI","@id":"https:\/\/love-lashes.eu\/#\/schema\/logo\/image\/","url":"https:\/\/love-lashes.eu\/wp-content\/uploads\/2024\/01\/LoveLashes_logo_bez_web.png","contentUrl":"https:\/\/love-lashes.eu\/wp-content\/uploads\/2024\/01\/LoveLashes_logo_bez_web.png","width":1000,"height":135,"caption":"Love Lashes - eyelashes extensions webshop"},"image":{"@id":"https:\/\/love-lashes.eu\/#\/schema\/logo\/image\/"},"sameAs":["https:\/\/www.facebook.com\/lovelashesbyhanasimcic","https:\/\/www.instagram.com\/hana.love.lashes\/"]}]}},"_links":{"self":[{"href":"https:\/\/love-lashes.eu\/sl\/wp-json\/wp\/v2\/pages\/2880","targetHints":{"allow":["GET"]}}],"collection":[{"href":"https:\/\/love-lashes.eu\/sl\/wp-json\/wp\/v2\/pages"}],"about":[{"href":"https:\/\/love-lashes.eu\/sl\/wp-json\/wp\/v2\/types\/page"}],"author":[{"embeddable":true,"href":"https:\/\/love-lashes.eu\/sl\/wp-json\/wp\/v2\/users\/1"}],"replies":[{"embeddable":true,"href":"https:\/\/love-lashes.eu\/sl\/wp-json\/wp\/v2\/comments?post=2880"}],"version-history":[{"count":0,"href":"https:\/\/love-lashes.eu\/sl\/wp-json\/wp\/v2\/pages\/2880\/revisions"}],"up":[{"embeddable":true,"href":"https:\/\/love-lashes.eu\/sl\/wp-json\/wp\/v2\/pages\/2692"}],"wp:attachment":[{"href":"https:\/\/love-lashes.eu\/sl\/wp-json\/wp\/v2\/media?parent=2880"}],"curies":[{"name":"delovni list","href":"https:\/\/api.w.org\/{rel}","templated":true}]}}