{"id":1050,"date":"2025-01-27T15:17:37","date_gmt":"2025-01-27T14:17:37","guid":{"rendered":"https:\/\/love-lashes.eu\/?post_type=product&#038;p=1050"},"modified":"2025-11-19T00:38:59","modified_gmt":"2025-11-18T23:38:59","slug":"posnetek-webinarja-kako-izgraditi-autentican-brand-lash-edukatora","status":"publish","type":"product","link":"https:\/\/love-lashes.eu\/sl\/product\/snimka-webinara-kako-izgraditi-autentican-brand-lash-edukatora\/","title":{"rendered":"Posnetek webinarja \u201cKako izgraditi autenti\u010dan brand lash edukatora\u201d"},"content":{"rendered":"","protected":false},"excerpt":{"rendered":"<p>TEME WEBINARJA:<\/p>\n<ul>\n<li><span class=\"OYPEnA font-feature-liga-off font-feature-clig-off font-feature-calt-off text-decoration-none text-strikethrough-none\">Kaj pomeni biti avtenti\u010dna?<\/span><\/li>\n<li><span class=\"OYPEnA font-feature-liga-off font-feature-clig-off font-feature-calt-off text-decoration-none text-strikethrough-none\">Kako prepoznati svojo cono genialnosti<\/span><\/li>\n<li><span class=\"OYPEnA font-feature-liga-off font-feature-clig-off font-feature-calt-off text-decoration-none text-strikethrough-none\">Kaj ti prinese tvoja avtenti\u010dnost<\/span><\/li>\n<li><span class=\"OYPEnA font-feature-liga-off font-feature-clig-off font-feature-calt-off text-decoration-none text-strikethrough-none\">Struktura tvojih izobra\u017eevanj<\/span><\/li>\n<li><span class=\"OYPEnA font-feature-liga-off font-feature-clig-off font-feature-calt-off text-decoration-none text-strikethrough-none\">Enostavni koraki za prijavo na izobra\u017eevanja<\/span><\/li>\n<li><span class=\"OYPEnA font-feature-liga-off font-feature-clig-off font-feature-calt-off text-decoration-none text-strikethrough-none\">Uporabni\u0161ka izku\u0161nja<\/span><\/li>\n<li><span class=\"OYPEnA font-feature-liga-off font-feature-clig-off font-feature-calt-off text-decoration-none text-strikethrough-none\">Za\u017eelene lastnosti edukatorja<\/span><\/li>\n<li><span class=\"OYPEnA font-feature-liga-off font-feature-clig-off font-feature-calt-off text-decoration-none text-strikethrough-none\">Najpogostej\u0161e napake na poti do izobra\u017eevanj<\/span><\/li>\n<li><span class=\"OYPEnA font-feature-liga-off font-feature-clig-off font-feature-calt-off text-decoration-none text-strikethrough-none\">Izhod iz cone udobja<\/span><\/li>\n<\/ul>\n<p>DRU\u017dBENA OMRE\u017dJA<\/p>\n<ul>\n<li><span class=\"OYPEnA font-feature-liga-off font-feature-clig-off font-feature-calt-off text-decoration-none text-strikethrough-none\">Instagram<\/span><\/li>\n<li><span class=\"OYPEnA font-feature-liga-off font-feature-clig-off font-feature-calt-off text-decoration-none text-strikethrough-none\">Objave in kako deliti svoje vrednote<\/span><\/li>\n<li><span class=\"OYPEnA font-feature-liga-off font-feature-clig-off font-feature-calt-off text-decoration-none text-strikethrough-none\">Ciljna skupina<\/span><\/li>\n<li><span class=\"OYPEnA font-feature-liga-off font-feature-clig-off font-feature-calt-off text-decoration-none text-strikethrough-none\">Formula za u\u010dinkovito komunikacijo<\/span><\/li>\n<\/ul>\n<p>Ob posnetku webinarja prejme\u0161 tudi prezentacijo in skripto webinarja.<\/p>","protected":false},"featured_media":1054,"comment_status":"open","ping_status":"closed","template":"","meta":[],"product_brand":[],"product_cat":[40],"product_tag":[41,47],"class_list":{"0":"post-1050","1":"product","2":"type-product","3":"status-publish","4":"has-post-thumbnail","6":"product_cat-edukacije","7":"product_tag-edukacija","8":"product_tag-webinar","10":"first","11":"instock","12":"downloadable","13":"virtual","14":"sold-individually","15":"taxable","16":"purchasable","17":"product-type-simple"},"yoast_head":"<!-- This site is optimized with the Yoast SEO plugin v27.5 - https:\/\/yoast.com\/product\/yoast-seo-wordpress\/ -->\n<title>Snimka webinara &quot;Kako izgraditi autenti\u010dan brand lash edukatora&quot; - Love Lashes - eyelashes extensions webshop<\/title>\n<meta name=\"robots\" content=\"index, follow, max-snippet:-1, max-image-preview:large, max-video-preview:-1\" \/>\n<link rel=\"canonical\" href=\"https:\/\/love-lashes.eu\/sl\/izdelek\/posnetek-webinarja-kako-izgraditi-autentican-brand-lash-edukatora\/\" \/>\n<meta property=\"og:locale\" content=\"sl_SI\" \/>\n<meta property=\"og:type\" content=\"article\" \/>\n<meta property=\"og:title\" content=\"Snimka webinara &quot;Kako izgraditi autenti\u010dan brand lash edukatora&quot; - Love Lashes - eyelashes extensions webshop\" \/>\n<meta property=\"og:description\" content=\"TEME WEBINARA:   \u0160to zna\u010di biti autenti\u010dna  Koja je tvoja zona genijalnosti  \u0160to ti donosi tvoja autenti\u010dnost  Struktura tvojih edukacija  Jednostavni koraci prijave na edukacije  Korisni\u010dko iskustvo  Po\u017eeljne osobine edukatora  Naj\u010de\u0161\u0107e pogre\u0161ke na putu prema edukacijama  Zona komfora  DRU\u0160TVENE MRE\u017dE   Instagram  Objave i kako dijeliti svoje vrijednosti  Ciljana skupina  Formula za komunikaciju  Uz snimku webinara dobijete prezentaciju i skriptu webinara.\" \/>\n<meta property=\"og:url\" content=\"https:\/\/love-lashes.eu\/sl\/izdelek\/posnetek-webinarja-kako-izgraditi-autentican-brand-lash-edukatora\/\" \/>\n<meta property=\"og:site_name\" content=\"Love Lashes - eyelashes extensions webshop\" \/>\n<meta property=\"article:publisher\" content=\"https:\/\/www.facebook.com\/lovelashesbyhanasimcic\" \/>\n<meta property=\"article:modified_time\" content=\"2025-11-18T23:38:59+00:00\" \/>\n<meta property=\"og:image\" content=\"https:\/\/love-lashes.eu\/wp-content\/uploads\/2025\/01\/Webinar-Kako-izgraditi-autentican-brend-lash-edukatora.png\" \/>\n\t<meta property=\"og:image:width\" content=\"600\" \/>\n\t<meta property=\"og:image:height\" content=\"600\" \/>\n\t<meta property=\"og:image:type\" content=\"image\/png\" \/>\n<meta name=\"twitter:card\" content=\"summary_large_image\" \/>\n<meta name=\"twitter:label1\" content=\"Est. reading time\" \/>\n\t<meta name=\"twitter:data1\" content=\"1 minuta\" \/>\n<script type=\"application\/ld+json\" class=\"yoast-schema-graph\">{\"@context\":\"https:\\\/\\\/schema.org\",\"@graph\":[{\"@type\":\"WebPage\",\"@id\":\"https:\\\/\\\/love-lashes.eu\\\/product\\\/snimka-webinara-kako-izgraditi-autentican-brand-lash-edukatora\\\/\",\"url\":\"https:\\\/\\\/love-lashes.eu\\\/product\\\/snimka-webinara-kako-izgraditi-autentican-brand-lash-edukatora\\\/\",\"name\":\"Snimka webinara \\\"Kako izgraditi autenti\u010dan brand lash edukatora\\\" - Love Lashes - eyelashes extensions webshop\",\"isPartOf\":{\"@id\":\"https:\\\/\\\/love-lashes.eu\\\/#website\"},\"primaryImageOfPage\":{\"@id\":\"https:\\\/\\\/love-lashes.eu\\\/product\\\/snimka-webinara-kako-izgraditi-autentican-brand-lash-edukatora\\\/#primaryimage\"},\"image\":{\"@id\":\"https:\\\/\\\/love-lashes.eu\\\/product\\\/snimka-webinara-kako-izgraditi-autentican-brand-lash-edukatora\\\/#primaryimage\"},\"thumbnailUrl\":\"https:\\\/\\\/love-lashes.eu\\\/wp-content\\\/uploads\\\/2025\\\/01\\\/Webinar-Kako-izgraditi-autentican-brend-lash-edukatora.png\",\"datePublished\":\"2025-01-27T14:17:37+00:00\",\"dateModified\":\"2025-11-18T23:38:59+00:00\",\"breadcrumb\":{\"@id\":\"https:\\\/\\\/love-lashes.eu\\\/product\\\/snimka-webinara-kako-izgraditi-autentican-brand-lash-edukatora\\\/#breadcrumb\"},\"inLanguage\":\"sl-SI\",\"potentialAction\":[{\"@type\":\"ReadAction\",\"target\":[\"https:\\\/\\\/love-lashes.eu\\\/product\\\/snimka-webinara-kako-izgraditi-autentican-brand-lash-edukatora\\\/\"]}]},{\"@type\":\"ImageObject\",\"inLanguage\":\"sl-SI\",\"@id\":\"https:\\\/\\\/love-lashes.eu\\\/product\\\/snimka-webinara-kako-izgraditi-autentican-brand-lash-edukatora\\\/#primaryimage\",\"url\":\"https:\\\/\\\/love-lashes.eu\\\/wp-content\\\/uploads\\\/2025\\\/01\\\/Webinar-Kako-izgraditi-autentican-brend-lash-edukatora.png\",\"contentUrl\":\"https:\\\/\\\/love-lashes.eu\\\/wp-content\\\/uploads\\\/2025\\\/01\\\/Webinar-Kako-izgraditi-autentican-brend-lash-edukatora.png\",\"width\":600,\"height\":600},{\"@type\":\"BreadcrumbList\",\"@id\":\"https:\\\/\\\/love-lashes.eu\\\/product\\\/snimka-webinara-kako-izgraditi-autentican-brand-lash-edukatora\\\/#breadcrumb\",\"itemListElement\":[{\"@type\":\"ListItem\",\"position\":1,\"name\":\"Po\u010detna stranica\",\"item\":\"https:\\\/\\\/love-lashes.eu\\\/\"},{\"@type\":\"ListItem\",\"position\":2,\"name\":\"Shop\",\"item\":\"https:\\\/\\\/love-lashes.eu\\\/shop\\\/\"},{\"@type\":\"ListItem\",\"position\":3,\"name\":\"Snimka webinara &#8220;Kako izgraditi autenti\u010dan brand lash edukatora&#8221;\"}]},{\"@type\":\"WebSite\",\"@id\":\"https:\\\/\\\/love-lashes.eu\\\/#website\",\"url\":\"https:\\\/\\\/love-lashes.eu\\\/\",\"name\":\"Love Lashes - eyelashes extensions webshop\",\"description\":\"Materijal za ekstenzije trepavica\",\"publisher\":{\"@id\":\"https:\\\/\\\/love-lashes.eu\\\/#organization\"},\"alternateName\":\"Love Lashes - materijal za ekstenzije trepavica\",\"potentialAction\":[{\"@type\":\"SearchAction\",\"target\":{\"@type\":\"EntryPoint\",\"urlTemplate\":\"https:\\\/\\\/love-lashes.eu\\\/?s={search_term_string}\"},\"query-input\":{\"@type\":\"PropertyValueSpecification\",\"valueRequired\":true,\"valueName\":\"search_term_string\"}}],\"inLanguage\":\"sl-SI\"},{\"@type\":\"Organization\",\"@id\":\"https:\\\/\\\/love-lashes.eu\\\/#organization\",\"name\":\"Love Lashes - eyelashes extensions webshop\",\"url\":\"https:\\\/\\\/love-lashes.eu\\\/\",\"logo\":{\"@type\":\"ImageObject\",\"inLanguage\":\"sl-SI\",\"@id\":\"https:\\\/\\\/love-lashes.eu\\\/#\\\/schema\\\/logo\\\/image\\\/\",\"url\":\"https:\\\/\\\/love-lashes.eu\\\/wp-content\\\/uploads\\\/2024\\\/01\\\/LoveLashes_logo_bez_web.png\",\"contentUrl\":\"https:\\\/\\\/love-lashes.eu\\\/wp-content\\\/uploads\\\/2024\\\/01\\\/LoveLashes_logo_bez_web.png\",\"width\":1000,\"height\":135,\"caption\":\"Love Lashes - eyelashes extensions webshop\"},\"image\":{\"@id\":\"https:\\\/\\\/love-lashes.eu\\\/#\\\/schema\\\/logo\\\/image\\\/\"},\"sameAs\":[\"https:\\\/\\\/www.facebook.com\\\/lovelashesbyhanasimcic\",\"https:\\\/\\\/www.instagram.com\\\/hana.love.lashes\\\/\"]}]}<\/script>\n<!-- \/ Yoast SEO plugin. -->","yoast_head_json":{"title":"Posnetek webinarja \"Kako izgraditi autenti\u010dan brand lash edukatora\" - Love Lashes - spletna trgovina s podalj\u0161evanjem trepalnic","robots":{"index":"index","follow":"follow","max-snippet":"max-snippet:-1","max-image-preview":"max-image-preview:large","max-video-preview":"max-video-preview:-1"},"canonical":"https:\/\/love-lashes.eu\/sl\/izdelek\/posnetek-webinarja-kako-izgraditi-autentican-brand-lash-edukatora\/","og_locale":"sl_SI","og_type":"article","og_title":"Snimka webinara \"Kako izgraditi autenti\u010dan brand lash edukatora\" - Love Lashes - eyelashes extensions webshop","og_description":"TEME WEBINARA:   \u0160to zna\u010di biti autenti\u010dna  Koja je tvoja zona genijalnosti  \u0160to ti donosi tvoja autenti\u010dnost  Struktura tvojih edukacija  Jednostavni koraci prijave na edukacije  Korisni\u010dko iskustvo  Po\u017eeljne osobine edukatora  Naj\u010de\u0161\u0107e pogre\u0161ke na putu prema edukacijama  Zona komfora  DRU\u0160TVENE MRE\u017dE   Instagram  Objave i kako dijeliti svoje vrijednosti  Ciljana skupina  Formula za komunikaciju  Uz snimku webinara dobijete prezentaciju i skriptu webinara.","og_url":"https:\/\/love-lashes.eu\/sl\/izdelek\/posnetek-webinarja-kako-izgraditi-autentican-brand-lash-edukatora\/","og_site_name":"Love Lashes - eyelashes extensions webshop","article_publisher":"https:\/\/www.facebook.com\/lovelashesbyhanasimcic","article_modified_time":"2025-11-18T23:38:59+00:00","og_image":[{"width":600,"height":600,"url":"https:\/\/love-lashes.eu\/wp-content\/uploads\/2025\/01\/Webinar-Kako-izgraditi-autentican-brend-lash-edukatora.png","type":"image\/png"}],"twitter_card":"summary_large_image","twitter_misc":{"Est. reading time":"1 minuta"},"schema":{"@context":"https:\/\/schema.org","@graph":[{"@type":"WebPage","@id":"https:\/\/love-lashes.eu\/product\/snimka-webinara-kako-izgraditi-autentican-brand-lash-edukatora\/","url":"https:\/\/love-lashes.eu\/product\/snimka-webinara-kako-izgraditi-autentican-brand-lash-edukatora\/","name":"Posnetek webinarja \"Kako izgraditi autenti\u010dan brand lash edukatora\" - Love Lashes - spletna trgovina s podalj\u0161evanjem trepalnic","isPartOf":{"@id":"https:\/\/love-lashes.eu\/#website"},"primaryImageOfPage":{"@id":"https:\/\/love-lashes.eu\/product\/snimka-webinara-kako-izgraditi-autentican-brand-lash-edukatora\/#primaryimage"},"image":{"@id":"https:\/\/love-lashes.eu\/product\/snimka-webinara-kako-izgraditi-autentican-brand-lash-edukatora\/#primaryimage"},"thumbnailUrl":"https:\/\/love-lashes.eu\/wp-content\/uploads\/2025\/01\/Webinar-Kako-izgraditi-autentican-brend-lash-edukatora.png","datePublished":"2025-01-27T14:17:37+00:00","dateModified":"2025-11-18T23:38:59+00:00","breadcrumb":{"@id":"https:\/\/love-lashes.eu\/product\/snimka-webinara-kako-izgraditi-autentican-brand-lash-edukatora\/#breadcrumb"},"inLanguage":"sl-SI","potentialAction":[{"@type":"ReadAction","target":["https:\/\/love-lashes.eu\/product\/snimka-webinara-kako-izgraditi-autentican-brand-lash-edukatora\/"]}]},{"@type":"ImageObject","inLanguage":"sl-SI","@id":"https:\/\/love-lashes.eu\/product\/snimka-webinara-kako-izgraditi-autentican-brand-lash-edukatora\/#primaryimage","url":"https:\/\/love-lashes.eu\/wp-content\/uploads\/2025\/01\/Webinar-Kako-izgraditi-autentican-brend-lash-edukatora.png","contentUrl":"https:\/\/love-lashes.eu\/wp-content\/uploads\/2025\/01\/Webinar-Kako-izgraditi-autentican-brend-lash-edukatora.png","width":600,"height":600},{"@type":"BreadcrumbList","@id":"https:\/\/love-lashes.eu\/product\/snimka-webinara-kako-izgraditi-autentican-brand-lash-edukatora\/#breadcrumb","itemListElement":[{"@type":"ListItem","position":1,"name":"Po\u010detna stranica","item":"https:\/\/love-lashes.eu\/"},{"@type":"ListItem","position":2,"name":"Shop","item":"https:\/\/love-lashes.eu\/shop\/"},{"@type":"ListItem","position":3,"name":"Snimka webinara &#8220;Kako izgraditi autenti\u010dan brand lash edukatora&#8221;"}]},{"@type":"WebSite","@id":"https:\/\/love-lashes.eu\/#website","url":"https:\/\/love-lashes.eu\/","name":"Love Lashes - spletna trgovina za podalj\u0161ke trepalnic","description":"Material za podalj\u0161evanje trepalnic","publisher":{"@id":"https:\/\/love-lashes.eu\/#organization"},"alternateName":"Love Lashes - materijal za ekstenzije trepavica","potentialAction":[{"@type":"SearchAction","target":{"@type":"EntryPoint","urlTemplate":"https:\/\/love-lashes.eu\/?s={search_term_string}"},"query-input":{"@type":"PropertyValueSpecification","valueRequired":true,"valueName":"search_term_string"}}],"inLanguage":"sl-SI"},{"@type":"Organization","@id":"https:\/\/love-lashes.eu\/#organization","name":"Love Lashes - spletna trgovina za podalj\u0161ke trepalnic","url":"https:\/\/love-lashes.eu\/","logo":{"@type":"ImageObject","inLanguage":"sl-SI","@id":"https:\/\/love-lashes.eu\/#\/schema\/logo\/image\/","url":"https:\/\/love-lashes.eu\/wp-content\/uploads\/2024\/01\/LoveLashes_logo_bez_web.png","contentUrl":"https:\/\/love-lashes.eu\/wp-content\/uploads\/2024\/01\/LoveLashes_logo_bez_web.png","width":1000,"height":135,"caption":"Love Lashes - eyelashes extensions webshop"},"image":{"@id":"https:\/\/love-lashes.eu\/#\/schema\/logo\/image\/"},"sameAs":["https:\/\/www.facebook.com\/lovelashesbyhanasimcic","https:\/\/www.instagram.com\/hana.love.lashes\/"]}]}},"_links":{"self":[{"href":"https:\/\/love-lashes.eu\/sl\/wp-json\/wp\/v2\/product\/1050","targetHints":{"allow":["GET"]}}],"collection":[{"href":"https:\/\/love-lashes.eu\/sl\/wp-json\/wp\/v2\/product"}],"about":[{"href":"https:\/\/love-lashes.eu\/sl\/wp-json\/wp\/v2\/types\/product"}],"replies":[{"embeddable":true,"href":"https:\/\/love-lashes.eu\/sl\/wp-json\/wp\/v2\/comments?post=1050"}],"wp:featuredmedia":[{"embeddable":true,"href":"https:\/\/love-lashes.eu\/sl\/wp-json\/wp\/v2\/media\/1054"}],"wp:attachment":[{"href":"https:\/\/love-lashes.eu\/sl\/wp-json\/wp\/v2\/media?parent=1050"}],"wp:term":[{"taxonomy":"product_brand","embeddable":true,"href":"https:\/\/love-lashes.eu\/sl\/wp-json\/wp\/v2\/product_brand?post=1050"},{"taxonomy":"product_cat","embeddable":true,"href":"https:\/\/love-lashes.eu\/sl\/wp-json\/wp\/v2\/product_cat?post=1050"},{"taxonomy":"product_tag","embeddable":true,"href":"https:\/\/love-lashes.eu\/sl\/wp-json\/wp\/v2\/product_tag?post=1050"}],"curies":[{"name":"delovni list","href":"https:\/\/api.w.org\/{rel}","templated":true}]}}