{"id":3525,"date":"2026-05-06T16:19:31","date_gmt":"2026-05-06T15:19:31","guid":{"rendered":"https:\/\/love-lashes.eu\/?post_type=product&#038;p=3525"},"modified":"2026-05-06T16:43:41","modified_gmt":"2026-05-06T15:43:41","slug":"lash-artist-academy-placanje-na-rate","status":"publish","type":"product","link":"https:\/\/love-lashes.eu\/sl\/product\/lash-artist-academy-placanje-na-rate\/","title":{"rendered":"Lash Artist Academy &#8211; Pla\u0107anje na rate"},"content":{"rendered":"<p>Pla\u0107anje je mogu\u0107e na pet rata. Pla\u0107anjem prve rate kupac prihva\u0107a ponudu i smatra se da je time sklopljen ugovor izme\u0111u kupca i pru\u017eatelja usluge. Kupac se obvezuje podmiriti ukupni iznos od 1000 eura u pet jednakih rata u iznosu od 200 eura.<\/p>\n<p>Svaka sljede\u0107a rata se pla\u0107a najkasnije 30 dana nakon uplate prethodne rate.<\/p>\n<p><span style=\"font-family: -apple-system, BlinkMacSystemFont, 'Segoe UI', Roboto, 'Helvetica Neue', Arial, 'Noto Sans', sans-serif, 'Apple Color Emoji', 'Segoe UI Emoji', 'Segoe UI Symbol', 'Noto Color Emoji';\">Pristup edukaciji omogu\u0107uje se nakon uplate prve rate. Kupac se obvezuje izvr\u0161iti uplatu preostalih \u010detiri rate prema dogovorenim rokovima.<\/span><\/p>\n<p>V primeru neizpolnitve pogodbenih obveznosti si ponudnik storitev pridr\u017euje pravico, da preostali znesek zara\u010duna v celoti.<\/p>","protected":false},"excerpt":{"rendered":"<p><a href=\"https:\/\/love-lashes.eu\/sl\/lash-artist-academy\/\">Lash Artist Academy<\/a><\/p>","protected":false},"featured_media":3526,"comment_status":"open","ping_status":"closed","template":"","meta":[],"product_brand":[],"product_cat":[40],"product_tag":[41,42],"class_list":{"0":"post-3525","1":"product","2":"type-product","3":"status-publish","4":"has-post-thumbnail","6":"product_cat-edukacije","7":"product_tag-edukacija","8":"product_tag-mentorski","10":"first","11":"instock","12":"virtual","13":"taxable","14":"purchasable","15":"product-type-simple"},"yoast_head":"<!-- This site is optimized with the Yoast SEO plugin v27.5 - https:\/\/yoast.com\/product\/yoast-seo-wordpress\/ -->\n<title>Lash Artist Academy - Pla\u0107anje na rate - Love Lashes - eyelashes extensions webshop<\/title>\n<meta name=\"robots\" content=\"noindex, nofollow\" \/>\n<meta property=\"og:locale\" content=\"sl_SI\" \/>\n<meta property=\"og:type\" content=\"article\" \/>\n<meta property=\"og:title\" content=\"Lash Artist Academy - Pla\u0107anje na rate - Love Lashes - eyelashes extensions webshop\" \/>\n<meta property=\"og:description\" content=\"Lash Artist Academy\" \/>\n<meta property=\"og:url\" content=\"https:\/\/love-lashes.eu\/sl\/izdelek\/lash-artist-academy-placanje-na-rate\/\" \/>\n<meta property=\"og:site_name\" content=\"Love Lashes - eyelashes extensions webshop\" \/>\n<meta property=\"article:publisher\" content=\"https:\/\/www.facebook.com\/lovelashesbyhanasimcic\" \/>\n<meta property=\"article:modified_time\" content=\"2026-05-06T15:43:41+00:00\" \/>\n<meta property=\"og:image\" content=\"https:\/\/love-lashes.eu\/wp-content\/uploads\/2026\/05\/Lash-Artist-Academy.jpeg\" \/>\n\t<meta property=\"og:image:width\" content=\"1536\" \/>\n\t<meta property=\"og:image:height\" content=\"2048\" \/>\n\t<meta property=\"og:image:type\" content=\"image\/jpeg\" \/>\n<meta name=\"twitter:card\" content=\"summary_large_image\" \/>\n<meta name=\"twitter:label1\" content=\"Est. reading time\" \/>\n\t<meta name=\"twitter:data1\" content=\"1 minuta\" \/>\n<script type=\"application\/ld+json\" class=\"yoast-schema-graph\">{\"@context\":\"https:\\\/\\\/schema.org\",\"@graph\":[{\"@type\":\"WebPage\",\"@id\":\"https:\\\/\\\/love-lashes.eu\\\/product\\\/lash-artist-academy-placanje-na-rate\\\/\",\"url\":\"https:\\\/\\\/love-lashes.eu\\\/product\\\/lash-artist-academy-placanje-na-rate\\\/\",\"name\":\"Lash Artist Academy - Pla\u0107anje na rate - Love Lashes - eyelashes extensions webshop\",\"isPartOf\":{\"@id\":\"https:\\\/\\\/love-lashes.eu\\\/#website\"},\"primaryImageOfPage\":{\"@id\":\"https:\\\/\\\/love-lashes.eu\\\/product\\\/lash-artist-academy-placanje-na-rate\\\/#primaryimage\"},\"image\":{\"@id\":\"https:\\\/\\\/love-lashes.eu\\\/product\\\/lash-artist-academy-placanje-na-rate\\\/#primaryimage\"},\"thumbnailUrl\":\"https:\\\/\\\/love-lashes.eu\\\/wp-content\\\/uploads\\\/2026\\\/05\\\/Lash-Artist-Academy.jpeg\",\"datePublished\":\"2026-05-06T15:19:31+00:00\",\"dateModified\":\"2026-05-06T15:43:41+00:00\",\"breadcrumb\":{\"@id\":\"https:\\\/\\\/love-lashes.eu\\\/product\\\/lash-artist-academy-placanje-na-rate\\\/#breadcrumb\"},\"inLanguage\":\"sl-SI\",\"potentialAction\":[{\"@type\":\"ReadAction\",\"target\":[\"https:\\\/\\\/love-lashes.eu\\\/product\\\/lash-artist-academy-placanje-na-rate\\\/\"]}]},{\"@type\":\"ImageObject\",\"inLanguage\":\"sl-SI\",\"@id\":\"https:\\\/\\\/love-lashes.eu\\\/product\\\/lash-artist-academy-placanje-na-rate\\\/#primaryimage\",\"url\":\"https:\\\/\\\/love-lashes.eu\\\/wp-content\\\/uploads\\\/2026\\\/05\\\/Lash-Artist-Academy.jpeg\",\"contentUrl\":\"https:\\\/\\\/love-lashes.eu\\\/wp-content\\\/uploads\\\/2026\\\/05\\\/Lash-Artist-Academy.jpeg\",\"width\":1536,\"height\":2048},{\"@type\":\"BreadcrumbList\",\"@id\":\"https:\\\/\\\/love-lashes.eu\\\/product\\\/lash-artist-academy-placanje-na-rate\\\/#breadcrumb\",\"itemListElement\":[{\"@type\":\"ListItem\",\"position\":1,\"name\":\"Po\u010detna stranica\",\"item\":\"https:\\\/\\\/love-lashes.eu\\\/\"},{\"@type\":\"ListItem\",\"position\":2,\"name\":\"Shop\",\"item\":\"https:\\\/\\\/love-lashes.eu\\\/shop\\\/\"},{\"@type\":\"ListItem\",\"position\":3,\"name\":\"Lash Artist Academy &#8211; Pla\u0107anje na rate\"}]},{\"@type\":\"WebSite\",\"@id\":\"https:\\\/\\\/love-lashes.eu\\\/#website\",\"url\":\"https:\\\/\\\/love-lashes.eu\\\/\",\"name\":\"Love Lashes - eyelashes extensions webshop\",\"description\":\"Materijal za ekstenzije trepavica\",\"publisher\":{\"@id\":\"https:\\\/\\\/love-lashes.eu\\\/#organization\"},\"alternateName\":\"Love Lashes - materijal za ekstenzije trepavica\",\"potentialAction\":[{\"@type\":\"SearchAction\",\"target\":{\"@type\":\"EntryPoint\",\"urlTemplate\":\"https:\\\/\\\/love-lashes.eu\\\/?s={search_term_string}\"},\"query-input\":{\"@type\":\"PropertyValueSpecification\",\"valueRequired\":true,\"valueName\":\"search_term_string\"}}],\"inLanguage\":\"sl-SI\"},{\"@type\":\"Organization\",\"@id\":\"https:\\\/\\\/love-lashes.eu\\\/#organization\",\"name\":\"Love Lashes - eyelashes extensions webshop\",\"url\":\"https:\\\/\\\/love-lashes.eu\\\/\",\"logo\":{\"@type\":\"ImageObject\",\"inLanguage\":\"sl-SI\",\"@id\":\"https:\\\/\\\/love-lashes.eu\\\/#\\\/schema\\\/logo\\\/image\\\/\",\"url\":\"https:\\\/\\\/love-lashes.eu\\\/wp-content\\\/uploads\\\/2024\\\/01\\\/LoveLashes_logo_bez_web.png\",\"contentUrl\":\"https:\\\/\\\/love-lashes.eu\\\/wp-content\\\/uploads\\\/2024\\\/01\\\/LoveLashes_logo_bez_web.png\",\"width\":1000,\"height\":135,\"caption\":\"Love Lashes - eyelashes extensions webshop\"},\"image\":{\"@id\":\"https:\\\/\\\/love-lashes.eu\\\/#\\\/schema\\\/logo\\\/image\\\/\"},\"sameAs\":[\"https:\\\/\\\/www.facebook.com\\\/lovelashesbyhanasimcic\",\"https:\\\/\\\/www.instagram.com\\\/hana.love.lashes\\\/\"]}]}<\/script>\n<!-- \/ Yoast SEO plugin. -->","yoast_head_json":{"title":"Lash Artist Academy - Pla\u0107anje na rate - Love Lashes - eyelashes extensions webshop","robots":{"index":"noindex","follow":"nofollow"},"og_locale":"sl_SI","og_type":"article","og_title":"Lash Artist Academy - Pla\u0107anje na rate - Love Lashes - eyelashes extensions webshop","og_description":"Lash Artist Academy","og_url":"https:\/\/love-lashes.eu\/sl\/izdelek\/lash-artist-academy-placanje-na-rate\/","og_site_name":"Love Lashes - eyelashes extensions webshop","article_publisher":"https:\/\/www.facebook.com\/lovelashesbyhanasimcic","article_modified_time":"2026-05-06T15:43:41+00:00","og_image":[{"width":1536,"height":2048,"url":"https:\/\/love-lashes.eu\/wp-content\/uploads\/2026\/05\/Lash-Artist-Academy.jpeg","type":"image\/jpeg"}],"twitter_card":"summary_large_image","twitter_misc":{"Est. reading time":"1 minuta"},"schema":{"@context":"https:\/\/schema.org","@graph":[{"@type":"WebPage","@id":"https:\/\/love-lashes.eu\/product\/lash-artist-academy-placanje-na-rate\/","url":"https:\/\/love-lashes.eu\/product\/lash-artist-academy-placanje-na-rate\/","name":"Lash Artist Academy - Pla\u0107anje na rate - Love Lashes - eyelashes extensions webshop","isPartOf":{"@id":"https:\/\/love-lashes.eu\/#website"},"primaryImageOfPage":{"@id":"https:\/\/love-lashes.eu\/product\/lash-artist-academy-placanje-na-rate\/#primaryimage"},"image":{"@id":"https:\/\/love-lashes.eu\/product\/lash-artist-academy-placanje-na-rate\/#primaryimage"},"thumbnailUrl":"https:\/\/love-lashes.eu\/wp-content\/uploads\/2026\/05\/Lash-Artist-Academy.jpeg","datePublished":"2026-05-06T15:19:31+00:00","dateModified":"2026-05-06T15:43:41+00:00","breadcrumb":{"@id":"https:\/\/love-lashes.eu\/product\/lash-artist-academy-placanje-na-rate\/#breadcrumb"},"inLanguage":"sl-SI","potentialAction":[{"@type":"ReadAction","target":["https:\/\/love-lashes.eu\/product\/lash-artist-academy-placanje-na-rate\/"]}]},{"@type":"ImageObject","inLanguage":"sl-SI","@id":"https:\/\/love-lashes.eu\/product\/lash-artist-academy-placanje-na-rate\/#primaryimage","url":"https:\/\/love-lashes.eu\/wp-content\/uploads\/2026\/05\/Lash-Artist-Academy.jpeg","contentUrl":"https:\/\/love-lashes.eu\/wp-content\/uploads\/2026\/05\/Lash-Artist-Academy.jpeg","width":1536,"height":2048},{"@type":"BreadcrumbList","@id":"https:\/\/love-lashes.eu\/product\/lash-artist-academy-placanje-na-rate\/#breadcrumb","itemListElement":[{"@type":"ListItem","position":1,"name":"Po\u010detna stranica","item":"https:\/\/love-lashes.eu\/"},{"@type":"ListItem","position":2,"name":"Shop","item":"https:\/\/love-lashes.eu\/shop\/"},{"@type":"ListItem","position":3,"name":"Lash Artist Academy &#8211; Pla\u0107anje na rate"}]},{"@type":"WebSite","@id":"https:\/\/love-lashes.eu\/#website","url":"https:\/\/love-lashes.eu\/","name":"Love Lashes - spletna trgovina za podalj\u0161ke trepalnic","description":"Material za podalj\u0161evanje trepalnic","publisher":{"@id":"https:\/\/love-lashes.eu\/#organization"},"alternateName":"Love Lashes - materijal za ekstenzije trepavica","potentialAction":[{"@type":"SearchAction","target":{"@type":"EntryPoint","urlTemplate":"https:\/\/love-lashes.eu\/?s={search_term_string}"},"query-input":{"@type":"PropertyValueSpecification","valueRequired":true,"valueName":"search_term_string"}}],"inLanguage":"sl-SI"},{"@type":"Organization","@id":"https:\/\/love-lashes.eu\/#organization","name":"Love Lashes - spletna trgovina za podalj\u0161ke trepalnic","url":"https:\/\/love-lashes.eu\/","logo":{"@type":"ImageObject","inLanguage":"sl-SI","@id":"https:\/\/love-lashes.eu\/#\/schema\/logo\/image\/","url":"https:\/\/love-lashes.eu\/wp-content\/uploads\/2024\/01\/LoveLashes_logo_bez_web.png","contentUrl":"https:\/\/love-lashes.eu\/wp-content\/uploads\/2024\/01\/LoveLashes_logo_bez_web.png","width":1000,"height":135,"caption":"Love Lashes - eyelashes extensions webshop"},"image":{"@id":"https:\/\/love-lashes.eu\/#\/schema\/logo\/image\/"},"sameAs":["https:\/\/www.facebook.com\/lovelashesbyhanasimcic","https:\/\/www.instagram.com\/hana.love.lashes\/"]}]}},"_links":{"self":[{"href":"https:\/\/love-lashes.eu\/sl\/wp-json\/wp\/v2\/product\/3525","targetHints":{"allow":["GET"]}}],"collection":[{"href":"https:\/\/love-lashes.eu\/sl\/wp-json\/wp\/v2\/product"}],"about":[{"href":"https:\/\/love-lashes.eu\/sl\/wp-json\/wp\/v2\/types\/product"}],"replies":[{"embeddable":true,"href":"https:\/\/love-lashes.eu\/sl\/wp-json\/wp\/v2\/comments?post=3525"}],"wp:featuredmedia":[{"embeddable":true,"href":"https:\/\/love-lashes.eu\/sl\/wp-json\/wp\/v2\/media\/3526"}],"wp:attachment":[{"href":"https:\/\/love-lashes.eu\/sl\/wp-json\/wp\/v2\/media?parent=3525"}],"wp:term":[{"taxonomy":"product_brand","embeddable":true,"href":"https:\/\/love-lashes.eu\/sl\/wp-json\/wp\/v2\/product_brand?post=3525"},{"taxonomy":"product_cat","embeddable":true,"href":"https:\/\/love-lashes.eu\/sl\/wp-json\/wp\/v2\/product_cat?post=3525"},{"taxonomy":"product_tag","embeddable":true,"href":"https:\/\/love-lashes.eu\/sl\/wp-json\/wp\/v2\/product_tag?post=3525"}],"curies":[{"name":"delovni list","href":"https:\/\/api.w.org\/{rel}","templated":true}]}}